{"id":18633,"date":"2015-08-25T09:51:11","date_gmt":"2015-08-25T08:51:11","guid":{"rendered":"http:\/\/staging.24sete.pt\/en\/?page_id=18633"},"modified":"2015-08-28T16:23:32","modified_gmt":"2015-08-28T16:23:32","slug":"newsletter","status":"publish","type":"page","link":"https:\/\/24sete.pt\/en\/newsletter\/","title":{"rendered":"Newsletter"},"content":{"rendered":"<p>[vc_row row_type=&#8221;row&#8221; use_row_as_full_screen_section=&#8221;no&#8221; type=&#8221;full_width&#8221; parallax_content_width=&#8221;in_grid&#8221; angled_section=&#8221;no&#8221; angled_section_position=&#8221;both&#8221; angled_section_direction=&#8221;from_left_to_right&#8221; text_align=&#8221;left&#8221; background_image_as_pattern=&#8221;without_pattern&#8221; row_negative_margin=&#8221;&#8221; padding_top=&#8221;50&#8243; padding_bottom=&#8221;50&#8243;][vc_column width=&#8221;1\/1&#8243;][vc_row_inner row_type=&#8221;row&#8221; use_as_box=&#8221;&#8221; type=&#8221;full_width&#8221; anchor=&#8221;&#8221; text_align=&#8221;left&#8221; background_color=&#8221;&#8221; background_image=&#8221;&#8221; section_height=&#8221;&#8221; border_color=&#8221;&#8221; row_negative_margin=&#8221;&#8221; side_padding=&#8221;&#8221; padding_top=&#8221;&#8221; padding_bottom=&#8221;&#8221; more_button_label=&#8221;&#8221; less_button_label=&#8221;&#8221; button_position=&#8221;&#8221; color=&#8221;&#8221; css_animation=&#8221;&#8221; transition_delay=&#8221;&#8221;][vc_column_inner el_class=&#8221;&#8221; width=&#8221;1\/1&#8243;][vc_column_text]<\/p>\n<p>O seu email foi adicionado com sucesso.<\/p>\r\n<p>Prometemos manter os seus dados seguros.<\/p>\r\n<p>------------------------------------------------------------<\/p>\r\n<p>Your subscription has been confirmed! Thank you!<\/p>\r\n<p>Your data will be secured.<\/p>\r\n<p>------------------------------------------------------------<\/p>\r\n<p>Votre abonnement a \u00e9t\u00e9 confirm\u00e9e! Merci!<\/p>\r\n<p>Nous nous engageons \u00e0 maintenir vos donn\u00e9es prot\u00e9g\u00e9es.<\/p>\n<p>[\/vc_column_text][vc_column_text]<\/p>\n<p>Your data will be secured.<\/p>\n<p>[\/vc_column_text][\/vc_column_inner][\/vc_row_inner][\/vc_column][\/vc_row]<\/p>\n","protected":false},"excerpt":{"rendered":"<p>[vc_row row_type=&#8221;row&#8221; use_row_as_full_screen_section=&#8221;no&#8221; type=&#8221;full_width&#8221; parallax_content_width=&#8221;in_grid&#8221; angled_section=&#8221;no&#8221; angled_section_position=&#8221;both&#8221; angled_section_direction=&#8221;from_left_to_right&#8221; text_align=&#8221;left&#8221; background_image_as_pattern=&#8221;without_pattern&#8221; row_negative_margin=&#8221;&#8221; padding_top=&#8221;50&#8243; padding_bottom=&#8221;50&#8243;][vc_column width=&#8221;1\/1&#8243;][vc_row_inner row_type=&#8221;row&#8221; use_as_box=&#8221;&#8221; type=&#8221;full_width&#8221; anchor=&#8221;&#8221; text_align=&#8221;left&#8221; background_color=&#8221;&#8221; background_image=&#8221;&#8221; section_height=&#8221;&#8221; border_color=&#8221;&#8221; row_negative_margin=&#8221;&#8221; side_padding=&#8221;&#8221; padding_top=&#8221;&#8221; padding_bottom=&#8221;&#8221; more_button_label=&#8221;&#8221; less_button_label=&#8221;&#8221; button_position=&#8221;&#8221; color=&#8221;&#8221; css_animation=&#8221;&#8221; transition_delay=&#8221;&#8221;][vc_column_inner el_class=&#8221;&#8221; width=&#8221;1\/1&#8243;][vc_column_text] [\/vc_column_text][vc_column_text] Your data will be secured. [\/vc_column_text][\/vc_column_inner][\/vc_row_inner][\/vc_column][\/vc_row]<\/p>\n","protected":false},"author":8,"featured_media":0,"parent":0,"menu_order":0,"comment_status":"open","ping_status":"open","template":"","meta":{"footnotes":""},"class_list":["post-18633","page","type-page","status-publish","hentry"],"yoast_head":"<!-- This site is optimized with the Yoast SEO plugin v25.6 - https:\/\/yoast.com\/wordpress\/plugins\/seo\/ -->\n<title>Newsletter - 24sete<\/title>\n<meta name=\"robots\" content=\"index, follow, max-snippet:-1, max-image-preview:large, max-video-preview:-1\" \/>\n<link rel=\"canonical\" href=\"https:\/\/24sete.pt\/newsletter\/\" \/>\n<meta property=\"og:locale\" content=\"en_US\" \/>\n<meta property=\"og:type\" content=\"article\" \/>\n<meta property=\"og:title\" content=\"Newsletter - 24sete\" \/>\n<meta property=\"og:description\" content=\"[vc_row row_type=&#8221;row&#8221; use_row_as_full_screen_section=&#8221;no&#8221; type=&#8221;full_width&#8221; parallax_content_width=&#8221;in_grid&#8221; angled_section=&#8221;no&#8221; angled_section_position=&#8221;both&#8221; angled_section_direction=&#8221;from_left_to_right&#8221; text_align=&#8221;left&#8221; background_image_as_pattern=&#8221;without_pattern&#8221; row_negative_margin=&#8221;&#8221; padding_top=&#8221;50&#8243; padding_bottom=&#8221;50&#8243;][vc_column width=&#8221;1\/1&#8243;][vc_row_inner row_type=&#8221;row&#8221; use_as_box=&#8221;&#8221; type=&#8221;full_width&#8221; anchor=&#8221;&#8221; text_align=&#8221;left&#8221; background_color=&#8221;&#8221; background_image=&#8221;&#8221; section_height=&#8221;&#8221; border_color=&#8221;&#8221; row_negative_margin=&#8221;&#8221; side_padding=&#8221;&#8221; padding_top=&#8221;&#8221; padding_bottom=&#8221;&#8221; more_button_label=&#8221;&#8221; less_button_label=&#8221;&#8221; button_position=&#8221;&#8221; color=&#8221;&#8221; css_animation=&#8221;&#8221; transition_delay=&#8221;&#8221;][vc_column_inner el_class=&#8221;&#8221; width=&#8221;1\/1&#8243;][vc_column_text] [\/vc_column_text][vc_column_text] Your data will be secured. [\/vc_column_text][\/vc_column_inner][\/vc_row_inner][\/vc_column][\/vc_row]\" \/>\n<meta property=\"og:url\" content=\"https:\/\/24sete.pt\/newsletter\/\" \/>\n<meta property=\"og:site_name\" content=\"24sete\" \/>\n<meta property=\"article:modified_time\" content=\"2015-08-28T16:23:32+00:00\" \/>\n<meta name=\"twitter:card\" content=\"summary_large_image\" \/>\n<meta name=\"twitter:label1\" content=\"Est. reading time\" \/>\n\t<meta name=\"twitter:data1\" content=\"1 minute\" \/>\n<script type=\"application\/ld+json\" class=\"yoast-schema-graph\">{\"@context\":\"https:\/\/schema.org\",\"@graph\":[{\"@type\":\"WebPage\",\"@id\":\"https:\/\/24sete.pt\/newsletter\/\",\"url\":\"https:\/\/24sete.pt\/newsletter\/\",\"name\":\"Newsletter - 24sete\",\"isPartOf\":{\"@id\":\"https:\/\/24sete.pt\/#website\"},\"datePublished\":\"2015-08-25T08:51:11+00:00\",\"dateModified\":\"2015-08-28T16:23:32+00:00\",\"breadcrumb\":{\"@id\":\"https:\/\/24sete.pt\/newsletter\/#breadcrumb\"},\"inLanguage\":\"en-US\",\"potentialAction\":[{\"@type\":\"ReadAction\",\"target\":[\"https:\/\/24sete.pt\/newsletter\/\"]}]},{\"@type\":\"BreadcrumbList\",\"@id\":\"https:\/\/24sete.pt\/newsletter\/#breadcrumb\",\"itemListElement\":[{\"@type\":\"ListItem\",\"position\":1,\"name\":\"In\u00edcio\",\"item\":\"https:\/\/24sete.pt\/en\/\"},{\"@type\":\"ListItem\",\"position\":2,\"name\":\"Newsletter\"}]},{\"@type\":\"WebSite\",\"@id\":\"https:\/\/24sete.pt\/#website\",\"url\":\"https:\/\/24sete.pt\/\",\"name\":\"24sete\",\"description\":\"Accounting, Advisory, strategy\",\"potentialAction\":[{\"@type\":\"SearchAction\",\"target\":{\"@type\":\"EntryPoint\",\"urlTemplate\":\"https:\/\/24sete.pt\/?s={search_term_string}\"},\"query-input\":{\"@type\":\"PropertyValueSpecification\",\"valueRequired\":true,\"valueName\":\"search_term_string\"}}],\"inLanguage\":\"en-US\"}]}<\/script>\n<!-- \/ Yoast SEO plugin. -->","yoast_head_json":{"title":"Newsletter - 24sete","robots":{"index":"index","follow":"follow","max-snippet":"max-snippet:-1","max-image-preview":"max-image-preview:large","max-video-preview":"max-video-preview:-1"},"canonical":"https:\/\/24sete.pt\/newsletter\/","og_locale":"en_US","og_type":"article","og_title":"Newsletter - 24sete","og_description":"[vc_row row_type=&#8221;row&#8221; use_row_as_full_screen_section=&#8221;no&#8221; type=&#8221;full_width&#8221; parallax_content_width=&#8221;in_grid&#8221; angled_section=&#8221;no&#8221; angled_section_position=&#8221;both&#8221; angled_section_direction=&#8221;from_left_to_right&#8221; text_align=&#8221;left&#8221; background_image_as_pattern=&#8221;without_pattern&#8221; row_negative_margin=&#8221;&#8221; padding_top=&#8221;50&#8243; padding_bottom=&#8221;50&#8243;][vc_column width=&#8221;1\/1&#8243;][vc_row_inner row_type=&#8221;row&#8221; use_as_box=&#8221;&#8221; type=&#8221;full_width&#8221; anchor=&#8221;&#8221; text_align=&#8221;left&#8221; background_color=&#8221;&#8221; background_image=&#8221;&#8221; section_height=&#8221;&#8221; border_color=&#8221;&#8221; row_negative_margin=&#8221;&#8221; side_padding=&#8221;&#8221; padding_top=&#8221;&#8221; padding_bottom=&#8221;&#8221; more_button_label=&#8221;&#8221; less_button_label=&#8221;&#8221; button_position=&#8221;&#8221; color=&#8221;&#8221; css_animation=&#8221;&#8221; transition_delay=&#8221;&#8221;][vc_column_inner el_class=&#8221;&#8221; width=&#8221;1\/1&#8243;][vc_column_text] [\/vc_column_text][vc_column_text] Your data will be secured. [\/vc_column_text][\/vc_column_inner][\/vc_row_inner][\/vc_column][\/vc_row]","og_url":"https:\/\/24sete.pt\/newsletter\/","og_site_name":"24sete","article_modified_time":"2015-08-28T16:23:32+00:00","twitter_card":"summary_large_image","twitter_misc":{"Est. reading time":"1 minute"},"schema":{"@context":"https:\/\/schema.org","@graph":[{"@type":"WebPage","@id":"https:\/\/24sete.pt\/newsletter\/","url":"https:\/\/24sete.pt\/newsletter\/","name":"Newsletter - 24sete","isPartOf":{"@id":"https:\/\/24sete.pt\/#website"},"datePublished":"2015-08-25T08:51:11+00:00","dateModified":"2015-08-28T16:23:32+00:00","breadcrumb":{"@id":"https:\/\/24sete.pt\/newsletter\/#breadcrumb"},"inLanguage":"en-US","potentialAction":[{"@type":"ReadAction","target":["https:\/\/24sete.pt\/newsletter\/"]}]},{"@type":"BreadcrumbList","@id":"https:\/\/24sete.pt\/newsletter\/#breadcrumb","itemListElement":[{"@type":"ListItem","position":1,"name":"In\u00edcio","item":"https:\/\/24sete.pt\/en\/"},{"@type":"ListItem","position":2,"name":"Newsletter"}]},{"@type":"WebSite","@id":"https:\/\/24sete.pt\/#website","url":"https:\/\/24sete.pt\/","name":"24sete","description":"Accounting, Advisory, strategy","potentialAction":[{"@type":"SearchAction","target":{"@type":"EntryPoint","urlTemplate":"https:\/\/24sete.pt\/?s={search_term_string}"},"query-input":{"@type":"PropertyValueSpecification","valueRequired":true,"valueName":"search_term_string"}}],"inLanguage":"en-US"}]}},"_links":{"self":[{"href":"https:\/\/24sete.pt\/en\/wp-json\/wp\/v2\/pages\/18633","targetHints":{"allow":["GET"]}}],"collection":[{"href":"https:\/\/24sete.pt\/en\/wp-json\/wp\/v2\/pages"}],"about":[{"href":"https:\/\/24sete.pt\/en\/wp-json\/wp\/v2\/types\/page"}],"author":[{"embeddable":true,"href":"https:\/\/24sete.pt\/en\/wp-json\/wp\/v2\/users\/8"}],"replies":[{"embeddable":true,"href":"https:\/\/24sete.pt\/en\/wp-json\/wp\/v2\/comments?post=18633"}],"version-history":[{"count":0,"href":"https:\/\/24sete.pt\/en\/wp-json\/wp\/v2\/pages\/18633\/revisions"}],"wp:attachment":[{"href":"https:\/\/24sete.pt\/en\/wp-json\/wp\/v2\/media?parent=18633"}],"curies":[{"name":"wp","href":"https:\/\/api.w.org\/{rel}","templated":true}]}}