{"id":19016,"date":"2014-03-24T10:54:51","date_gmt":"2014-03-24T10:54:51","guid":{"rendered":"http:\/\/www.24sete.pt\/fr\/?page_id=19016"},"modified":"2016-04-18T21:17:36","modified_gmt":"2016-04-18T20:17:36","slug":"l-entreprise","status":"publish","type":"page","link":"https:\/\/24sete.pt\/fr\/l-entreprise\/","title":{"rendered":"L&rsquo;entreprise"},"content":{"rendered":"<p>[vc_row row_type=\u00a0\u00bbrow\u00a0\u00bb type=\u00a0\u00bbfull_width\u00a0\u00bb text_align=\u00a0\u00bbleft\u00a0\u00bb background_color=\u00a0\u00bb#ffffff\u00a0\u00bb border_color=\u00a0\u00bb#eeeeee\u00a0\u00bb use_row_as_full_screen_section=\u00a0\u00bbno\u00a0\u00bb parallax_content_width=\u00a0\u00bbin_grid\u00a0\u00bb angled_section=\u00a0\u00bbno\u00a0\u00bb angled_section_position=\u00a0\u00bbboth\u00a0\u00bb angled_section_direction=\u00a0\u00bbfrom_left_to_right\u00a0\u00bb background_image_as_pattern=\u00a0\u00bbwithout_pattern\u00a0\u00bb row_negative_margin=\u00a0\u00bb\u00a0\u00bb padding_top=\u00a0\u00bb40&Prime;][vc_column width=\u00a0\u00bb1\/1&Prime;][vc_column_text]<\/p>\n<h2 style=\"text-align: center;\">24|7<\/h2>\n<p>[\/vc_column_text][vc_separator type=\u00a0\u00bbsmall\u00a0\u00bb position=\u00a0\u00bbcenter\u00a0\u00bb down=\u00a0\u00bb20&Prime; up=\u00a0\u00bb20&Prime;][vc_column_text]<\/p>\n<h3 style=\"text-align: center; line-height: 1.6;\"><strong>24 Sete SA est un partenaire sp\u00e9cialis\u00e9 dans l\u2019aide \u00e0 la gestion de votre entreprise.<\/strong><\/h3>\n<h3 style=\"text-align: center; line-height: 2.6;\"><strong>Nous travaillons pour accro\u00eetre la confiance lors de la prise de d\u00e9cision.<\/strong><\/h3>\n<h3 style=\"text-align: center;\"><strong>Nous travaillons pour augmenter la marge de votre entreprise.<\/strong><\/h3>\n<p>[\/vc_column_text][vc_separator type=\u00a0\u00bbtransparent\u00a0\u00bb position=\u00a0\u00bbcenter\u00a0\u00bb up=\u00a0\u00bb31&Prime; down=\u00a0\u00bb19&Prime;][vc_row_inner row_type=\u00a0\u00bbrow\u00a0\u00bb use_as_box=\u00a0\u00bb\u00a0\u00bb type=\u00a0\u00bbgrid\u00a0\u00bb text_align=\u00a0\u00bbleft\u00a0\u00bb border_color=\u00a0\u00bb#ffffff\u00a0\u00bb row_negative_margin=\u00a0\u00bb\u00a0\u00bb][vc_column_inner width=\u00a0\u00bb1\/3&Prime;][vc_column_text]Fond\u00e9e en 2007, 24|7 est n\u00e9e de la consolidation de plusieurs projets centr\u00e9s sur des <strong><a href=\"http:\/\/www.24sete.pt\/fr\/services\/\">services techniques <\/a><\/strong> fournis aux entreprises, \u00e0 des groupes \u00e9conomiques et financiers, \u00e0 l\u2019Administration Publique et aux particuliers.<\/p>\n<p>&nbsp;<\/p>\n<p>24|7 fournit des services techniques sp\u00e9cialis\u00e9s de <strong><a href=\"http:\/\/www.24sete.pt\/fr\/services\/comptabilite\/\">comptabilit\u00e9<\/a><\/strong>, <strong><a href=\"http:\/\/www.24sete.pt\/fr\/services\/fiscalite\/\">fiscalit\u00e9<\/a><\/strong>, <strong><a href=\"http:\/\/www.24sete.pt\/fr\/services\/services-administratifs-de-ressources-humaines\/\">gestion de ressources humaines<\/a><\/strong> et autres qui, n\u2019\u00e9tant pas obligatoires, sont utiles \u00e0 la gestion de l\u2019entreprise et \u00e0 l\u2019investissement.<\/p>\n<p>&nbsp;<\/p>\n<p>Le second pilier de 24|7 est sa vocation <strong><a href=\"https:\/\/24sete.pt\/fr\/international\/\">internationale<\/a><\/strong>, dans la prestation de services transfrontali\u00e8re, dans l\u2019appui \u00e0 l\u2019investissement \u00e9tranger au Portugal, dans le support aux entreprises exportatrices et dans l\u2019appui \u00e0 l\u2019internationalisation. Nous travaillons dans les langues suivantes : le portugais, l\u2019anglais, le fran\u00e7ais, le russe et l\u2019espagnol.[\/vc_column_text][vc_separator type=\u00a0\u00bbtransparent\u00a0\u00bb position=\u00a0\u00bbcenter\u00a0\u00bb up=\u00a0\u00bb93&Prime; down=\u00a0\u00bb0&Prime;][\/vc_column_inner][vc_column_inner width=\u00a0\u00bb2\/3&Prime;][vc_column_text]<\/p>\n<h5><strong>Les clients cherche 24|7 pour:<\/strong><\/h5>\n<p>[\/vc_column_text][vc_separator type=\u00a0\u00bbtransparent\u00a0\u00bb position=\u00a0\u00bbcenter\u00a0\u00bb up=\u00a0\u00bb10&Prime; down=\u00a0\u00bb0&Prime; width_in_percentages=\u00a0\u00bb\u00a0\u00bb]<div class='q_progress_bar'><h5 class='progress_title_holder clearfix' style=''><span class='progress_title'><span>Comptabilit\u00e9<\/span><\/span><span class='progress_number' style=''><span>0<\/span>%<\/span><\/h5><div class='progress_content_outer' style=''><div data-percentage='93' class='progress_content' style=''><\/div><\/div><\/div><div class='q_progress_bar'><h5 class='progress_title_holder clearfix' style=''><span class='progress_title'><span>Fiscalit\u00e9<\/span><\/span><span class='progress_number' style=''><span>0<\/span>%<\/span><\/h5><div class='progress_content_outer' style=''><div data-percentage='87' class='progress_content' style=''><\/div><\/div><\/div><div class='q_progress_bar'><h5 class='progress_title_holder clearfix' style=''><span class='progress_title'><span>Services Administratifs de ressources Humaines <\/span><\/span><span class='progress_number' style=''><span>0<\/span>%<\/span><\/h5><div class='progress_content_outer' style=''><div data-percentage='73' class='progress_content' style=''><\/div><\/div><\/div><div class='q_progress_bar'><h5 class='progress_title_holder clearfix' style=''><span class='progress_title'><span>Due Diligence<\/span><\/span><span class='progress_number' style=''><span>0<\/span>%<\/span><\/h5><div class='progress_content_outer' style=''><div data-percentage='67' class='progress_content' style=''><\/div><\/div><\/div><div class='q_progress_bar'><h5 class='progress_title_holder clearfix' style=''><span class='progress_title'><span>Conseil juridique<\/span><\/span><span class='progress_number' style=''><span>0<\/span>%<\/span><\/h5><div class='progress_content_outer' style=''><div data-percentage='77' class='progress_content' style=''><\/div><\/div><\/div><div class='q_progress_bar'><h5 class='progress_title_holder clearfix' style=''><span class='progress_title'><span>Strat\u00e9gie<\/span><\/span><span class='progress_number' style=''><span>0<\/span>%<\/span><\/h5><div class='progress_content_outer' style=''><div data-percentage='63' class='progress_content' style=''><\/div><\/div><\/div><div class='q_progress_bar'><h5 class='progress_title_holder clearfix' style=''><span class='progress_title'><span>Gestion Financi\u00e8re <\/span><\/span><span class='progress_number' style=''><span>0<\/span>%<\/span><\/h5><div class='progress_content_outer' style=''><div data-percentage='93' class='progress_content' style=''><\/div><\/div><\/div><div class='q_progress_bar'><h5 class='progress_title_holder clearfix' style=''><span class='progress_title'><span>Services Suppl\u00e9mentaires <\/span><\/span><span class='progress_number' style=''><span>0<\/span>%<\/span><\/h5><div class='progress_content_outer' style=''><div data-percentage='91' class='progress_content' style=''><\/div><\/div><\/div>[vc_separator type=\u00a0\u00bbtransparent\u00a0\u00bb position=\u00a0\u00bbcenter\u00a0\u00bb up=\u00a0\u00bb93&Prime; down=\u00a0\u00bb0&Prime;][\/vc_column_inner][\/vc_row_inner][\/vc_column][\/vc_row][vc_row row_type=\u00a0\u00bbrow\u00a0\u00bb type=\u00a0\u00bbgrid\u00a0\u00bb text_align=\u00a0\u00bbleft\u00a0\u00bb background_color=\u00a0\u00bb#ffffff\u00a0\u00bb use_row_as_full_screen_section=\u00a0\u00bbno\u00a0\u00bb parallax_content_width=\u00a0\u00bbin_grid\u00a0\u00bb angled_section=\u00a0\u00bbno\u00a0\u00bb angled_section_position=\u00a0\u00bbboth\u00a0\u00bb angled_section_direction=\u00a0\u00bbfrom_left_to_right\u00a0\u00bb background_image_as_pattern=\u00a0\u00bbwithout_pattern\u00a0\u00bb border_color=\u00a0\u00bb#ffffff\u00a0\u00bb row_negative_margin=\u00a0\u00bb\u00a0\u00bb padding_top=\u00a0\u00bb20&Prime;][vc_column width=\u00a0\u00bb1\/3&Prime;][vc_row_inner row_type=\u00a0\u00bbrow\u00a0\u00bb use_as_box=\u00a0\u00bbuse_row_as_box\u00a0\u00bb type=\u00a0\u00bbfull_width\u00a0\u00bb text_align=\u00a0\u00bbleft\u00a0\u00bb padding=\u00a0\u00bb10&Prime;][vc_column_inner width=\u00a0\u00bb1\/1&Prime;][vc_column_text]<\/p>\n<h5>Grande Responsabilit\u00e9<\/h5>\n<p>[\/vc_column_text][vc_separator type=\u00a0\u00bbtransparent\u00a0\u00bb position=\u00a0\u00bbleft\u00a0\u00bb up=\u00a0\u00bb6&Prime; down=\u00a0\u00bb0&Prime;][vc_column_text]<\/p>\n<p>S\u2019agissant de services de grande responsabilit\u00e9, complexit\u00e9 et volatilit\u00e9 de la r\u00e8glementation, notre activit\u00e9 est organis\u00e9e de mani\u00e8re \u00e0 fournir un service sp\u00e9cialis\u00e9 et personnalis\u00e9 \u2013 pr\u00e9rogative exclusive des Clients s\u00e9lectionn\u00e9s.<\/p>\n<p>[\/vc_column_text][\/vc_column_inner][\/vc_row_inner][vc_separator type=\u00a0\u00bbtransparent\u00a0\u00bb position=\u00a0\u00bbcenter\u00a0\u00bb up=\u00a0\u00bb39&Prime; down=\u00a0\u00bb0&Prime;][\/vc_column][vc_column width=\u00a0\u00bb1\/3&Prime;][vc_row_inner row_type=\u00a0\u00bbrow\u00a0\u00bb use_as_box=\u00a0\u00bbuse_row_as_box\u00a0\u00bb type=\u00a0\u00bbfull_width\u00a0\u00bb text_align=\u00a0\u00bbleft\u00a0\u00bb padding=\u00a0\u00bb10&Prime;][vc_column_inner width=\u00a0\u00bb1\/1&Prime;][vc_column_text]<\/p>\n<h5>Centre Financier de Lisbonne<\/h5>\n<p>[\/vc_column_text][vc_separator type=\u00a0\u00bbtransparent\u00a0\u00bb position=\u00a0\u00bbleft\u00a0\u00bb up=\u00a0\u00bb6&Prime; down=\u00a0\u00bb0&Prime;][vc_column_text]<\/p>\n<p>Situ\u00e9e exactement dans le centre financier de Lisbonne, \u00e0 Saldanha, 24|7 dispose d\u2019une \u00e9quipe de sp\u00e9cialistes exp\u00e9riment\u00e9e, accessible et entra\u00een\u00e9e afin de valoriser l\u2019activit\u00e9 de nos Clients, \u00e0 travers le respect rigoureux et continuel des missions qui lui sont confi\u00e9es et la prestation de l\u2019information adapt\u00e9e aux besoins de chaque Client.<\/p>\n<p>[\/vc_column_text][\/vc_column_inner][\/vc_row_inner][vc_separator type=\u00a0\u00bbtransparent\u00a0\u00bb position=\u00a0\u00bbcenter\u00a0\u00bb up=\u00a0\u00bb39&Prime; down=\u00a0\u00bb0&Prime;][\/vc_column][vc_column width=\u00a0\u00bb1\/3&Prime;][vc_row_inner row_type=\u00a0\u00bbrow\u00a0\u00bb use_as_box=\u00a0\u00bbuse_row_as_box\u00a0\u00bb type=\u00a0\u00bbfull_width\u00a0\u00bb text_align=\u00a0\u00bbleft\u00a0\u00bb padding=\u00a0\u00bb10&Prime;][vc_column_inner width=\u00a0\u00bb1\/1&Prime;][vc_column_text]<\/p>\n<h5>National et International<\/h5>\n<p>[\/vc_column_text][vc_separator type=\u00a0\u00bbtransparent\u00a0\u00bb position=\u00a0\u00bbleft\u00a0\u00bb up=\u00a0\u00bb6&Prime; down=\u00a0\u00bb0&Prime;][vc_column_text]<\/p>\n<p>24|7 s\u2019affirme au niveau national et international par la qualit\u00e9 et la valeur qu\u2019elle transmet dans ses services de Comptabilit\u00e9 Analytique et Financi\u00e8re, de Conseil (financier et non financier), de Fiscalit\u00e9, d\u2019Audit, d\u2019Aide \u00e0 la Gestion, d\u2019Organisation et de Gestion Administrative des Ressources Humaines , de Recherche, de Strat\u00e9gie et D\u00e9veloppement d\u2019Entreprises.<\/p>\n<p>[\/vc_column_text][\/vc_column_inner][\/vc_row_inner][vc_separator type=\u00a0\u00bbtransparent\u00a0\u00bb position=\u00a0\u00bbcenter\u00a0\u00bb up=\u00a0\u00bb39&Prime; down=\u00a0\u00bb0&Prime;][\/vc_column][\/vc_row][vc_row row_type=\u00a0\u00bbrow\u00a0\u00bb type=\u00a0\u00bbgrid\u00a0\u00bb text_align=\u00a0\u00bbleft\u00a0\u00bb padding_bottom=\u00a0\u00bb50&Prime; background_color=\u00a0\u00bb#ffffff\u00a0\u00bb border_color=\u00a0\u00bb#eeeeee\u00a0\u00bb][vc_column width=\u00a0\u00bb2\/3&Prime;][vc_column_text]<\/p>\n<h5>Support Indispensable \u00e0 la D\u00e9cision<\/h5>\n<p>[\/vc_column_text][vc_column_text]Nous savons l\u2019importance de la comptabilit\u00e9 pour nos Clients, en tant que support indispensable \u00e0 la d\u00e9cision. Nous souhaitons que vous soyez s\u00fbrs de la rigueur de vos instruments d\u2019analyse \u00e9conomique et financi\u00e8re et nous vous soutenons dans la prise de r\u00e9solutions, dans la budg\u00e9tisation de vos strat\u00e9gies commerciales et dans l\u2019investissement. Nous vous accompagnons dans l\u2019initiative et dans l\u2019entrepreneuriat, essentiels \u00e0 votre affirmation sur le march\u00e9, garantissant le contr\u00f4le rationnel des risques associ\u00e9s et l\u2019optimisation des all\u00e8gements fiscaux.<\/p>\n<p>&nbsp;<\/p>\n<p>Le partenariat personnalis\u00e9 est pour nous une forme d\u2019\u00eatre plus pr\u00e8s de nos Clients. Chez 24|7, nous n\u2019avons que des relations durables et mutuellement b\u00e9n\u00e9fiques. Nous consid\u00e9rons le succ\u00e8s comme \u00e9tant notre premier objectif et la condition essentielle de notre propre succ\u00e8s.<\/p>\n<h3 style=\"text-align: center;\"><\/h3>\n<p>[\/vc_column_text][\/vc_column][vc_column width=\u00a0\u00bb1\/3&Prime;][vc_single_image alignment=\u00a0\u00bbright\u00a0\u00bb border_color=\u00a0\u00bbgrey\u00a0\u00bb img_link_large=\u00a0\u00bb\u00a0\u00bb img_link_target=\u00a0\u00bb_self\u00a0\u00bb img_size=\u00a0\u00bbfull\u00a0\u00bb image=\u00a0\u00bb17542&Prime;][\/vc_column][\/vc_row][vc_row row_type=\u00a0\u00bbrow\u00a0\u00bb use_row_as_full_screen_section=\u00a0\u00bbno\u00a0\u00bb type=\u00a0\u00bbgrid\u00a0\u00bb parallax_content_width=\u00a0\u00bbin_grid\u00a0\u00bb angled_section=\u00a0\u00bbno\u00a0\u00bb angled_section_position=\u00a0\u00bbboth\u00a0\u00bb angled_section_direction=\u00a0\u00bbfrom_left_to_right\u00a0\u00bb text_align=\u00a0\u00bbleft\u00a0\u00bb background_image_as_pattern=\u00a0\u00bbwithout_pattern\u00a0\u00bb row_negative_margin=\u00a0\u00bb\u00a0\u00bb padding_top=\u00a0\u00bb40&Prime; padding_bottom=\u00a0\u00bb40&Prime;][vc_column width=\u00a0\u00bb1\/1&Prime;][vc_column_text]<\/p>\n<h3 style=\"text-align: center;\">Ensemble, nous \u00e9valuerons vos besoins.<\/h3>\n<h3 style=\"text-align: center;\">Nous cr\u00e9erons des solutions \u00e0 votre mesure en \u00e9troite concertation.<\/h3>\n<h3 style=\"text-align: center;\"><strong><u><a href=\"http:\/\/www.24sete.pt\/fr\/contacts\/\">Contactez-nous<\/a><\/u><\/strong><\/h3>\n<p>[\/vc_column_text][\/vc_column][\/vc_row]<\/p>\n","protected":false},"excerpt":{"rendered":"<p>[vc_row row_type=\u00a0\u00bbrow\u00a0\u00bb type=\u00a0\u00bbfull_width\u00a0\u00bb text_align=\u00a0\u00bbleft\u00a0\u00bb background_color=\u00a0\u00bb#ffffff\u00a0\u00bb border_color=\u00a0\u00bb#eeeeee\u00a0\u00bb use_row_as_full_screen_section=\u00a0\u00bbno\u00a0\u00bb parallax_content_width=\u00a0\u00bbin_grid\u00a0\u00bb angled_section=\u00a0\u00bbno\u00a0\u00bb angled_section_position=\u00a0\u00bbboth\u00a0\u00bb angled_section_direction=\u00a0\u00bbfrom_left_to_right\u00a0\u00bb background_image_as_pattern=\u00a0\u00bbwithout_pattern\u00a0\u00bb row_negative_margin=\u00a0\u00bb\u00a0\u00bb padding_top=\u00a0\u00bb40&Prime;][vc_column width=\u00a0\u00bb1\/1&Prime;][vc_column_text] 24|7 [\/vc_column_text][vc_separator type=\u00a0\u00bbsmall\u00a0\u00bb position=\u00a0\u00bbcenter\u00a0\u00bb down=\u00a0\u00bb20&Prime; up=\u00a0\u00bb20&Prime;][vc_column_text] 24 Sete SA est un partenaire sp\u00e9cialis\u00e9 dans l\u2019aide \u00e0 la gestion de votre entreprise. Nous travaillons pour accro\u00eetre la confiance lors de la&#8230;<\/p>\n","protected":false},"author":8,"featured_media":0,"parent":0,"menu_order":0,"comment_status":"open","ping_status":"open","template":"","meta":{"footnotes":""},"class_list":["post-19016","page","type-page","status-publish","hentry"],"yoast_head":"<!-- This site is optimized with the Yoast SEO plugin v25.6 - https:\/\/yoast.com\/wordpress\/plugins\/seo\/ -->\n<title>L&#039;entreprise - 24sete<\/title>\n<meta name=\"robots\" content=\"index, follow, max-snippet:-1, max-image-preview:large, max-video-preview:-1\" \/>\n<link rel=\"canonical\" href=\"https:\/\/24sete.pt\/empresa\/\" \/>\n<meta property=\"og:locale\" content=\"fr_FR\" \/>\n<meta property=\"og:type\" content=\"article\" \/>\n<meta property=\"og:title\" content=\"L&#039;entreprise - 24sete\" \/>\n<meta property=\"og:description\" content=\"[vc_row row_type=\u00a0\u00bbrow\u00a0\u00bb type=\u00a0\u00bbfull_width\u00a0\u00bb text_align=\u00a0\u00bbleft\u00a0\u00bb background_color=\u00a0\u00bb#ffffff\u00a0\u00bb border_color=\u00a0\u00bb#eeeeee\u00a0\u00bb use_row_as_full_screen_section=\u00a0\u00bbno\u00a0\u00bb parallax_content_width=\u00a0\u00bbin_grid\u00a0\u00bb angled_section=\u00a0\u00bbno\u00a0\u00bb angled_section_position=\u00a0\u00bbboth\u00a0\u00bb angled_section_direction=\u00a0\u00bbfrom_left_to_right\u00a0\u00bb background_image_as_pattern=\u00a0\u00bbwithout_pattern\u00a0\u00bb row_negative_margin=\u00a0\u00bb\u00a0\u00bb padding_top=\u00a0\u00bb40&Prime;][vc_column width=\u00a0\u00bb1\/1&Prime;][vc_column_text] 24|7 [\/vc_column_text][vc_separator type=\u00a0\u00bbsmall\u00a0\u00bb position=\u00a0\u00bbcenter\u00a0\u00bb down=\u00a0\u00bb20&Prime; up=\u00a0\u00bb20&Prime;][vc_column_text] 24 Sete SA est un partenaire sp\u00e9cialis\u00e9 dans l\u2019aide \u00e0 la gestion de votre entreprise. Nous travaillons pour accro\u00eetre la confiance lors de la...\" \/>\n<meta property=\"og:url\" content=\"https:\/\/24sete.pt\/empresa\/\" \/>\n<meta property=\"og:site_name\" content=\"24sete\" \/>\n<meta property=\"article:modified_time\" content=\"2016-04-18T20:17:36+00:00\" \/>\n<meta name=\"twitter:card\" content=\"summary_large_image\" \/>\n<meta name=\"twitter:label1\" content=\"Dur\u00e9e de lecture estim\u00e9e\" \/>\n\t<meta name=\"twitter:data1\" content=\"5 minutes\" \/>\n<script type=\"application\/ld+json\" class=\"yoast-schema-graph\">{\"@context\":\"https:\/\/schema.org\",\"@graph\":[{\"@type\":\"WebPage\",\"@id\":\"https:\/\/24sete.pt\/empresa\/\",\"url\":\"https:\/\/24sete.pt\/empresa\/\",\"name\":\"L'entreprise - 24sete\",\"isPartOf\":{\"@id\":\"https:\/\/24sete.pt\/#website\"},\"datePublished\":\"2014-03-24T10:54:51+00:00\",\"dateModified\":\"2016-04-18T20:17:36+00:00\",\"breadcrumb\":{\"@id\":\"https:\/\/24sete.pt\/empresa\/#breadcrumb\"},\"inLanguage\":\"fr-FR\",\"potentialAction\":[{\"@type\":\"ReadAction\",\"target\":[\"https:\/\/24sete.pt\/empresa\/\"]}]},{\"@type\":\"BreadcrumbList\",\"@id\":\"https:\/\/24sete.pt\/empresa\/#breadcrumb\",\"itemListElement\":[{\"@type\":\"ListItem\",\"position\":1,\"name\":\"In\u00edcio\",\"item\":\"https:\/\/24sete.pt\/fr\/\"},{\"@type\":\"ListItem\",\"position\":2,\"name\":\"L&#8217;entreprise\"}]},{\"@type\":\"WebSite\",\"@id\":\"https:\/\/24sete.pt\/#website\",\"url\":\"https:\/\/24sete.pt\/\",\"name\":\"24sete\",\"description\":\"Accounting, Advisory, strategy\",\"potentialAction\":[{\"@type\":\"SearchAction\",\"target\":{\"@type\":\"EntryPoint\",\"urlTemplate\":\"https:\/\/24sete.pt\/?s={search_term_string}\"},\"query-input\":{\"@type\":\"PropertyValueSpecification\",\"valueRequired\":true,\"valueName\":\"search_term_string\"}}],\"inLanguage\":\"fr-FR\"}]}<\/script>\n<!-- \/ Yoast SEO plugin. -->","yoast_head_json":{"title":"L'entreprise - 24sete","robots":{"index":"index","follow":"follow","max-snippet":"max-snippet:-1","max-image-preview":"max-image-preview:large","max-video-preview":"max-video-preview:-1"},"canonical":"https:\/\/24sete.pt\/empresa\/","og_locale":"fr_FR","og_type":"article","og_title":"L'entreprise - 24sete","og_description":"[vc_row row_type=\u00a0\u00bbrow\u00a0\u00bb type=\u00a0\u00bbfull_width\u00a0\u00bb text_align=\u00a0\u00bbleft\u00a0\u00bb background_color=\u00a0\u00bb#ffffff\u00a0\u00bb border_color=\u00a0\u00bb#eeeeee\u00a0\u00bb use_row_as_full_screen_section=\u00a0\u00bbno\u00a0\u00bb parallax_content_width=\u00a0\u00bbin_grid\u00a0\u00bb angled_section=\u00a0\u00bbno\u00a0\u00bb angled_section_position=\u00a0\u00bbboth\u00a0\u00bb angled_section_direction=\u00a0\u00bbfrom_left_to_right\u00a0\u00bb background_image_as_pattern=\u00a0\u00bbwithout_pattern\u00a0\u00bb row_negative_margin=\u00a0\u00bb\u00a0\u00bb padding_top=\u00a0\u00bb40&Prime;][vc_column width=\u00a0\u00bb1\/1&Prime;][vc_column_text] 24|7 [\/vc_column_text][vc_separator type=\u00a0\u00bbsmall\u00a0\u00bb position=\u00a0\u00bbcenter\u00a0\u00bb down=\u00a0\u00bb20&Prime; up=\u00a0\u00bb20&Prime;][vc_column_text] 24 Sete SA est un partenaire sp\u00e9cialis\u00e9 dans l\u2019aide \u00e0 la gestion de votre entreprise. Nous travaillons pour accro\u00eetre la confiance lors de la...","og_url":"https:\/\/24sete.pt\/empresa\/","og_site_name":"24sete","article_modified_time":"2016-04-18T20:17:36+00:00","twitter_card":"summary_large_image","twitter_misc":{"Dur\u00e9e de lecture estim\u00e9e":"5 minutes"},"schema":{"@context":"https:\/\/schema.org","@graph":[{"@type":"WebPage","@id":"https:\/\/24sete.pt\/empresa\/","url":"https:\/\/24sete.pt\/empresa\/","name":"L'entreprise - 24sete","isPartOf":{"@id":"https:\/\/24sete.pt\/#website"},"datePublished":"2014-03-24T10:54:51+00:00","dateModified":"2016-04-18T20:17:36+00:00","breadcrumb":{"@id":"https:\/\/24sete.pt\/empresa\/#breadcrumb"},"inLanguage":"fr-FR","potentialAction":[{"@type":"ReadAction","target":["https:\/\/24sete.pt\/empresa\/"]}]},{"@type":"BreadcrumbList","@id":"https:\/\/24sete.pt\/empresa\/#breadcrumb","itemListElement":[{"@type":"ListItem","position":1,"name":"In\u00edcio","item":"https:\/\/24sete.pt\/fr\/"},{"@type":"ListItem","position":2,"name":"L&#8217;entreprise"}]},{"@type":"WebSite","@id":"https:\/\/24sete.pt\/#website","url":"https:\/\/24sete.pt\/","name":"24sete","description":"Accounting, Advisory, strategy","potentialAction":[{"@type":"SearchAction","target":{"@type":"EntryPoint","urlTemplate":"https:\/\/24sete.pt\/?s={search_term_string}"},"query-input":{"@type":"PropertyValueSpecification","valueRequired":true,"valueName":"search_term_string"}}],"inLanguage":"fr-FR"}]}},"_links":{"self":[{"href":"https:\/\/24sete.pt\/fr\/wp-json\/wp\/v2\/pages\/19016","targetHints":{"allow":["GET"]}}],"collection":[{"href":"https:\/\/24sete.pt\/fr\/wp-json\/wp\/v2\/pages"}],"about":[{"href":"https:\/\/24sete.pt\/fr\/wp-json\/wp\/v2\/types\/page"}],"author":[{"embeddable":true,"href":"https:\/\/24sete.pt\/fr\/wp-json\/wp\/v2\/users\/8"}],"replies":[{"embeddable":true,"href":"https:\/\/24sete.pt\/fr\/wp-json\/wp\/v2\/comments?post=19016"}],"version-history":[{"count":0,"href":"https:\/\/24sete.pt\/fr\/wp-json\/wp\/v2\/pages\/19016\/revisions"}],"wp:attachment":[{"href":"https:\/\/24sete.pt\/fr\/wp-json\/wp\/v2\/media?parent=19016"}],"curies":[{"name":"wp","href":"https:\/\/api.w.org\/{rel}","templated":true}]}}