{"id":19034,"date":"2015-08-25T09:50:02","date_gmt":"2015-08-25T08:50:02","guid":{"rendered":"http:\/\/www.24sete.pt\/fr\/?page_id=19034"},"modified":"2015-09-09T16:39:45","modified_gmt":"2015-09-09T15:39:45","slug":"calendar","status":"publish","type":"page","link":"https:\/\/24sete.pt\/fr\/calendar\/","title":{"rendered":"Calendar"},"content":{"rendered":"<p>[vc_row][vc_column][vc_column_text]<\/p>\n<p>CONTENTS<\/p>\n<p>[\/vc_column_text][vc_column_text]<div class=ordered><\/p>\n<ol>\n<li style=\"margin: 0 0 0;\"><em><strong>IVA:<\/strong> correspond \u00e0 la TVA, en France<\/em><\/li>\n<li style=\"margin: 0 0 0;\"><em><strong>IRS:<\/strong> correspond \u00e0 l\u2019imp\u00f4t sur le revenu, en France <\/em><\/li>\n<li style=\"margin: 0 0 0;\"><em><strong>IRC:<\/strong> correspond \u00e0 l\u2019imp\u00f4t sur les soci\u00e9t\u00e9s, en France<\/em><\/li>\n<li style=\"margin: 0 0 0;\"><em><strong>IMI:<\/strong> correspond \u00e0 la taxe fonci\u00e8re, en France<\/em><\/li>\n<li style=\"margin: 0 0 0;\"><em><strong>IES:<\/strong> (Information simplifi\u00e9e relative aux soci\u00e9t\u00e9s) d\u00e9claration incluant quatre obligations d\u00e9claratives des soci\u00e9t\u00e9s, de nature comptable, fiscale et statistique<\/em><\/li>\n<li style=\"margin: 0 0 0;\"><em><strong>IUC:<\/strong> correspond \u00e0 la taxe de circulation, en France<\/em><\/li>\n<\/ol>\n<p><\/div>[\/vc_column_text][\/vc_column][\/vc_row]<\/p>\n","protected":false},"excerpt":{"rendered":"<p>[vc_row][vc_column][vc_column_text] CONTENTS [\/vc_column_text][vc_column_text][\/vc_column_text][\/vc_column][\/vc_row]<\/p>\n","protected":false},"author":8,"featured_media":0,"parent":0,"menu_order":0,"comment_status":"open","ping_status":"open","template":"","meta":{"footnotes":""},"class_list":["post-19034","page","type-page","status-publish","hentry"],"yoast_head":"<!-- This site is optimized with the Yoast SEO plugin v25.6 - https:\/\/yoast.com\/wordpress\/plugins\/seo\/ -->\n<title>Calendar - 24sete<\/title>\n<meta name=\"robots\" content=\"index, follow, max-snippet:-1, max-image-preview:large, max-video-preview:-1\" \/>\n<link rel=\"canonical\" href=\"https:\/\/24sete.pt\/calendar\/\" \/>\n<meta property=\"og:locale\" content=\"fr_FR\" \/>\n<meta property=\"og:type\" content=\"article\" \/>\n<meta property=\"og:title\" content=\"Calendar - 24sete\" \/>\n<meta property=\"og:description\" content=\"[vc_row][vc_column][vc_column_text] CONTENTS [\/vc_column_text][vc_column_text][\/vc_column_text][\/vc_column][\/vc_row]\" \/>\n<meta property=\"og:url\" content=\"https:\/\/24sete.pt\/calendar\/\" \/>\n<meta property=\"og:site_name\" content=\"24sete\" \/>\n<meta property=\"article:modified_time\" content=\"2015-09-09T15:39:45+00:00\" \/>\n<meta name=\"twitter:card\" content=\"summary_large_image\" \/>\n<script type=\"application\/ld+json\" class=\"yoast-schema-graph\">{\"@context\":\"https:\/\/schema.org\",\"@graph\":[{\"@type\":\"WebPage\",\"@id\":\"https:\/\/24sete.pt\/calendar\/\",\"url\":\"https:\/\/24sete.pt\/calendar\/\",\"name\":\"Calendar - 24sete\",\"isPartOf\":{\"@id\":\"https:\/\/24sete.pt\/#website\"},\"datePublished\":\"2015-08-25T08:50:02+00:00\",\"dateModified\":\"2015-09-09T15:39:45+00:00\",\"breadcrumb\":{\"@id\":\"https:\/\/24sete.pt\/calendar\/#breadcrumb\"},\"inLanguage\":\"fr-FR\",\"potentialAction\":[{\"@type\":\"ReadAction\",\"target\":[\"https:\/\/24sete.pt\/calendar\/\"]}]},{\"@type\":\"BreadcrumbList\",\"@id\":\"https:\/\/24sete.pt\/calendar\/#breadcrumb\",\"itemListElement\":[{\"@type\":\"ListItem\",\"position\":1,\"name\":\"In\u00edcio\",\"item\":\"https:\/\/24sete.pt\/fr\/\"},{\"@type\":\"ListItem\",\"position\":2,\"name\":\"Calendar\"}]},{\"@type\":\"WebSite\",\"@id\":\"https:\/\/24sete.pt\/#website\",\"url\":\"https:\/\/24sete.pt\/\",\"name\":\"24sete\",\"description\":\"Accounting, Advisory, strategy\",\"potentialAction\":[{\"@type\":\"SearchAction\",\"target\":{\"@type\":\"EntryPoint\",\"urlTemplate\":\"https:\/\/24sete.pt\/?s={search_term_string}\"},\"query-input\":{\"@type\":\"PropertyValueSpecification\",\"valueRequired\":true,\"valueName\":\"search_term_string\"}}],\"inLanguage\":\"fr-FR\"}]}<\/script>\n<!-- \/ Yoast SEO plugin. -->","yoast_head_json":{"title":"Calendar - 24sete","robots":{"index":"index","follow":"follow","max-snippet":"max-snippet:-1","max-image-preview":"max-image-preview:large","max-video-preview":"max-video-preview:-1"},"canonical":"https:\/\/24sete.pt\/calendar\/","og_locale":"fr_FR","og_type":"article","og_title":"Calendar - 24sete","og_description":"[vc_row][vc_column][vc_column_text] CONTENTS [\/vc_column_text][vc_column_text][\/vc_column_text][\/vc_column][\/vc_row]","og_url":"https:\/\/24sete.pt\/calendar\/","og_site_name":"24sete","article_modified_time":"2015-09-09T15:39:45+00:00","twitter_card":"summary_large_image","schema":{"@context":"https:\/\/schema.org","@graph":[{"@type":"WebPage","@id":"https:\/\/24sete.pt\/calendar\/","url":"https:\/\/24sete.pt\/calendar\/","name":"Calendar - 24sete","isPartOf":{"@id":"https:\/\/24sete.pt\/#website"},"datePublished":"2015-08-25T08:50:02+00:00","dateModified":"2015-09-09T15:39:45+00:00","breadcrumb":{"@id":"https:\/\/24sete.pt\/calendar\/#breadcrumb"},"inLanguage":"fr-FR","potentialAction":[{"@type":"ReadAction","target":["https:\/\/24sete.pt\/calendar\/"]}]},{"@type":"BreadcrumbList","@id":"https:\/\/24sete.pt\/calendar\/#breadcrumb","itemListElement":[{"@type":"ListItem","position":1,"name":"In\u00edcio","item":"https:\/\/24sete.pt\/fr\/"},{"@type":"ListItem","position":2,"name":"Calendar"}]},{"@type":"WebSite","@id":"https:\/\/24sete.pt\/#website","url":"https:\/\/24sete.pt\/","name":"24sete","description":"Accounting, Advisory, strategy","potentialAction":[{"@type":"SearchAction","target":{"@type":"EntryPoint","urlTemplate":"https:\/\/24sete.pt\/?s={search_term_string}"},"query-input":{"@type":"PropertyValueSpecification","valueRequired":true,"valueName":"search_term_string"}}],"inLanguage":"fr-FR"}]}},"_links":{"self":[{"href":"https:\/\/24sete.pt\/fr\/wp-json\/wp\/v2\/pages\/19034","targetHints":{"allow":["GET"]}}],"collection":[{"href":"https:\/\/24sete.pt\/fr\/wp-json\/wp\/v2\/pages"}],"about":[{"href":"https:\/\/24sete.pt\/fr\/wp-json\/wp\/v2\/types\/page"}],"author":[{"embeddable":true,"href":"https:\/\/24sete.pt\/fr\/wp-json\/wp\/v2\/users\/8"}],"replies":[{"embeddable":true,"href":"https:\/\/24sete.pt\/fr\/wp-json\/wp\/v2\/comments?post=19034"}],"version-history":[{"count":0,"href":"https:\/\/24sete.pt\/fr\/wp-json\/wp\/v2\/pages\/19034\/revisions"}],"wp:attachment":[{"href":"https:\/\/24sete.pt\/fr\/wp-json\/wp\/v2\/media?parent=19034"}],"curies":[{"name":"wp","href":"https:\/\/api.w.org\/{rel}","templated":true}]}}