{"id":19050,"date":"2015-07-28T16:26:16","date_gmt":"2015-07-28T15:26:16","guid":{"rendered":"http:\/\/www.24sete.pt\/fr\/?page_id=19050"},"modified":"2015-09-18T19:14:44","modified_gmt":"2015-09-18T18:14:44","slug":"international","status":"publish","type":"page","link":"https:\/\/24sete.pt\/fr\/international\/","title":{"rendered":"International"},"content":{"rendered":"<p>[vc_row row_type=\u00a0\u00bbrow\u00a0\u00bb use_row_as_full_screen_section=\u00a0\u00bbno\u00a0\u00bb type=\u00a0\u00bbfull_width\u00a0\u00bb parallax_content_width=\u00a0\u00bbin_grid\u00a0\u00bb angled_section=\u00a0\u00bbno\u00a0\u00bb angled_section_position=\u00a0\u00bbboth\u00a0\u00bb angled_section_direction=\u00a0\u00bbfrom_left_to_right\u00a0\u00bb text_align=\u00a0\u00bbleft\u00a0\u00bb background_image_as_pattern=\u00a0\u00bbwithout_pattern\u00a0\u00bb row_negative_margin=\u00a0\u00bb\u00a0\u00bb padding_top=\u00a0\u00bb20&Prime; padding_bottom=\u00a0\u00bb20&Prime; background_color=\u00a0\u00bb#f9f9f9&Prime;][vc_column width=\u00a0\u00bb1\/1&Prime;][vc_column_text]<\/p>\n<p><iframe loading=\"lazy\" src=\"http:\/\/www.infobolsa.pt\/WebPT\/Default.aspx?PageID=172&amp;width=970&amp;speed=2\" width=\"100%\" height=\"18\" frameborder=\"0\" scrolling=\"no\"><\/iframe><\/p>\n<p>[\/vc_column_text][\/vc_column][\/vc_row][vc_row row_type=\u00a0\u00bbrow\u00a0\u00bb type=\u00a0\u00bbgrid\u00a0\u00bb text_align=\u00a0\u00bbleft\u00a0\u00bb padding_top=\u00a0\u00bb40&Prime; padding_bottom=\u00a0\u00bb40&Prime; anchor=\u00a0\u00bbportfolio\u00a0\u00bb content_menu_title=\u00a0\u00bbPortfolio List\u00a0\u00bb content_menu_icon=\u00a0\u00bbfa-list\u00a0\u00bb background_color=\u00a0\u00bb#ffffff\u00a0\u00bb use_row_as_full_screen_section=\u00a0\u00bbno\u00a0\u00bb parallax_content_width=\u00a0\u00bbin_grid\u00a0\u00bb angled_section=\u00a0\u00bbno\u00a0\u00bb angled_section_position=\u00a0\u00bbboth\u00a0\u00bb angled_section_direction=\u00a0\u00bbfrom_left_to_right\u00a0\u00bb background_image_as_pattern=\u00a0\u00bbwithout_pattern\u00a0\u00bb row_negative_margin=\u00a0\u00bb\u00a0\u00bb border_color=\u00a0\u00bb#eeeeee\u00a0\u00bb][vc_column width=\u00a0\u00bb5\/6&Prime;][vc_column_text css=\u00a0\u00bb.vc_custom_1441706285497{padding-bottom: 40px !important;}\u00a0\u00bb]24|7 s\u2019est sp\u00e9cialis\u00e9e dans le support aux entreprises de nature internationale, en cr\u00e9ant des solutions sur mesure en vue de relever les d\u00e9fis que pr\u00e9sente l\u2019expansion internationale des entreprises.<\/p>\n<p>&nbsp;<\/p>\n<p>L\u2019approche internationale se fonde sur des relations fortes et professionnelles et sur la connaissance profonde des diff\u00e9rentes r\u00e9alit\u00e9s de zones g\u00e9ographiques distinctes.<\/p>\n<p>&nbsp;<\/p>\n<p>Nous travaillons de fa\u00e7on responsable et dans le respect des coutumes et les traditions des pays o\u00f9 nous op\u00e9rons.<\/p>\n<p>&nbsp;<\/p>\n<p>24|7 s\u2019est distingu\u00e9e au niveau international par la prestation de services transfrontaliers, l\u2019appui \u00e0 l\u2019investissement \u00e9tranger au Portugal, le support aux entreprises exportatrices et l\u2019aide \u00e0 l\u2019internationalisation.<\/p>\n<p>&nbsp;<\/p>\n<p>Nous travaillons dans les langues suivantes : portugais, anglais, fran\u00e7ais, russe et espagnol.[\/vc_column_text]<div class='q_message ' style=''><div class='q_message_inner'><a href='#' class='close'><i class='fa fa-times' style=''><\/i><\/a><div class='message_text_holder'><div class='message_text'><div class='message_text_inner'><\/p>\n<p>En cons\u00e9quence de la demande croissante de nos Clients internationaux, souhaitant se fixer au Portugal et profiter d\u2019un R\u00e9gime fiscal sp\u00e9cial pour r\u00e9sidents non habituels, 24sete a cr\u00e9\u00e9 un <a href=\"http:\/\/www.24sete.pt\/fr\/international\/residents-non-habituels \/\">Service Exclusif<\/a><\/p>\n<p><\/div><\/div><\/div><\/div><\/div>[\/vc_column][vc_column width=\u00a0\u00bb1\/6&Prime; css=\u00a0\u00bb.vc_custom_1438094416051{border-top-width: 0px !important;border-right-width: 0px !important;border-bottom-width: 0px !important;border-left-width: 1px !important;padding-top: 5px !important;padding-right: 5px !important;padding-bottom: 5px !important;padding-left: 5px !important;border-left-color: #c0c0c0 !important;border-left-style: solid !important;border-right-color: #c0c0c0 !important;border-right-style: solid !important;border-top-color: #c0c0c0 !important;border-top-style: solid !important;border-bottom-color: #c0c0c0 !important;border-bottom-style: solid !important;}\u00a0\u00bb][vc_column_text css=\u00a0\u00bb.vc_custom_1441705571213{padding-bottom: 5px !important;padding-left: 10px !important;}\u00a0\u00bb]<\/p>\n<h5 style=\"text-align: left;\">NOUVELLES<\/h5>\n<p>[\/vc_column_text][vc_column_text]<\/p>\n\n<div id=\"Internationalrss\" class=\"amr-widget-area\"><\/div>\n\n<p>[\/vc_column_text][vc_column_text css=\u00a0\u00bb.vc_custom_1441705631612{padding-top: 5px !important;padding-bottom: 5px !important;padding-left: 10px !important;}\u00a0\u00bb]<\/p>\n<h5 style=\"text-align: left;\">POUR CONSULTER:<\/h5>\n<p>[\/vc_column_text][vc_column_text css=\u00a0\u00bb.vc_custom_1441706316267{padding-left: 10px !important;}\u00a0\u00bb]<span   class=\"qode_icon_shortcode  q_font_awsome_icon   \" style=\" \"><i class=\"qode_icon_font_awesome fa fa-link qode_icon_element\" style=\"\" ><\/i><\/span>\u00a0<a href=\"http:\/\/www.diplomatie.gouv.fr\/fr\/dossiers-pays\/portugal\/presentation-du-portugal\/\" target=\"_blank\" class=\"broken_link\"><span class=\"tooltips \" style=\"\" title=\"Presentation du Portugal\">Presentation Portugal<\/span><\/a><\/p>\n<p><span   class=\"qode_icon_shortcode  q_font_awsome_icon   \" style=\" \"><i class=\"qode_icon_font_awesome fa fa-link qode_icon_element\" style=\"\" ><\/i><\/span> <a href=\"http:\/\/donnees.banquemondiale.org\/pays\/portugal\" target=\"_blank\"><span class=\"tooltips \" style=\"\" title=\"Banque Mondiale\">Banque Mondiale<\/span><\/a><\/p>\n<p><span   class=\"qode_icon_shortcode  q_font_awsome_icon   \" style=\" \"><i class=\"qode_icon_font_awesome fa fa-link qode_icon_element\" style=\"\" ><\/i><\/span> <a href=\"http:\/\/www.touteleurope.eu\/les-pays-de-l-union-europeenne\/portugal.html\" target=\"_blank\"><span class=\"tooltips \" style=\"\" title=\"\">Portugal<\/span><\/a><\/p>\n<p><span   class=\"qode_icon_shortcode  q_font_awsome_icon   \" style=\" \"><i class=\"qode_icon_font_awesome fa fa-link qode_icon_element\" style=\"\" ><\/i><\/span> <a href=\"http:\/\/www.fee.be\/\" target=\"_blank\"><span class=\"tooltips \" style=\"\" title=\"F\u00e9d\u00e9ration des Experts Comptables Europ\u00e9ens\">FEE<\/span><\/a><\/p>\n<p><span   class=\"qode_icon_shortcode  q_font_awsome_icon   \" style=\" \"><i class=\"qode_icon_font_awesome fa fa-link qode_icon_element\" style=\"\" ><\/i><\/span> <a href=\"http:\/\/www.fonction-publique.gouv.fr\/files\/files\/IMG\/Portugal_.pdf\" target=\"_blank\" class=\"broken_link\"><span class=\"tooltips \" style=\"\" title=\"Fonction Publique\">Fonction Publique<\/span><\/a><\/p>\n<p><span   class=\"qode_icon_shortcode  q_font_awsome_icon   \" style=\" \"><i class=\"qode_icon_font_awesome fa fa-link qode_icon_element\" style=\"\" ><\/i><\/span> <a href=\"https:\/\/data.oecd.org\/fr\/portugal.htm\" target=\"_blank\" class=\"broken_link\"><span class=\"tooltips \" style=\"\" title=\"Indicateurs Portugal\">Indicateurs Portugal<\/span><\/a>[\/vc_column_text][\/vc_column][\/vc_row][vc_row row_type=\u00a0\u00bbrow\u00a0\u00bb use_row_as_full_screen_section=\u00a0\u00bbno\u00a0\u00bb type=\u00a0\u00bbgrid\u00a0\u00bb parallax_content_width=\u00a0\u00bbin_grid\u00a0\u00bb angled_section=\u00a0\u00bbno\u00a0\u00bb angled_section_position=\u00a0\u00bbboth\u00a0\u00bb angled_section_direction=\u00a0\u00bbfrom_left_to_right\u00a0\u00bb text_align=\u00a0\u00bbleft\u00a0\u00bb background_image_as_pattern=\u00a0\u00bbwithout_pattern\u00a0\u00bb row_negative_margin=\u00a0\u00bb\u00a0\u00bb padding_top=\u00a0\u00bb40&Prime; padding_bottom=\u00a0\u00bb40&Prime; background_image=\u00a0\u00bb15182&Prime;][vc_column width=\u00a0\u00bb1\/1&Prime;][vc_column_text]<\/p>\n<h3 style=\"text-align: center; color: #ffffff;\">Nous sommes \u00e0 vos c\u00f4t\u00e9s 24\/7 !<br \/>\n<a style=\"color: #ffffff; line-height: 2;\" href=\"http:\/\/www.24sete.pt\/fr\/contacts\/\"><u>Contactez-nous<\/u><\/a><\/h3>\n<p>[\/vc_column_text][\/vc_column][\/vc_row]<\/p>\n","protected":false},"excerpt":{"rendered":"<p>[vc_row row_type=\u00a0\u00bbrow\u00a0\u00bb use_row_as_full_screen_section=\u00a0\u00bbno\u00a0\u00bb type=\u00a0\u00bbfull_width\u00a0\u00bb parallax_content_width=\u00a0\u00bbin_grid\u00a0\u00bb angled_section=\u00a0\u00bbno\u00a0\u00bb angled_section_position=\u00a0\u00bbboth\u00a0\u00bb angled_section_direction=\u00a0\u00bbfrom_left_to_right\u00a0\u00bb text_align=\u00a0\u00bbleft\u00a0\u00bb background_image_as_pattern=\u00a0\u00bbwithout_pattern\u00a0\u00bb row_negative_margin=\u00a0\u00bb\u00a0\u00bb padding_top=\u00a0\u00bb20&Prime; padding_bottom=\u00a0\u00bb20&Prime; background_color=\u00a0\u00bb#f9f9f9&Prime;][vc_column width=\u00a0\u00bb1\/1&Prime;][vc_column_text] [\/vc_column_text][\/vc_column][\/vc_row][vc_row row_type=\u00a0\u00bbrow\u00a0\u00bb type=\u00a0\u00bbgrid\u00a0\u00bb text_align=\u00a0\u00bbleft\u00a0\u00bb padding_top=\u00a0\u00bb40&Prime; padding_bottom=\u00a0\u00bb40&Prime; anchor=\u00a0\u00bbportfolio\u00a0\u00bb content_menu_title=\u00a0\u00bbPortfolio List\u00a0\u00bb content_menu_icon=\u00a0\u00bbfa-list\u00a0\u00bb background_color=\u00a0\u00bb#ffffff\u00a0\u00bb use_row_as_full_screen_section=\u00a0\u00bbno\u00a0\u00bb parallax_content_width=\u00a0\u00bbin_grid\u00a0\u00bb angled_section=\u00a0\u00bbno\u00a0\u00bb angled_section_position=\u00a0\u00bbboth\u00a0\u00bb angled_section_direction=\u00a0\u00bbfrom_left_to_right\u00a0\u00bb background_image_as_pattern=\u00a0\u00bbwithout_pattern\u00a0\u00bb row_negative_margin=\u00a0\u00bb\u00a0\u00bb border_color=\u00a0\u00bb#eeeeee\u00a0\u00bb][vc_column width=\u00a0\u00bb5\/6&Prime;][vc_column_text css=\u00a0\u00bb.vc_custom_1441706285497{padding-bottom: 40px !important;}\u00a0\u00bb]24|7 s\u2019est sp\u00e9cialis\u00e9e dans le support aux entreprises&#8230;<\/p>\n","protected":false},"author":8,"featured_media":0,"parent":0,"menu_order":0,"comment_status":"open","ping_status":"closed","template":"full_width.php","meta":{"footnotes":""},"class_list":["post-19050","page","type-page","status-publish","hentry"],"yoast_head":"<!-- This site is optimized with the Yoast SEO plugin v25.6 - https:\/\/yoast.com\/wordpress\/plugins\/seo\/ -->\n<title>International - 24sete<\/title>\n<meta name=\"robots\" content=\"index, follow, max-snippet:-1, max-image-preview:large, max-video-preview:-1\" \/>\n<link rel=\"canonical\" href=\"https:\/\/24sete.pt\/internacional\/\" \/>\n<meta property=\"og:locale\" content=\"fr_FR\" \/>\n<meta property=\"og:type\" content=\"article\" \/>\n<meta property=\"og:title\" content=\"International - 24sete\" \/>\n<meta property=\"og:description\" content=\"[vc_row row_type=\u00a0\u00bbrow\u00a0\u00bb use_row_as_full_screen_section=\u00a0\u00bbno\u00a0\u00bb type=\u00a0\u00bbfull_width\u00a0\u00bb parallax_content_width=\u00a0\u00bbin_grid\u00a0\u00bb angled_section=\u00a0\u00bbno\u00a0\u00bb angled_section_position=\u00a0\u00bbboth\u00a0\u00bb angled_section_direction=\u00a0\u00bbfrom_left_to_right\u00a0\u00bb text_align=\u00a0\u00bbleft\u00a0\u00bb background_image_as_pattern=\u00a0\u00bbwithout_pattern\u00a0\u00bb row_negative_margin=\u00a0\u00bb\u00a0\u00bb padding_top=\u00a0\u00bb20&Prime; padding_bottom=\u00a0\u00bb20&Prime; background_color=\u00a0\u00bb#f9f9f9&Prime;][vc_column width=\u00a0\u00bb1\/1&Prime;][vc_column_text] [\/vc_column_text][\/vc_column][\/vc_row][vc_row row_type=\u00a0\u00bbrow\u00a0\u00bb type=\u00a0\u00bbgrid\u00a0\u00bb text_align=\u00a0\u00bbleft\u00a0\u00bb padding_top=\u00a0\u00bb40&Prime; padding_bottom=\u00a0\u00bb40&Prime; anchor=\u00a0\u00bbportfolio\u00a0\u00bb content_menu_title=\u00a0\u00bbPortfolio List\u00a0\u00bb content_menu_icon=\u00a0\u00bbfa-list\u00a0\u00bb background_color=\u00a0\u00bb#ffffff\u00a0\u00bb use_row_as_full_screen_section=\u00a0\u00bbno\u00a0\u00bb parallax_content_width=\u00a0\u00bbin_grid\u00a0\u00bb angled_section=\u00a0\u00bbno\u00a0\u00bb angled_section_position=\u00a0\u00bbboth\u00a0\u00bb angled_section_direction=\u00a0\u00bbfrom_left_to_right\u00a0\u00bb background_image_as_pattern=\u00a0\u00bbwithout_pattern\u00a0\u00bb row_negative_margin=\u00a0\u00bb\u00a0\u00bb border_color=\u00a0\u00bb#eeeeee\u00a0\u00bb][vc_column width=\u00a0\u00bb5\/6&Prime;][vc_column_text css=\u00a0\u00bb.vc_custom_1441706285497{padding-bottom: 40px !important;}\u00a0\u00bb]24|7 s\u2019est sp\u00e9cialis\u00e9e dans le support aux entreprises...\" \/>\n<meta property=\"og:url\" content=\"https:\/\/24sete.pt\/internacional\/\" \/>\n<meta property=\"og:site_name\" content=\"24sete\" \/>\n<meta property=\"article:modified_time\" content=\"2015-09-18T18:14:44+00:00\" \/>\n<meta name=\"twitter:card\" content=\"summary_large_image\" \/>\n<meta name=\"twitter:label1\" content=\"Dur\u00e9e de lecture estim\u00e9e\" \/>\n\t<meta name=\"twitter:data1\" content=\"3 minutes\" \/>\n<script type=\"application\/ld+json\" class=\"yoast-schema-graph\">{\"@context\":\"https:\/\/schema.org\",\"@graph\":[{\"@type\":\"WebPage\",\"@id\":\"https:\/\/24sete.pt\/internacional\/\",\"url\":\"https:\/\/24sete.pt\/internacional\/\",\"name\":\"International - 24sete\",\"isPartOf\":{\"@id\":\"https:\/\/24sete.pt\/#website\"},\"datePublished\":\"2015-07-28T15:26:16+00:00\",\"dateModified\":\"2015-09-18T18:14:44+00:00\",\"breadcrumb\":{\"@id\":\"https:\/\/24sete.pt\/internacional\/#breadcrumb\"},\"inLanguage\":\"fr-FR\",\"potentialAction\":[{\"@type\":\"ReadAction\",\"target\":[\"https:\/\/24sete.pt\/internacional\/\"]}]},{\"@type\":\"BreadcrumbList\",\"@id\":\"https:\/\/24sete.pt\/internacional\/#breadcrumb\",\"itemListElement\":[{\"@type\":\"ListItem\",\"position\":1,\"name\":\"In\u00edcio\",\"item\":\"https:\/\/24sete.pt\/fr\/\"},{\"@type\":\"ListItem\",\"position\":2,\"name\":\"International\"}]},{\"@type\":\"WebSite\",\"@id\":\"https:\/\/24sete.pt\/#website\",\"url\":\"https:\/\/24sete.pt\/\",\"name\":\"24sete\",\"description\":\"Accounting, Advisory, strategy\",\"potentialAction\":[{\"@type\":\"SearchAction\",\"target\":{\"@type\":\"EntryPoint\",\"urlTemplate\":\"https:\/\/24sete.pt\/?s={search_term_string}\"},\"query-input\":{\"@type\":\"PropertyValueSpecification\",\"valueRequired\":true,\"valueName\":\"search_term_string\"}}],\"inLanguage\":\"fr-FR\"}]}<\/script>\n<!-- \/ Yoast SEO plugin. -->","yoast_head_json":{"title":"International - 24sete","robots":{"index":"index","follow":"follow","max-snippet":"max-snippet:-1","max-image-preview":"max-image-preview:large","max-video-preview":"max-video-preview:-1"},"canonical":"https:\/\/24sete.pt\/internacional\/","og_locale":"fr_FR","og_type":"article","og_title":"International - 24sete","og_description":"[vc_row row_type=\u00a0\u00bbrow\u00a0\u00bb use_row_as_full_screen_section=\u00a0\u00bbno\u00a0\u00bb type=\u00a0\u00bbfull_width\u00a0\u00bb parallax_content_width=\u00a0\u00bbin_grid\u00a0\u00bb angled_section=\u00a0\u00bbno\u00a0\u00bb angled_section_position=\u00a0\u00bbboth\u00a0\u00bb angled_section_direction=\u00a0\u00bbfrom_left_to_right\u00a0\u00bb text_align=\u00a0\u00bbleft\u00a0\u00bb background_image_as_pattern=\u00a0\u00bbwithout_pattern\u00a0\u00bb row_negative_margin=\u00a0\u00bb\u00a0\u00bb padding_top=\u00a0\u00bb20&Prime; padding_bottom=\u00a0\u00bb20&Prime; background_color=\u00a0\u00bb#f9f9f9&Prime;][vc_column width=\u00a0\u00bb1\/1&Prime;][vc_column_text] [\/vc_column_text][\/vc_column][\/vc_row][vc_row row_type=\u00a0\u00bbrow\u00a0\u00bb type=\u00a0\u00bbgrid\u00a0\u00bb text_align=\u00a0\u00bbleft\u00a0\u00bb padding_top=\u00a0\u00bb40&Prime; padding_bottom=\u00a0\u00bb40&Prime; anchor=\u00a0\u00bbportfolio\u00a0\u00bb content_menu_title=\u00a0\u00bbPortfolio List\u00a0\u00bb content_menu_icon=\u00a0\u00bbfa-list\u00a0\u00bb background_color=\u00a0\u00bb#ffffff\u00a0\u00bb use_row_as_full_screen_section=\u00a0\u00bbno\u00a0\u00bb parallax_content_width=\u00a0\u00bbin_grid\u00a0\u00bb angled_section=\u00a0\u00bbno\u00a0\u00bb angled_section_position=\u00a0\u00bbboth\u00a0\u00bb angled_section_direction=\u00a0\u00bbfrom_left_to_right\u00a0\u00bb background_image_as_pattern=\u00a0\u00bbwithout_pattern\u00a0\u00bb row_negative_margin=\u00a0\u00bb\u00a0\u00bb border_color=\u00a0\u00bb#eeeeee\u00a0\u00bb][vc_column width=\u00a0\u00bb5\/6&Prime;][vc_column_text css=\u00a0\u00bb.vc_custom_1441706285497{padding-bottom: 40px !important;}\u00a0\u00bb]24|7 s\u2019est sp\u00e9cialis\u00e9e dans le support aux entreprises...","og_url":"https:\/\/24sete.pt\/internacional\/","og_site_name":"24sete","article_modified_time":"2015-09-18T18:14:44+00:00","twitter_card":"summary_large_image","twitter_misc":{"Dur\u00e9e de lecture estim\u00e9e":"3 minutes"},"schema":{"@context":"https:\/\/schema.org","@graph":[{"@type":"WebPage","@id":"https:\/\/24sete.pt\/internacional\/","url":"https:\/\/24sete.pt\/internacional\/","name":"International - 24sete","isPartOf":{"@id":"https:\/\/24sete.pt\/#website"},"datePublished":"2015-07-28T15:26:16+00:00","dateModified":"2015-09-18T18:14:44+00:00","breadcrumb":{"@id":"https:\/\/24sete.pt\/internacional\/#breadcrumb"},"inLanguage":"fr-FR","potentialAction":[{"@type":"ReadAction","target":["https:\/\/24sete.pt\/internacional\/"]}]},{"@type":"BreadcrumbList","@id":"https:\/\/24sete.pt\/internacional\/#breadcrumb","itemListElement":[{"@type":"ListItem","position":1,"name":"In\u00edcio","item":"https:\/\/24sete.pt\/fr\/"},{"@type":"ListItem","position":2,"name":"International"}]},{"@type":"WebSite","@id":"https:\/\/24sete.pt\/#website","url":"https:\/\/24sete.pt\/","name":"24sete","description":"Accounting, Advisory, strategy","potentialAction":[{"@type":"SearchAction","target":{"@type":"EntryPoint","urlTemplate":"https:\/\/24sete.pt\/?s={search_term_string}"},"query-input":{"@type":"PropertyValueSpecification","valueRequired":true,"valueName":"search_term_string"}}],"inLanguage":"fr-FR"}]}},"_links":{"self":[{"href":"https:\/\/24sete.pt\/fr\/wp-json\/wp\/v2\/pages\/19050","targetHints":{"allow":["GET"]}}],"collection":[{"href":"https:\/\/24sete.pt\/fr\/wp-json\/wp\/v2\/pages"}],"about":[{"href":"https:\/\/24sete.pt\/fr\/wp-json\/wp\/v2\/types\/page"}],"author":[{"embeddable":true,"href":"https:\/\/24sete.pt\/fr\/wp-json\/wp\/v2\/users\/8"}],"replies":[{"embeddable":true,"href":"https:\/\/24sete.pt\/fr\/wp-json\/wp\/v2\/comments?post=19050"}],"version-history":[{"count":0,"href":"https:\/\/24sete.pt\/fr\/wp-json\/wp\/v2\/pages\/19050\/revisions"}],"wp:attachment":[{"href":"https:\/\/24sete.pt\/fr\/wp-json\/wp\/v2\/media?parent=19050"}],"curies":[{"name":"wp","href":"https:\/\/api.w.org\/{rel}","templated":true}]}}