{"id":19056,"date":"2015-08-25T09:50:46","date_gmt":"2015-08-25T08:50:46","guid":{"rendered":"http:\/\/www.24sete.pt\/fr\/?page_id=19056"},"modified":"2015-09-11T17:56:29","modified_gmt":"2015-09-11T16:56:29","slug":"residents-non-habituels","status":"publish","type":"page","link":"https:\/\/24sete.pt\/fr\/international\/residents-non-habituels\/","title":{"rendered":"R\u00e9sidents Non Habituels"},"content":{"rendered":"<p>[vc_row row_type=\u00a0\u00bbrow\u00a0\u00bb type=\u00a0\u00bbgrid\u00a0\u00bb text_align=\u00a0\u00bbleft\u00a0\u00bb padding_top=\u00a0\u00bb40&Prime; padding_bottom=\u00a0\u00bb40&Prime; anchor=\u00a0\u00bbportfolio\u00a0\u00bb content_menu_title=\u00a0\u00bbPortfolio List\u00a0\u00bb content_menu_icon=\u00a0\u00bbfa-list\u00a0\u00bb background_color=\u00a0\u00bb#ffffff\u00a0\u00bb use_row_as_full_screen_section=\u00a0\u00bbno\u00a0\u00bb parallax_content_width=\u00a0\u00bbin_grid\u00a0\u00bb angled_section=\u00a0\u00bbno\u00a0\u00bb angled_section_position=\u00a0\u00bbboth\u00a0\u00bb angled_section_direction=\u00a0\u00bbfrom_left_to_right\u00a0\u00bb background_image_as_pattern=\u00a0\u00bbwithout_pattern\u00a0\u00bb row_negative_margin=\u00a0\u00bb\u00a0\u00bb border_color=\u00a0\u00bb#eeeeee\u00a0\u00bb][vc_column width=\u00a0\u00bb5\/6&Prime;][vc_column_text]En cons\u00e9quence de la demande croissante de nos Clients internationaux, souhaitant se fixer au Portugal et profiter d\u2019un R\u00e9gime fiscal sp\u00e9cial pour r\u00e9sidents non habituels, 24sete a cr\u00e9\u00e9 un Service exclusif.<\/p>\n<p>&nbsp;<\/p>\n<p>Chez 24|7, chaque Client \u00e9tranger, souhaitant investir et s\u2019installer au Portugal aura un service d\u2019assistance personnalis\u00e9, \u00e9tudi\u00e9 au cas par cas et dans sa langue.<\/p>\n<p>&nbsp;<\/p>\n<p>Chez 24|7 vous trouverez des <strong><a href=\"http:\/\/www.24sete.pt\/fr\/services\/comptabilite\/\">services comptables <\/a><\/strong>, sp\u00e9cialement pens\u00e9s pour les R\u00e9sidents non habituels.<\/p>\n<p>&nbsp;<\/p>\n<p>Pour faire la diff\u00e9rence, 24|7 propose des services int\u00e9gr\u00e9s <strong><a href=\"http:\/\/www.24sete.pt\/fr\/services\/fiscalite\/\">d\u2019Assistance en mati\u00e8re fiscale<\/a><\/strong>, <strong><a href=\"http:\/\/www.24sete.pt\/fr\/services\/strategie\/\">d\u2019Aide \u00e0 l\u2019investisseur<\/a><\/strong>, <strong><a href=\"http:\/\/www.24sete.pt\/fr\/services\/conseil-juridique\/\">de Conseil juridique et en mati\u00e8re d\u2019immobilier<\/a>.<\/strong><\/p>\n<p>&nbsp;<\/p>\n<p>Nous savons exactement ce dont vous avez besoin. Nous connaissons vos besoins et nous avons des r\u00e9ponses pr\u00e9cises et efficaces.<\/p>\n<p>&nbsp;<\/p>\n<p>Notre exp\u00e9rience fait de 24sete, votre partenaire id\u00e9al.<br \/>\n<strong><a href=\"http:\/\/www.24sete.pt\/fr\/contacts\/\">D\u00e9couvrez comment<\/a><\/strong>, rejoignez-nous au Portugal.<\/p>\n<p>&nbsp;<\/p>\n<p><strong>Pourquoi devenir R\u00e9sident non habituel?<\/strong><\/p>\n<p>&nbsp;<\/p>\n<ul>\n<li>Le climat, la s\u00e9curit\u00e9, la gastronomie, le patrimoine culturel, le golf et la mer<\/li>\n<li>Un moment excellent pour l\u2019investissement<\/li>\n<li>Localisation strat\u00e9gique du Portugal et de ses archipels<\/li>\n<li>L\u2019imp\u00f4t sur la fortune n\u2019existe pas<\/li>\n<li>Syst\u00e8me fiscal stable<\/li>\n<li>Toutes les obligations sont d\u00e9mat\u00e9rialis\u00e9es sur la plateforme web de l\u2019administration fiscale<\/li>\n<li>L\u2019imp\u00f4t successoral de la famille ayant un lien direct n\u2019existe pas<\/li>\n<li>L\u2019imp\u00f4t sur les donations au sein de la famille ayant un lien direct n\u2019existe pas<\/li>\n<\/ul>\n<p>&nbsp;<\/p>\n<p>24|7 peut vous aider durant tout le processus afin que vous deveniez R\u00e9sident non habituel au Portugal.<\/p>\n<p>&nbsp;<\/p>\n<p>Chaque Client est un cas unique, de sorte qu\u2019il est essentiel de construire un plan sp\u00e9cifique.<\/p>\n<p>&nbsp;<\/p>\n<p>Chez 24|7 vous trouverez des professionnels exp\u00e9riment\u00e9s qui vous aideront \u00e0 comprendre et \u00e0 respecter l\u2019ensemble des questions et des formalit\u00e9s aussi bien la premi\u00e8re ann\u00e9e, que les ann\u00e9es suivantes, afin que vous puissiez b\u00e9n\u00e9ficier de tous les avantages de ce r\u00e9gime.<\/p>\n<p>&nbsp;<\/p>\n<p>Nous traitons de toutes les questions relatives \u00e0 la <strong><a href=\"http:\/\/www.24sete.pt\/fr\/services\/comptabilite\/\">Comptabilit\u00e9<\/a><\/strong>, <strong><a href=\"http:\/\/www.24sete.pt\/fr\/services\/fiscalite\/\">aux D\u00e9clarations d\u2019imp\u00f4ts p\u00e9riodiques et annuelles<\/a><\/strong>, <strong><a href=\"http:\/\/www.24sete.pt\/fr\/services\/services-administratifs-de-ressources-humaines\/\">aux processus bureaucratiques<\/a><\/strong>, <strong><a href=\"http:\/\/www.24sete.pt\/fr\/services\/fiscalite\/\">\u00e0 la Planification fiscale<\/a><\/strong>; <strong><a href=\"http:\/\/www.24sete.pt\/fr\/services\/strategie\/\">\u00e0 l\u2019\u00c9tude et \u00e0 l\u2019Aide \u00e0 l\u2019investissement (immobilier et mobilier)<\/a><\/strong>, etc\u2026<\/p>\n<p>&nbsp;<\/p>\n<p>Vous trouverez chez 24|7 un partenaire unique, vous proposant un Service Consacr\u00e9 \u00e0 la compr\u00e9hension de toutes les conditions et avantages pour les RNH. Entre beaucoup d\u2019autres services (soci\u00e9taire, fiscal, immobilier, etc.) nous proposons:<\/p>\n<p>&nbsp;<\/p>\n<ul>\n<li>Une r\u00e9union personnalis\u00e9e \u2013 le cadre do Votre cas;<\/li>\n<li>La structuration et l\u2019assistance dans la d\u00e9cision et \u00e0 l\u2019arriv\u00e9e;<\/li>\n<li>L\u2019appui pr\u00e9sentiel dans le respect des formalit\u00e9s comptables, l\u00e9gales et fiscales;<\/li>\n<li>Assistance dans chaque \u00e9tape de l\u2019installation, de la candidature au r\u00e9gime de NRH et sujets connexes;<\/li>\n<li>Assistance pour remplir et pr\u00e9senter les futures d\u00e9clarations d\u2019imp\u00f4ts;<\/li>\n<li>Aide juridique \u00e0 tout moment.<\/li>\n<\/ul>\n<p>[\/vc_column_text][\/vc_column][vc_column width=\u00a0\u00bb1\/6&Prime; css=\u00a0\u00bb.vc_custom_1438094416051{border-top-width: 0px !important;border-right-width: 0px !important;border-bottom-width: 0px !important;border-left-width: 1px !important;padding-top: 5px !important;padding-right: 5px !important;padding-bottom: 5px !important;padding-left: 5px !important;border-left-color: #c0c0c0 !important;border-left-style: solid !important;border-right-color: #c0c0c0 !important;border-right-style: solid !important;border-top-color: #c0c0c0 !important;border-top-style: solid !important;border-bottom-color: #c0c0c0 !important;border-bottom-style: solid !important;}\u00a0\u00bb][vc_column_text css=\u00a0\u00bb.vc_custom_1441707172400{padding-bottom: 5px !important;padding-left: 10px !important;}\u00a0\u00bb]<\/p>\n<h5 style=\"text-align: left;\">NOUVELLES<\/h5>\n<p>[\/vc_column_text][vc_column_text]<\/p>\n\n<div id=\"Internationalrss\" class=\"amr-widget-area\"><\/div>\n\n<p>[\/vc_column_text][vc_column_text css=\u00a0\u00bb.vc_custom_1441707190017{padding-top: 5px !important;padding-bottom: 5px !important;padding-left: 10px !important;}\u00a0\u00bb]<\/p>\n<h5 style=\"text-align: left;\">POUR CONSULTER:<\/h5>\n<p>[\/vc_column_text][vc_column_text css=\u00a0\u00bb.vc_custom_1441707200238{padding-left: 10px !important;}\u00a0\u00bb]<span   class=\"qode_icon_shortcode  q_font_awsome_icon   \" style=\" \"><i class=\"qode_icon_font_awesome fa fa-link qode_icon_element\" style=\"\" ><\/i><\/span>\u00a0<a href=\"http:\/\/www.diplomatie.gouv.fr\/fr\/dossiers-pays\/portugal\/presentation-du-portugal\/\" target=\"_blank\" class=\"broken_link\"><span class=\"tooltips \" style=\"\" title=\"Presentation du Portugal\">Presentation Portugal<\/span><\/a><\/p>\n<p><span   class=\"qode_icon_shortcode  q_font_awsome_icon   \" style=\" \"><i class=\"qode_icon_font_awesome fa fa-link qode_icon_element\" style=\"\" ><\/i><\/span> <a href=\"http:\/\/donnees.banquemondiale.org\/pays\/portugal\" target=\"_blank\"><span class=\"tooltips \" style=\"\" title=\"Banque Mondiale\">Banque Mondiale<\/span><\/a><\/p>\n<p><span   class=\"qode_icon_shortcode  q_font_awsome_icon   \" style=\" \"><i class=\"qode_icon_font_awesome fa fa-link qode_icon_element\" style=\"\" ><\/i><\/span> <a href=\"http:\/\/www.touteleurope.eu\/les-pays-de-l-union-europeenne\/portugal.html\" target=\"_blank\"><span class=\"tooltips \" style=\"\" title=\"\">Portugal<\/span><\/a><\/p>\n<p><span   class=\"qode_icon_shortcode  q_font_awsome_icon   \" style=\" \"><i class=\"qode_icon_font_awesome fa fa-link qode_icon_element\" style=\"\" ><\/i><\/span> <a href=\"http:\/\/www.fee.be\/\" target=\"_blank\"><span class=\"tooltips \" style=\"\" title=\"F\u00e9d\u00e9ration des Experts Comptables Europ\u00e9ens\">FEE<\/span><\/a><\/p>\n<p><span   class=\"qode_icon_shortcode  q_font_awsome_icon   \" style=\" \"><i class=\"qode_icon_font_awesome fa fa-link qode_icon_element\" style=\"\" ><\/i><\/span> <a href=\"http:\/\/www.fonction-publique.gouv.fr\/files\/files\/IMG\/Portugal_.pdf\" target=\"_blank\" class=\"broken_link\"><span class=\"tooltips \" style=\"\" title=\"Fonction Publique\">Fonction Publique<\/span><\/a><\/p>\n<p><span   class=\"qode_icon_shortcode  q_font_awsome_icon   \" style=\" \"><i class=\"qode_icon_font_awesome fa fa-link qode_icon_element\" style=\"\" ><\/i><\/span> <a href=\"https:\/\/data.oecd.org\/fr\/portugal.htm\" target=\"_blank\" class=\"broken_link\"><span class=\"tooltips \" style=\"\" title=\"Indicateurs Portugal\">Indicateurs Portugal<\/span><\/a>[\/vc_column_text][\/vc_column][\/vc_row][vc_row row_type=\u00a0\u00bbrow\u00a0\u00bb use_row_as_full_screen_section=\u00a0\u00bbno\u00a0\u00bb type=\u00a0\u00bbgrid\u00a0\u00bb parallax_content_width=\u00a0\u00bbin_grid\u00a0\u00bb angled_section=\u00a0\u00bbno\u00a0\u00bb angled_section_position=\u00a0\u00bbboth\u00a0\u00bb angled_section_direction=\u00a0\u00bbfrom_left_to_right\u00a0\u00bb text_align=\u00a0\u00bbleft\u00a0\u00bb background_image_as_pattern=\u00a0\u00bbwithout_pattern\u00a0\u00bb row_negative_margin=\u00a0\u00bb\u00a0\u00bb padding_top=\u00a0\u00bb40&Prime; padding_bottom=\u00a0\u00bb40&Prime; background_image=\u00a0\u00bb15182&Prime;][vc_column width=\u00a0\u00bb1\/1&Prime;][vc_column_text]<\/p>\n<h3 style=\"text-align: center; color: #ffffff;\">Travaillez avec nous. Sentez la s\u00e9curit\u00e9 d\u2019un partenaire exp\u00e9riment\u00e9 et efficace.<br \/>\n<a style=\"color: #ffffff; line-height: 2;\" href=\"http:\/\/www.24sete.pt\/fr\/contacts\/\"><u>Contactez-nous<\/u><\/a><\/h3>\n<p>[\/vc_column_text][\/vc_column][\/vc_row]<\/p>\n","protected":false},"excerpt":{"rendered":"<p>[vc_row row_type=\u00a0\u00bbrow\u00a0\u00bb type=\u00a0\u00bbgrid\u00a0\u00bb text_align=\u00a0\u00bbleft\u00a0\u00bb padding_top=\u00a0\u00bb40&Prime; padding_bottom=\u00a0\u00bb40&Prime; anchor=\u00a0\u00bbportfolio\u00a0\u00bb content_menu_title=\u00a0\u00bbPortfolio List\u00a0\u00bb content_menu_icon=\u00a0\u00bbfa-list\u00a0\u00bb background_color=\u00a0\u00bb#ffffff\u00a0\u00bb use_row_as_full_screen_section=\u00a0\u00bbno\u00a0\u00bb parallax_content_width=\u00a0\u00bbin_grid\u00a0\u00bb angled_section=\u00a0\u00bbno\u00a0\u00bb angled_section_position=\u00a0\u00bbboth\u00a0\u00bb angled_section_direction=\u00a0\u00bbfrom_left_to_right\u00a0\u00bb background_image_as_pattern=\u00a0\u00bbwithout_pattern\u00a0\u00bb row_negative_margin=\u00a0\u00bb\u00a0\u00bb border_color=\u00a0\u00bb#eeeeee\u00a0\u00bb][vc_column width=\u00a0\u00bb5\/6&Prime;][vc_column_text]En cons\u00e9quence de la demande croissante de nos Clients internationaux, souhaitant se fixer au Portugal et profiter d\u2019un R\u00e9gime fiscal sp\u00e9cial pour r\u00e9sidents non habituels, 24sete&#8230;<\/p>\n","protected":false},"author":8,"featured_media":0,"parent":19050,"menu_order":0,"comment_status":"open","ping_status":"open","template":"full_width.php","meta":{"footnotes":""},"class_list":["post-19056","page","type-page","status-publish","hentry"],"yoast_head":"<!-- This site is optimized with the Yoast SEO plugin v25.6 - https:\/\/yoast.com\/wordpress\/plugins\/seo\/ -->\n<title>R\u00e9sidents Non Habituels - 24sete<\/title>\n<meta name=\"robots\" content=\"index, follow, max-snippet:-1, max-image-preview:large, max-video-preview:-1\" \/>\n<link rel=\"canonical\" href=\"https:\/\/24sete.pt\/internacional\/residentes-nao-habituais\/\" \/>\n<meta property=\"og:locale\" content=\"fr_FR\" \/>\n<meta property=\"og:type\" content=\"article\" \/>\n<meta property=\"og:title\" content=\"R\u00e9sidents Non Habituels - 24sete\" \/>\n<meta property=\"og:description\" content=\"[vc_row row_type=\u00a0\u00bbrow\u00a0\u00bb type=\u00a0\u00bbgrid\u00a0\u00bb text_align=\u00a0\u00bbleft\u00a0\u00bb padding_top=\u00a0\u00bb40&Prime; padding_bottom=\u00a0\u00bb40&Prime; anchor=\u00a0\u00bbportfolio\u00a0\u00bb content_menu_title=\u00a0\u00bbPortfolio List\u00a0\u00bb content_menu_icon=\u00a0\u00bbfa-list\u00a0\u00bb background_color=\u00a0\u00bb#ffffff\u00a0\u00bb use_row_as_full_screen_section=\u00a0\u00bbno\u00a0\u00bb parallax_content_width=\u00a0\u00bbin_grid\u00a0\u00bb angled_section=\u00a0\u00bbno\u00a0\u00bb angled_section_position=\u00a0\u00bbboth\u00a0\u00bb angled_section_direction=\u00a0\u00bbfrom_left_to_right\u00a0\u00bb background_image_as_pattern=\u00a0\u00bbwithout_pattern\u00a0\u00bb row_negative_margin=\u00a0\u00bb\u00a0\u00bb border_color=\u00a0\u00bb#eeeeee\u00a0\u00bb][vc_column width=\u00a0\u00bb5\/6&Prime;][vc_column_text]En cons\u00e9quence de la demande croissante de nos Clients internationaux, souhaitant se fixer au Portugal et profiter d\u2019un R\u00e9gime fiscal sp\u00e9cial pour r\u00e9sidents non habituels, 24sete...\" \/>\n<meta property=\"og:url\" content=\"https:\/\/24sete.pt\/internacional\/residentes-nao-habituais\/\" \/>\n<meta property=\"og:site_name\" content=\"24sete\" \/>\n<meta property=\"article:modified_time\" content=\"2015-09-11T16:56:29+00:00\" \/>\n<meta name=\"twitter:card\" content=\"summary_large_image\" \/>\n<meta name=\"twitter:label1\" content=\"Dur\u00e9e de lecture estim\u00e9e\" \/>\n\t<meta name=\"twitter:data1\" content=\"4 minutes\" \/>\n<script type=\"application\/ld+json\" class=\"yoast-schema-graph\">{\"@context\":\"https:\/\/schema.org\",\"@graph\":[{\"@type\":\"WebPage\",\"@id\":\"https:\/\/24sete.pt\/internacional\/residentes-nao-habituais\/\",\"url\":\"https:\/\/24sete.pt\/internacional\/residentes-nao-habituais\/\",\"name\":\"R\u00e9sidents Non Habituels - 24sete\",\"isPartOf\":{\"@id\":\"https:\/\/24sete.pt\/#website\"},\"datePublished\":\"2015-08-25T08:50:46+00:00\",\"dateModified\":\"2015-09-11T16:56:29+00:00\",\"breadcrumb\":{\"@id\":\"https:\/\/24sete.pt\/internacional\/residentes-nao-habituais\/#breadcrumb\"},\"inLanguage\":\"fr-FR\",\"potentialAction\":[{\"@type\":\"ReadAction\",\"target\":[\"https:\/\/24sete.pt\/internacional\/residentes-nao-habituais\/\"]}]},{\"@type\":\"BreadcrumbList\",\"@id\":\"https:\/\/24sete.pt\/internacional\/residentes-nao-habituais\/#breadcrumb\",\"itemListElement\":[{\"@type\":\"ListItem\",\"position\":1,\"name\":\"In\u00edcio\",\"item\":\"https:\/\/24sete.pt\/fr\/\"},{\"@type\":\"ListItem\",\"position\":2,\"name\":\"International\",\"item\":\"https:\/\/24sete.pt\/internacional\/\"},{\"@type\":\"ListItem\",\"position\":3,\"name\":\"R\u00e9sidents Non Habituels\"}]},{\"@type\":\"WebSite\",\"@id\":\"https:\/\/24sete.pt\/#website\",\"url\":\"https:\/\/24sete.pt\/\",\"name\":\"24sete\",\"description\":\"Accounting, Advisory, strategy\",\"potentialAction\":[{\"@type\":\"SearchAction\",\"target\":{\"@type\":\"EntryPoint\",\"urlTemplate\":\"https:\/\/24sete.pt\/?s={search_term_string}\"},\"query-input\":{\"@type\":\"PropertyValueSpecification\",\"valueRequired\":true,\"valueName\":\"search_term_string\"}}],\"inLanguage\":\"fr-FR\"}]}<\/script>\n<!-- \/ Yoast SEO plugin. -->","yoast_head_json":{"title":"R\u00e9sidents Non Habituels - 24sete","robots":{"index":"index","follow":"follow","max-snippet":"max-snippet:-1","max-image-preview":"max-image-preview:large","max-video-preview":"max-video-preview:-1"},"canonical":"https:\/\/24sete.pt\/internacional\/residentes-nao-habituais\/","og_locale":"fr_FR","og_type":"article","og_title":"R\u00e9sidents Non Habituels - 24sete","og_description":"[vc_row row_type=\u00a0\u00bbrow\u00a0\u00bb type=\u00a0\u00bbgrid\u00a0\u00bb text_align=\u00a0\u00bbleft\u00a0\u00bb padding_top=\u00a0\u00bb40&Prime; padding_bottom=\u00a0\u00bb40&Prime; anchor=\u00a0\u00bbportfolio\u00a0\u00bb content_menu_title=\u00a0\u00bbPortfolio List\u00a0\u00bb content_menu_icon=\u00a0\u00bbfa-list\u00a0\u00bb background_color=\u00a0\u00bb#ffffff\u00a0\u00bb use_row_as_full_screen_section=\u00a0\u00bbno\u00a0\u00bb parallax_content_width=\u00a0\u00bbin_grid\u00a0\u00bb angled_section=\u00a0\u00bbno\u00a0\u00bb angled_section_position=\u00a0\u00bbboth\u00a0\u00bb angled_section_direction=\u00a0\u00bbfrom_left_to_right\u00a0\u00bb background_image_as_pattern=\u00a0\u00bbwithout_pattern\u00a0\u00bb row_negative_margin=\u00a0\u00bb\u00a0\u00bb border_color=\u00a0\u00bb#eeeeee\u00a0\u00bb][vc_column width=\u00a0\u00bb5\/6&Prime;][vc_column_text]En cons\u00e9quence de la demande croissante de nos Clients internationaux, souhaitant se fixer au Portugal et profiter d\u2019un R\u00e9gime fiscal sp\u00e9cial pour r\u00e9sidents non habituels, 24sete...","og_url":"https:\/\/24sete.pt\/internacional\/residentes-nao-habituais\/","og_site_name":"24sete","article_modified_time":"2015-09-11T16:56:29+00:00","twitter_card":"summary_large_image","twitter_misc":{"Dur\u00e9e de lecture estim\u00e9e":"4 minutes"},"schema":{"@context":"https:\/\/schema.org","@graph":[{"@type":"WebPage","@id":"https:\/\/24sete.pt\/internacional\/residentes-nao-habituais\/","url":"https:\/\/24sete.pt\/internacional\/residentes-nao-habituais\/","name":"R\u00e9sidents Non Habituels - 24sete","isPartOf":{"@id":"https:\/\/24sete.pt\/#website"},"datePublished":"2015-08-25T08:50:46+00:00","dateModified":"2015-09-11T16:56:29+00:00","breadcrumb":{"@id":"https:\/\/24sete.pt\/internacional\/residentes-nao-habituais\/#breadcrumb"},"inLanguage":"fr-FR","potentialAction":[{"@type":"ReadAction","target":["https:\/\/24sete.pt\/internacional\/residentes-nao-habituais\/"]}]},{"@type":"BreadcrumbList","@id":"https:\/\/24sete.pt\/internacional\/residentes-nao-habituais\/#breadcrumb","itemListElement":[{"@type":"ListItem","position":1,"name":"In\u00edcio","item":"https:\/\/24sete.pt\/fr\/"},{"@type":"ListItem","position":2,"name":"International","item":"https:\/\/24sete.pt\/internacional\/"},{"@type":"ListItem","position":3,"name":"R\u00e9sidents Non Habituels"}]},{"@type":"WebSite","@id":"https:\/\/24sete.pt\/#website","url":"https:\/\/24sete.pt\/","name":"24sete","description":"Accounting, Advisory, strategy","potentialAction":[{"@type":"SearchAction","target":{"@type":"EntryPoint","urlTemplate":"https:\/\/24sete.pt\/?s={search_term_string}"},"query-input":{"@type":"PropertyValueSpecification","valueRequired":true,"valueName":"search_term_string"}}],"inLanguage":"fr-FR"}]}},"_links":{"self":[{"href":"https:\/\/24sete.pt\/fr\/wp-json\/wp\/v2\/pages\/19056","targetHints":{"allow":["GET"]}}],"collection":[{"href":"https:\/\/24sete.pt\/fr\/wp-json\/wp\/v2\/pages"}],"about":[{"href":"https:\/\/24sete.pt\/fr\/wp-json\/wp\/v2\/types\/page"}],"author":[{"embeddable":true,"href":"https:\/\/24sete.pt\/fr\/wp-json\/wp\/v2\/users\/8"}],"replies":[{"embeddable":true,"href":"https:\/\/24sete.pt\/fr\/wp-json\/wp\/v2\/comments?post=19056"}],"version-history":[{"count":0,"href":"https:\/\/24sete.pt\/fr\/wp-json\/wp\/v2\/pages\/19056\/revisions"}],"up":[{"embeddable":true,"href":"https:\/\/24sete.pt\/fr\/wp-json\/wp\/v2\/pages\/19050"}],"wp:attachment":[{"href":"https:\/\/24sete.pt\/fr\/wp-json\/wp\/v2\/media?parent=19056"}],"curies":[{"name":"wp","href":"https:\/\/api.w.org\/{rel}","templated":true}]}}