{"id":19062,"date":"2015-07-13T14:32:45","date_gmt":"2015-07-13T13:32:45","guid":{"rendered":"http:\/\/www.24sete.pt\/fr\/?page_id=19062"},"modified":"2015-12-07T11:16:31","modified_gmt":"2015-12-07T11:16:31","slug":"proposition","status":"publish","type":"page","link":"https:\/\/24sete.pt\/fr\/proposition\/","title":{"rendered":"Sollicitez une proposition"},"content":{"rendered":"<p>[vc_row][vc_column][vc_column_text]<\/p>\n<h3 style=\"text-align: center;\">Bonne nouvelle! Nous ne sommes pas aussi co\u00fbteux que vous le pensez. D\u00e9couvrez quel serait le co\u00fbt avec pr\u00e9cision, ici:<\/h3>\n<p>[\/vc_column_text][\/vc_column][\/vc_row][vc_row padding_top=\u00a0\u00bb50&Prime; padding_bottom=\u00a0\u00bb50&Prime;][vc_column][vc_row_inner][vc_column_inner width=\u00a0\u00bb1\/2&Prime;][vc_column_text]<\/p>\n\n<div class=\"wpcf7 no-js\" id=\"wpcf7-f19014-o1\" lang=\"pt-PT\" dir=\"ltr\" data-wpcf7-id=\"19014\">\n<div class=\"screen-reader-response\"><p role=\"status\" aria-live=\"polite\" aria-atomic=\"true\"><\/p> <ul><\/ul><\/div>\n<form action=\"\/fr\/wp-json\/wp\/v2\/pages\/19062#wpcf7-f19014-o1\" method=\"post\" class=\"wpcf7-form init\" aria-label=\"Formul\u00e1rio de contacto\" novalidate=\"novalidate\" data-status=\"init\">\n<fieldset class=\"hidden-fields-container\"><input type=\"hidden\" name=\"_wpcf7\" value=\"19014\" \/><input type=\"hidden\" name=\"_wpcf7_version\" value=\"6.1.1\" \/><input type=\"hidden\" name=\"_wpcf7_locale\" value=\"pt_PT\" \/><input type=\"hidden\" name=\"_wpcf7_unit_tag\" value=\"wpcf7-f19014-o1\" \/><input type=\"hidden\" name=\"_wpcf7_container_post\" value=\"0\" \/><input type=\"hidden\" name=\"_wpcf7_posted_data_hash\" value=\"\" \/>\n<\/fieldset>\n<p>Remplir le form ou envoyer un email \u00e0: <a href=\"mailto:24sete@24sete.pt\">24sete@24sete.pt<\/a>\n<\/p>\n<p><span class=\"wpcf7-form-control-wrap\" data-name=\"Empresa\"><select class=\"wpcf7-form-control wpcf7-select wpcf7-validates-as-required\" aria-required=\"true\" aria-invalid=\"false\" name=\"Empresa\"><option value=\"Type d\u2019entreprise\">Type d\u2019entreprise<\/option><option value=\"Individuelle\">Individuelle<\/option><option value=\"Micro-entreprise\">Micro-entreprise<\/option><option value=\"PME\">PME<\/option><option value=\"Autre\">Autre<\/option><\/select><\/span>\n<\/p>\n<p><span class=\"wpcf7-form-control-wrap\" data-name=\"business\"><input class=\"wpcf7-form-control wpcf7-number wpcf7-validates-as-number\" min=\"0\" max=\"100000000\" aria-invalid=\"false\" placeholder=\"Chiffre d\u2019affaire annuel (\u20ac)\" value=\"\" type=\"number\" name=\"business\" \/><\/span>\n<\/p>\n<p><span class=\"wpcf7-form-control-wrap\" data-name=\"workers\"><input class=\"wpcf7-form-control wpcf7-number wpcf7-validates-as-number\" min=\"0\" max=\"30000\" aria-invalid=\"false\" placeholder=\"Nombre de travailleurs\" value=\"\" type=\"number\" name=\"workers\" \/><\/span>\n<\/p>\n<p><span class=\"wpcf7-form-control-wrap\" data-name=\"mensagem\"><textarea cols=\"40\" rows=\"10\" maxlength=\"2000\" class=\"wpcf7-form-control wpcf7-textarea\" aria-invalid=\"false\" placeholder=\"Observations (que vous consid\u00e9rez importantes pour l\u2019\u00e9valuation de votre projet)\" name=\"mensagem\"><\/textarea><\/span>\n<\/p>\n<p><span class=\"wpcf7-form-control-wrap\" data-name=\"your-name2\"><input size=\"40\" maxlength=\"400\" class=\"wpcf7-form-control wpcf7-text wpcf7-validates-as-required\" aria-required=\"true\" aria-invalid=\"false\" placeholder=\"Pr\u00e9nom *\" value=\"\" type=\"text\" name=\"your-name2\" \/><\/span>\n<\/p>\n<p><span class=\"wpcf7-form-control-wrap\" data-name=\"your-name\"><input size=\"40\" maxlength=\"400\" class=\"wpcf7-form-control wpcf7-text wpcf7-validates-as-required\" aria-required=\"true\" aria-invalid=\"false\" placeholder=\"Nom *\" value=\"\" type=\"text\" name=\"your-name\" \/><\/span>\n<\/p>\n<p><span class=\"wpcf7-form-control-wrap\" data-name=\"Telefone\"><input size=\"40\" maxlength=\"400\" class=\"wpcf7-form-control wpcf7-tel wpcf7-text wpcf7-validates-as-tel\" aria-invalid=\"false\" placeholder=\"T\u00e9l\u00e9phone\" value=\"\" type=\"tel\" name=\"Telefone\" \/><\/span>\n<\/p>\n<p><span class=\"wpcf7-form-control-wrap\" data-name=\"your-email\"><input size=\"40\" maxlength=\"400\" class=\"wpcf7-form-control wpcf7-email wpcf7-validates-as-required wpcf7-text wpcf7-validates-as-email\" aria-required=\"true\" aria-invalid=\"false\" placeholder=\"Courriel *\" value=\"\" type=\"email\" name=\"your-email\" \/><\/span>\n<\/p>\n<p><input class=\"wpcf7-form-control wpcf7-submit has-spinner\" type=\"submit\" value=\"Envoyer\" \/>\n<\/p><p style=\"display: none !important;\" class=\"akismet-fields-container\" data-prefix=\"_wpcf7_ak_\"><label>&#916;<textarea name=\"_wpcf7_ak_hp_textarea\" cols=\"45\" rows=\"8\" maxlength=\"100\"><\/textarea><\/label><input type=\"hidden\" id=\"ak_js_1\" name=\"_wpcf7_ak_js\" value=\"203\"\/><script>document.getElementById( \"ak_js_1\" ).setAttribute( \"value\", ( new Date() ).getTime() );<\/script><\/p><div class=\"wpcf7-response-output\" aria-hidden=\"true\"><\/div>\n<\/form>\n<\/div>\n\n<p>[\/vc_column_text][vc_column_text]<\/p>\n<p>Nous nous engageons \u00e0 maintenir vos donn\u00e9es prot\u00e9g\u00e9es.<\/p>\n<p>[\/vc_column_text][\/vc_column_inner][vc_column_inner width=\u00a0\u00bb1\/2&Prime; css=\u00a0\u00bb.vc_custom_1449486784223{padding-top: 25px !important;}\u00a0\u00bb][vc_single_image image=\u00a0\u00bb18120&Prime; img_size=\u00a0\u00bbfull\u00a0\u00bb alignment=\u00a0\u00bbcenter\u00a0\u00bb css=\u00a0\u00bb.vc_custom_1449486805332{padding-top: 20px !important;padding-bottom: 40px !important;}\u00a0\u00bb el_class=\u00a0\u00bbproposal_icon\u00a0\u00bb]<div class='q_message ' style='border-style:solid;border-width: 2px;'><div class='q_message_inner'><a href='#' class='close'><i class='fa fa-times' style=''><\/i><\/a><div class='message_text_holder'><div class='message_text'><div class='message_text_inner'><\/p>\n<p>Veuillez nous laisser vos informations de contact, votre proposition vous parviendra bient\u00f4t<\/p>\n<p><\/div><\/div><\/div><\/div><\/div><div class='testimonials_holder clearfix '><div class=\"testimonials testimonials_carousel\" data-show-navigation=\"\" data-animation-type=\"fade\" data-animation-speed=\"\" data-auto-rotate-slides=\"10\" data-number-per-slide=\"1\"><ul class=\"slides\"><li id=\"testimonials19408\" class=\"testimonial_content\"><div class=\"testimonial_content_inner\"><div class=\"testimonial_image_holder\"><img decoding=\"async\" src=\"\" \/><\/div><div class=\"testimonial_text_holder\"><div class=\"testimonial_text_inner\" style=\"\"><p>J'ai d\u00e9cid\u00e9 de cr\u00e9er mon entreprise et j'ai embauch\u00e9 les services de 24|7  pour d\u00e9velopper mon plan d'affaires.\r\nIls ont fait un travail exceptionnel et sont maintenant mon cabinet d'expertise comptable sur une base quotidienne. Ils sont extr\u00eamement professionnels et d\u00e9vou\u00e9s.<\/p><p class=\"testimonial_author\" style=\"font-weight: 300;\">Jefferson Arneker<\/p><\/div><\/div><\/div><\/li><li id=\"testimonials19409\" class=\"testimonial_content\"><div class=\"testimonial_content_inner\"><div class=\"testimonial_image_holder\"><img decoding=\"async\" src=\"\" \/><\/div><div class=\"testimonial_text_holder\"><div class=\"testimonial_text_inner\" style=\"\"><p>La gestion de mon entreprise est donn\u00e9e \u00e0 24 | 7. Donc, je me consacre enti\u00e8rement \u00e0 la gestion de mon entreprise. Ce partenariat a augment\u00e9 de mani\u00e8re significative les b\u00e9n\u00e9fices de mon entreprise.<\/p><p class=\"testimonial_author\" style=\"font-weight: 300;\">Evelyn Grtzmann<\/p><\/div><\/div><\/div><\/li><li id=\"testimonials19410\" class=\"testimonial_content\"><div class=\"testimonial_content_inner\"><div class=\"testimonial_image_holder\"><img decoding=\"async\" src=\"\" \/><\/div><div class=\"testimonial_text_holder\"><div class=\"testimonial_text_inner\" style=\"\"><p>Je cherchais \u00e0 24|7 pour m\u2019aider avec la bureaucratie et avec le plan strat\u00e9gique de mon entreprise. Jusqu'\u00e0 pr\u00e9sent, a \u00e9t\u00e9 un pari gagnant. Je recommande vivement l'24sete.<\/p><p class=\"testimonial_author\" style=\"font-weight: 300;\">Manuela Cardoso<\/p><\/div><\/div><\/div><\/li><\/ul><\/div><\/div>[\/vc_column_inner][\/vc_row_inner][\/vc_column][\/vc_row]<\/p>\n","protected":false},"excerpt":{"rendered":"<p>[vc_row][vc_column][vc_column_text] Bonne nouvelle! Nous ne sommes pas aussi co\u00fbteux que vous le pensez. D\u00e9couvrez quel serait le co\u00fbt avec pr\u00e9cision, ici: [\/vc_column_text][\/vc_column][\/vc_row][vc_row padding_top=\u00a0\u00bb50&Prime; padding_bottom=\u00a0\u00bb50&Prime;][vc_column][vc_row_inner][vc_column_inner width=\u00a0\u00bb1\/2&Prime;][vc_column_text] [\/vc_column_text][vc_column_text] Nous nous engageons \u00e0 maintenir vos donn\u00e9es prot\u00e9g\u00e9es. [\/vc_column_text][\/vc_column_inner][vc_column_inner width=\u00a0\u00bb1\/2&Prime; css=\u00a0\u00bb.vc_custom_1449486784223{padding-top: 25px !important;}\u00a0\u00bb][vc_single_image image=\u00a0\u00bb18120&Prime; img_size=\u00a0\u00bbfull\u00a0\u00bb alignment=\u00a0\u00bbcenter\u00a0\u00bb css=\u00a0\u00bb.vc_custom_1449486805332{padding-top: 20px !important;padding-bottom:&#8230;<\/p>\n","protected":false},"author":8,"featured_media":0,"parent":0,"menu_order":0,"comment_status":"open","ping_status":"open","template":"","meta":{"footnotes":""},"class_list":["post-19062","page","type-page","status-publish","hentry"],"yoast_head":"<!-- This site is optimized with the Yoast SEO plugin v25.6 - https:\/\/yoast.com\/wordpress\/plugins\/seo\/ -->\n<title>Sollicitez une proposition - 24sete<\/title>\n<meta name=\"robots\" content=\"index, follow, max-snippet:-1, max-image-preview:large, max-video-preview:-1\" \/>\n<link rel=\"canonical\" href=\"https:\/\/24sete.pt\/proposta\/\" \/>\n<meta property=\"og:locale\" content=\"fr_FR\" \/>\n<meta property=\"og:type\" content=\"article\" \/>\n<meta property=\"og:title\" content=\"Sollicitez une proposition - 24sete\" \/>\n<meta property=\"og:description\" content=\"[vc_row][vc_column][vc_column_text] Bonne nouvelle! Nous ne sommes pas aussi co\u00fbteux que vous le pensez. D\u00e9couvrez quel serait le co\u00fbt avec pr\u00e9cision, ici: [\/vc_column_text][\/vc_column][\/vc_row][vc_row padding_top=\u00a0\u00bb50&Prime; padding_bottom=\u00a0\u00bb50&Prime;][vc_column][vc_row_inner][vc_column_inner width=\u00a0\u00bb1\/2&Prime;][vc_column_text] [\/vc_column_text][vc_column_text] Nous nous engageons \u00e0 maintenir vos donn\u00e9es prot\u00e9g\u00e9es. [\/vc_column_text][\/vc_column_inner][vc_column_inner width=\u00a0\u00bb1\/2&Prime; css=\u00a0\u00bb.vc_custom_1449486784223{padding-top: 25px !important;}\u00a0\u00bb][vc_single_image image=\u00a0\u00bb18120&Prime; img_size=\u00a0\u00bbfull\u00a0\u00bb alignment=\u00a0\u00bbcenter\u00a0\u00bb css=\u00a0\u00bb.vc_custom_1449486805332{padding-top: 20px !important;padding-bottom:...\" \/>\n<meta property=\"og:url\" content=\"https:\/\/24sete.pt\/proposta\/\" \/>\n<meta property=\"og:site_name\" content=\"24sete\" \/>\n<meta property=\"article:modified_time\" content=\"2015-12-07T11:16:31+00:00\" \/>\n<meta name=\"twitter:card\" content=\"summary_large_image\" \/>\n<meta name=\"twitter:label1\" content=\"Dur\u00e9e de lecture estim\u00e9e\" \/>\n\t<meta name=\"twitter:data1\" content=\"1 minute\" \/>\n<script type=\"application\/ld+json\" class=\"yoast-schema-graph\">{\"@context\":\"https:\/\/schema.org\",\"@graph\":[{\"@type\":\"WebPage\",\"@id\":\"https:\/\/24sete.pt\/proposta\/\",\"url\":\"https:\/\/24sete.pt\/proposta\/\",\"name\":\"Sollicitez une proposition - 24sete\",\"isPartOf\":{\"@id\":\"https:\/\/24sete.pt\/#website\"},\"datePublished\":\"2015-07-13T13:32:45+00:00\",\"dateModified\":\"2015-12-07T11:16:31+00:00\",\"breadcrumb\":{\"@id\":\"https:\/\/24sete.pt\/proposta\/#breadcrumb\"},\"inLanguage\":\"fr-FR\",\"potentialAction\":[{\"@type\":\"ReadAction\",\"target\":[\"https:\/\/24sete.pt\/proposta\/\"]}]},{\"@type\":\"BreadcrumbList\",\"@id\":\"https:\/\/24sete.pt\/proposta\/#breadcrumb\",\"itemListElement\":[{\"@type\":\"ListItem\",\"position\":1,\"name\":\"In\u00edcio\",\"item\":\"https:\/\/24sete.pt\/fr\/\"},{\"@type\":\"ListItem\",\"position\":2,\"name\":\"Sollicitez une proposition\"}]},{\"@type\":\"WebSite\",\"@id\":\"https:\/\/24sete.pt\/#website\",\"url\":\"https:\/\/24sete.pt\/\",\"name\":\"24sete\",\"description\":\"Accounting, Advisory, strategy\",\"potentialAction\":[{\"@type\":\"SearchAction\",\"target\":{\"@type\":\"EntryPoint\",\"urlTemplate\":\"https:\/\/24sete.pt\/?s={search_term_string}\"},\"query-input\":{\"@type\":\"PropertyValueSpecification\",\"valueRequired\":true,\"valueName\":\"search_term_string\"}}],\"inLanguage\":\"fr-FR\"}]}<\/script>\n<!-- \/ Yoast SEO plugin. -->","yoast_head_json":{"title":"Sollicitez une proposition - 24sete","robots":{"index":"index","follow":"follow","max-snippet":"max-snippet:-1","max-image-preview":"max-image-preview:large","max-video-preview":"max-video-preview:-1"},"canonical":"https:\/\/24sete.pt\/proposta\/","og_locale":"fr_FR","og_type":"article","og_title":"Sollicitez une proposition - 24sete","og_description":"[vc_row][vc_column][vc_column_text] Bonne nouvelle! Nous ne sommes pas aussi co\u00fbteux que vous le pensez. D\u00e9couvrez quel serait le co\u00fbt avec pr\u00e9cision, ici: [\/vc_column_text][\/vc_column][\/vc_row][vc_row padding_top=\u00a0\u00bb50&Prime; padding_bottom=\u00a0\u00bb50&Prime;][vc_column][vc_row_inner][vc_column_inner width=\u00a0\u00bb1\/2&Prime;][vc_column_text] [\/vc_column_text][vc_column_text] Nous nous engageons \u00e0 maintenir vos donn\u00e9es prot\u00e9g\u00e9es. [\/vc_column_text][\/vc_column_inner][vc_column_inner width=\u00a0\u00bb1\/2&Prime; css=\u00a0\u00bb.vc_custom_1449486784223{padding-top: 25px !important;}\u00a0\u00bb][vc_single_image image=\u00a0\u00bb18120&Prime; img_size=\u00a0\u00bbfull\u00a0\u00bb alignment=\u00a0\u00bbcenter\u00a0\u00bb css=\u00a0\u00bb.vc_custom_1449486805332{padding-top: 20px !important;padding-bottom:...","og_url":"https:\/\/24sete.pt\/proposta\/","og_site_name":"24sete","article_modified_time":"2015-12-07T11:16:31+00:00","twitter_card":"summary_large_image","twitter_misc":{"Dur\u00e9e de lecture estim\u00e9e":"1 minute"},"schema":{"@context":"https:\/\/schema.org","@graph":[{"@type":"WebPage","@id":"https:\/\/24sete.pt\/proposta\/","url":"https:\/\/24sete.pt\/proposta\/","name":"Sollicitez une proposition - 24sete","isPartOf":{"@id":"https:\/\/24sete.pt\/#website"},"datePublished":"2015-07-13T13:32:45+00:00","dateModified":"2015-12-07T11:16:31+00:00","breadcrumb":{"@id":"https:\/\/24sete.pt\/proposta\/#breadcrumb"},"inLanguage":"fr-FR","potentialAction":[{"@type":"ReadAction","target":["https:\/\/24sete.pt\/proposta\/"]}]},{"@type":"BreadcrumbList","@id":"https:\/\/24sete.pt\/proposta\/#breadcrumb","itemListElement":[{"@type":"ListItem","position":1,"name":"In\u00edcio","item":"https:\/\/24sete.pt\/fr\/"},{"@type":"ListItem","position":2,"name":"Sollicitez une proposition"}]},{"@type":"WebSite","@id":"https:\/\/24sete.pt\/#website","url":"https:\/\/24sete.pt\/","name":"24sete","description":"Accounting, Advisory, strategy","potentialAction":[{"@type":"SearchAction","target":{"@type":"EntryPoint","urlTemplate":"https:\/\/24sete.pt\/?s={search_term_string}"},"query-input":{"@type":"PropertyValueSpecification","valueRequired":true,"valueName":"search_term_string"}}],"inLanguage":"fr-FR"}]}},"_links":{"self":[{"href":"https:\/\/24sete.pt\/fr\/wp-json\/wp\/v2\/pages\/19062","targetHints":{"allow":["GET"]}}],"collection":[{"href":"https:\/\/24sete.pt\/fr\/wp-json\/wp\/v2\/pages"}],"about":[{"href":"https:\/\/24sete.pt\/fr\/wp-json\/wp\/v2\/types\/page"}],"author":[{"embeddable":true,"href":"https:\/\/24sete.pt\/fr\/wp-json\/wp\/v2\/users\/8"}],"replies":[{"embeddable":true,"href":"https:\/\/24sete.pt\/fr\/wp-json\/wp\/v2\/comments?post=19062"}],"version-history":[{"count":0,"href":"https:\/\/24sete.pt\/fr\/wp-json\/wp\/v2\/pages\/19062\/revisions"}],"wp:attachment":[{"href":"https:\/\/24sete.pt\/fr\/wp-json\/wp\/v2\/media?parent=19062"}],"curies":[{"name":"wp","href":"https:\/\/api.w.org\/{rel}","templated":true}]}}