{"id":19066,"date":"2015-07-06T16:40:31","date_gmt":"2015-07-06T15:40:31","guid":{"rendered":"http:\/\/www.24sete.pt\/fr\/?page_id=19066"},"modified":"2016-05-19T15:02:47","modified_gmt":"2016-05-19T14:02:47","slug":"services","status":"publish","type":"page","link":"https:\/\/24sete.pt\/fr\/services\/","title":{"rendered":"Services"},"content":{"rendered":"<p>[vc_row row_type=\u00a0\u00bbrow\u00a0\u00bb use_row_as_full_screen_section=\u00a0\u00bbno\u00a0\u00bb type=\u00a0\u00bbgrid\u00a0\u00bb anchor=\u00a0\u00bbportfolio\u00a0\u00bb angled_section=\u00a0\u00bbno\u00a0\u00bb text_align=\u00a0\u00bbleft\u00a0\u00bb background_image_as_pattern=\u00a0\u00bbwithout_pattern\u00a0\u00bb background_color=\u00a0\u00bb#ffffff\u00a0\u00bb border_color=\u00a0\u00bb#eeeeee\u00a0\u00bb padding_top=\u00a0\u00bb40&Prime; padding_bottom=\u00a0\u00bb0&Prime; css_animation=\u00a0\u00bb\u00a0\u00bb][vc_column][vc_column_text]La Comptabilit\u00e9 et la Planification Fiscale sont essentielles \u00e0 la stabilit\u00e9 financi\u00e8re de toute organisation.<\/p>\n<p>Que ce soit pour une grande entreprise, une PME, un travailleur ind\u00e9pendant (profession lib\u00e9rale), une micro-entreprise, un organisme sans buts lucratifs ou m\u00eame pour des acteurs gouvernementaux, l\u2019appui d\u2019un partenaire strat\u00e9gique ainsi que l\u2019existence d\u2019un calendrier fiscal optimis\u00e9 \u00e0 votre mesure sont fondamentaux.<\/p>\n<p><strong>Mais surtout, chaque Client est unique.<\/strong><\/p>\n<p>&nbsp;<\/p>\n<p>Chaque entreprise m\u00e9rite un traitement personnalis\u00e9 de ses strat\u00e9gies fiscales, de son calendrier fiscal et de sa comptabilit\u00e9.<\/p>\n<p>Avec 24|7, vous obtiendrez des avantages comp\u00e9titifs et la capacit\u00e9 de b\u00e9n\u00e9ficier des opportunit\u00e9s issues de la Comptabilit\u00e9 et d\u2019une bonne planification fiscale.<\/p>\n<p>&nbsp;<\/p>\n<p>\u00c0 chaque Client est attribu\u00e9 un consultant personnel dont le but est d\u2019approfondir sa connaissance des objectifs commerciaux, \u00e9conomiques et financiers de chaque Client. Cet interlocuteur coordonnera une petite \u00e9quipe qui gardera un contact proche d\u00e8s les phases initiales de planification de chaque projet, ainsi que pendant toute leur existence.<\/p>\n<p>Nos \u00e9quipes se maintiennent \u00e0 jour en permanence au niveau national comme international; elles communiquent et partagent l\u2019information fr\u00e9quemment et de forme efficace, entra\u00eenant des b\u00e9n\u00e9fices tangibles vers nos Clients en termes de rapidit\u00e9, qualit\u00e9 et interpr\u00e9tation de l\u2019information pertinente pour chaque Client et chaque entreprise.<\/p>\n<p><strong>Nous travaillons quotidiennement afin que nos Clients aient toujours une longueur d\u2019avance.<\/strong><\/p>\n<p>Nous \u00e9tudions les sp\u00e9cificit\u00e9s de chaque entreprise. Nous surveillons les tendances comp\u00e9titives et \u00e9conomiques qui ont un impact direct sur les activit\u00e9s de nos Clients.<\/p>\n<p>Ind\u00e9pendamment du type et de la dimension de votre entreprise ou de l\u2019industrie o\u00f9 elle op\u00e8re, 24|7 se pr\u00e9sente comme votre partenaire commercial, vous aidant \u00e0 prendre des d\u00e9cisions inform\u00e9es, afin de prot\u00e9ger le pr\u00e9sent et le futur de votre entreprise.<\/p>\n<p>&nbsp;<\/p>\n<p><strong><a href=\"http:\/\/www.24sete.pt\/fr\/proposition\/\">Augmentez vos b\u00e9n\u00e9fices. Diminuez votre charge fiscale.<\/a><\/strong><\/p>\n<p>&nbsp;<\/p>\n<p>Travailler et vivre le moment pr\u00e9sent sont le seul moyen avec lequel nous pourrons, <strong><a href=\"http:\/\/www.24sete.pt\/fr\/proposition\/\">ensemble<\/a><\/strong>, viser le succ\u00e8s \u00e0 long terme.[\/vc_column_text][vc_row_inner row_type=\u00a0\u00bbrow\u00a0\u00bb type=\u00a0\u00bbfull_width\u00a0\u00bb text_align=\u00a0\u00bbleft\u00a0\u00bb css_animation=\u00a0\u00bb\u00a0\u00bb][vc_column_inner][vc_separator type=\u00a0\u00bbtransparent\u00a0\u00bb up=\u00a0\u00bb79&Prime; down=\u00a0\u00bb0&Prime;]<div class='cover_boxes' data-active-element='1'><ul class='clearfix'><li><div class='box'><a class='thumb' href='comptabilite' target='_self'><img alt='COMPTABILIT\u00c9' src='https:\/\/24sete.pt\/wp-content\/uploads\/2016\/04\/Contabilidade.jpg' \/><\/a><div class='box_content'><h3 >COMPTABILIT\u00c9<\/h3><p >Outil essentiel \u00e0 la gestion<\/p><a class='qbutton tiny' href='comptabilite' target='_self'>EN SAVOIR PLUS<\/a><\/div><\/div><\/li><li><div class='box'><a class='thumb' href='fiscalite' target='_self'><img alt='FISCALIT\u00c9' src='https:\/\/24sete.pt\/wp-content\/uploads\/2016\/04\/Fiscal.jpg' \/><\/a><div class='box_content'><h3 >FISCALIT\u00c9<\/h3><p >Optimisation fiscale<\/p><a class='qbutton tiny' href='fiscalite' target='_self'>EN SAVOIR PLUS<\/a><\/div><\/div><\/li><li><div class='box'><a class='thumb' href='services-administratifs-de-ressources-humaines' target='_self'><img alt='SERVICES RH' src='https:\/\/24sete.pt\/wp-content\/uploads\/2016\/04\/Servicos_RH.jpg' \/><\/a><div class='box_content'><h3 >SERVICES RH<\/h3><p >Simplifier les processus<\/p><a class='qbutton tiny' href='services-administratifs-de-ressources-humaines' target='_self'>EN SAVOIR PLUS<\/a><\/div><\/div><\/li><\/ul><\/div>[\/vc_column_inner][\/vc_row_inner][vc_row_inner row_type=\u00a0\u00bbrow\u00a0\u00bb type=\u00a0\u00bbfull_width\u00a0\u00bb text_align=\u00a0\u00bbleft\u00a0\u00bb css_animation=\u00a0\u00bb\u00a0\u00bb][vc_column_inner][vc_separator type=\u00a0\u00bbtransparent\u00a0\u00bb up=\u00a0\u00bb79&Prime; down=\u00a0\u00bb0&Prime;]<div class='cover_boxes' data-active-element='1'><ul class='clearfix'><li><div class='box'><a class='thumb' href='due-diligence' target='_self'><img alt='Due Diligence' src='https:\/\/24sete.pt\/wp-content\/uploads\/2016\/04\/due_diligence.jpg' \/><\/a><div class='box_content'><h3 >Due Diligence<\/h3><p >S\u00fbr et confidentiel<\/p><a class='qbutton tiny' href='due-diligence' target='_self'>EN SAVOIR PLUS<\/a><\/div><\/div><\/li><li><div class='box'><a class='thumb' href='conseil-juridique' target='_self'><img alt='CONSEIL JURIDIQUE' src='https:\/\/24sete.pt\/wp-content\/uploads\/2016\/04\/assessoria_juridica.jpg' \/><\/a><div class='box_content'><h3 >CONSEIL JURIDIQUE<\/h3><p >Contact et coordination<\/p><a class='qbutton tiny' href='conseil-juridique' target='_self'>EN SAVOIR PLUS<\/a><\/div><\/div><\/li><li><div class='box'><a class='thumb' href='strategie' target='_self'><img alt='STRAT\u00c9GIE' src='https:\/\/24sete.pt\/wp-content\/uploads\/2016\/04\/estrategia.jpg' \/><\/a><div class='box_content'><h3 >STRAT\u00c9GIE<\/h3><p >L'avenir Aujourd'hui<\/p><a class='qbutton tiny' href='strategie' target='_self'>EN SAVOIR PLUS<\/a><\/div><\/div><\/li><\/ul><\/div>[\/vc_column_inner][\/vc_row_inner][vc_row_inner row_type=\u00a0\u00bbrow\u00a0\u00bb type=\u00a0\u00bbfull_width\u00a0\u00bb text_align=\u00a0\u00bbleft\u00a0\u00bb padding_bottom=\u00a0\u00bb60&Prime; css_animation=\u00a0\u00bb\u00a0\u00bb][vc_column_inner][vc_separator type=\u00a0\u00bbtransparent\u00a0\u00bb up=\u00a0\u00bb79&Prime; down=\u00a0\u00bb0&Prime;]<div class='cover_boxes' data-active-element='1'><ul class='clearfix'><li><div class='box'><a class='thumb' href='gestion-financiere' target='_self'><img alt='GESTION FINANCI\u00c8RE' src='https:\/\/24sete.pt\/wp-content\/uploads\/2016\/04\/gestao_financeira.jpg' \/><\/a><div class='box_content'><h3 >GESTION FINANCI\u00c8RE<\/h3><p >Stabilit\u00e9 des op\u00e9rations<\/p><a class='qbutton tiny' href='gestion-financiere' target='_self'>EN SAVOIR PLUS<\/a><\/div><\/div><\/li><li><div class='box'><a class='thumb' href='services-supplementaires' target='_self'><img alt='SERVICES SUPPL\u00c9MENTAIRES' src='https:\/\/24sete.pt\/wp-content\/uploads\/2016\/04\/servicos_add.jpg' \/><\/a><div class='box_content'><h3 >SERVICES SUPPL\u00c9MENTAIRES<\/h3><p >Valeur ajout\u00e9e<\/p><a class='qbutton tiny' href='services-supplementaires' target='_self'>EN SAVOIR PLUS<\/a><\/div><\/div><\/li><li><div class='box'><a class='thumb' href='proposition' target='_self'><img alt='SOLLICITEZ UNE PROPOSITION' src='https:\/\/24sete.pt\/wp-content\/uploads\/2016\/04\/proposta.jpg' \/><\/a><div class='box_content'><h3 >SOLLICITEZ UNE PROPOSITION<\/h3><p >Devis gratuit<\/p><a class='qbutton tiny' href='proposition' target='_self'>EN SAVOIR PLUS<\/a><\/div><\/div><\/li><\/ul><\/div>[\/vc_column_inner][\/vc_row_inner][\/vc_column][\/vc_row][vc_row row_type=\u00a0\u00bbrow\u00a0\u00bb use_row_as_full_screen_section=\u00a0\u00bbno\u00a0\u00bb type=\u00a0\u00bbfull_width\u00a0\u00bb angled_section=\u00a0\u00bbno\u00a0\u00bb text_align=\u00a0\u00bbleft\u00a0\u00bb background_image_as_pattern=\u00a0\u00bbwithout_pattern\u00a0\u00bb css_animation=\u00a0\u00bb\u00a0\u00bb][vc_column][vc_column_text]<\/p>\n<p>[\/vc_column_text][\/vc_column][\/vc_row][vc_row row_type=\u00a0\u00bbrow\u00a0\u00bb use_row_as_full_screen_section=\u00a0\u00bbno\u00a0\u00bb type=\u00a0\u00bbgrid\u00a0\u00bb angled_section=\u00a0\u00bbno\u00a0\u00bb text_align=\u00a0\u00bbleft\u00a0\u00bb background_image=\u00a0\u00bb15182&Prime; background_image_as_pattern=\u00a0\u00bbwithout_pattern\u00a0\u00bb padding_top=\u00a0\u00bb40&Prime; padding_bottom=\u00a0\u00bb40&Prime; css_animation=\u00a0\u00bb\u00a0\u00bb][vc_column][vc_column_text]<\/p>\n<h3 style=\"text-align: center; color: #ffffff;\">Nous sommes Suffisamment grands et petits. Nous avons La bonne taille pour votre entreprise<br \/>\n.<\/h3>\n<h3 style=\"text-align: center; color: #ffffff;\">24|7 \u00e0 votre service .<\/h3>\n<h3 style=\"text-align: center; color: #ffffff;\"><a style=\"color: #ffffff; line-height: 2;\" href=\"http:\/\/www.24sete.pt\/fr\/contacts\/\"><u>Contactez-nous!<\/u><\/a><\/h3>\n<p>[\/vc_column_text][\/vc_column][\/vc_row]<\/p>\n","protected":false},"excerpt":{"rendered":"<p>[vc_row row_type=\u00a0\u00bbrow\u00a0\u00bb use_row_as_full_screen_section=\u00a0\u00bbno\u00a0\u00bb type=\u00a0\u00bbgrid\u00a0\u00bb anchor=\u00a0\u00bbportfolio\u00a0\u00bb angled_section=\u00a0\u00bbno\u00a0\u00bb text_align=\u00a0\u00bbleft\u00a0\u00bb background_image_as_pattern=\u00a0\u00bbwithout_pattern\u00a0\u00bb background_color=\u00a0\u00bb#ffffff\u00a0\u00bb border_color=\u00a0\u00bb#eeeeee\u00a0\u00bb padding_top=\u00a0\u00bb40&Prime; padding_bottom=\u00a0\u00bb0&Prime; css_animation=\u00a0\u00bb\u00a0\u00bb][vc_column][vc_column_text]La Comptabilit\u00e9 et la Planification Fiscale sont essentielles \u00e0 la stabilit\u00e9 financi\u00e8re de toute organisation. Que ce soit pour une grande entreprise, une PME, un travailleur ind\u00e9pendant (profession lib\u00e9rale), une micro-entreprise, un organisme&#8230;<\/p>\n","protected":false},"author":8,"featured_media":0,"parent":0,"menu_order":0,"comment_status":"open","ping_status":"open","template":"full_width.php","meta":{"footnotes":""},"class_list":["post-19066","page","type-page","status-publish","hentry"],"yoast_head":"<!-- This site is optimized with the Yoast SEO plugin v25.6 - https:\/\/yoast.com\/wordpress\/plugins\/seo\/ -->\n<title>Services - 24sete<\/title>\n<meta name=\"robots\" content=\"index, follow, max-snippet:-1, max-image-preview:large, max-video-preview:-1\" \/>\n<link rel=\"canonical\" href=\"https:\/\/24sete.pt\/fr\/services\/\" \/>\n<meta property=\"og:locale\" content=\"fr_FR\" \/>\n<meta property=\"og:type\" content=\"article\" \/>\n<meta property=\"og:title\" content=\"Services - 24sete\" \/>\n<meta property=\"og:description\" content=\"[vc_row row_type=\u00a0\u00bbrow\u00a0\u00bb use_row_as_full_screen_section=\u00a0\u00bbno\u00a0\u00bb type=\u00a0\u00bbgrid\u00a0\u00bb anchor=\u00a0\u00bbportfolio\u00a0\u00bb angled_section=\u00a0\u00bbno\u00a0\u00bb text_align=\u00a0\u00bbleft\u00a0\u00bb background_image_as_pattern=\u00a0\u00bbwithout_pattern\u00a0\u00bb background_color=\u00a0\u00bb#ffffff\u00a0\u00bb border_color=\u00a0\u00bb#eeeeee\u00a0\u00bb padding_top=\u00a0\u00bb40&Prime; padding_bottom=\u00a0\u00bb0&Prime; css_animation=\u00a0\u00bb\u00a0\u00bb][vc_column][vc_column_text]La Comptabilit\u00e9 et la Planification Fiscale sont essentielles \u00e0 la stabilit\u00e9 financi\u00e8re de toute organisation. Que ce soit pour une grande entreprise, une PME, un travailleur ind\u00e9pendant (profession lib\u00e9rale), une micro-entreprise, un organisme...\" \/>\n<meta property=\"og:url\" content=\"https:\/\/24sete.pt\/fr\/services\/\" \/>\n<meta property=\"og:site_name\" content=\"24sete\" \/>\n<meta property=\"article:modified_time\" content=\"2016-05-19T14:02:47+00:00\" \/>\n<meta name=\"twitter:card\" content=\"summary_large_image\" \/>\n<meta name=\"twitter:label1\" content=\"Dur\u00e9e de lecture estim\u00e9e\" \/>\n\t<meta name=\"twitter:data1\" content=\"4 minutes\" \/>\n<script type=\"application\/ld+json\" class=\"yoast-schema-graph\">{\"@context\":\"https:\/\/schema.org\",\"@graph\":[{\"@type\":\"WebPage\",\"@id\":\"https:\/\/24sete.pt\/fr\/services\/\",\"url\":\"https:\/\/24sete.pt\/fr\/services\/\",\"name\":\"Services - 24sete\",\"isPartOf\":{\"@id\":\"https:\/\/24sete.pt\/#website\"},\"datePublished\":\"2015-07-06T15:40:31+00:00\",\"dateModified\":\"2016-05-19T14:02:47+00:00\",\"breadcrumb\":{\"@id\":\"https:\/\/24sete.pt\/fr\/services\/#breadcrumb\"},\"inLanguage\":\"fr-FR\",\"potentialAction\":[{\"@type\":\"ReadAction\",\"target\":[\"https:\/\/24sete.pt\/fr\/services\/\"]}]},{\"@type\":\"BreadcrumbList\",\"@id\":\"https:\/\/24sete.pt\/fr\/services\/#breadcrumb\",\"itemListElement\":[{\"@type\":\"ListItem\",\"position\":1,\"name\":\"In\u00edcio\",\"item\":\"https:\/\/24sete.pt\/fr\/\"},{\"@type\":\"ListItem\",\"position\":2,\"name\":\"Services\"}]},{\"@type\":\"WebSite\",\"@id\":\"https:\/\/24sete.pt\/#website\",\"url\":\"https:\/\/24sete.pt\/\",\"name\":\"24sete\",\"description\":\"Accounting, Advisory, strategy\",\"potentialAction\":[{\"@type\":\"SearchAction\",\"target\":{\"@type\":\"EntryPoint\",\"urlTemplate\":\"https:\/\/24sete.pt\/?s={search_term_string}\"},\"query-input\":{\"@type\":\"PropertyValueSpecification\",\"valueRequired\":true,\"valueName\":\"search_term_string\"}}],\"inLanguage\":\"fr-FR\"}]}<\/script>\n<!-- \/ Yoast SEO plugin. -->","yoast_head_json":{"title":"Services - 24sete","robots":{"index":"index","follow":"follow","max-snippet":"max-snippet:-1","max-image-preview":"max-image-preview:large","max-video-preview":"max-video-preview:-1"},"canonical":"https:\/\/24sete.pt\/fr\/services\/","og_locale":"fr_FR","og_type":"article","og_title":"Services - 24sete","og_description":"[vc_row row_type=\u00a0\u00bbrow\u00a0\u00bb use_row_as_full_screen_section=\u00a0\u00bbno\u00a0\u00bb type=\u00a0\u00bbgrid\u00a0\u00bb anchor=\u00a0\u00bbportfolio\u00a0\u00bb angled_section=\u00a0\u00bbno\u00a0\u00bb text_align=\u00a0\u00bbleft\u00a0\u00bb background_image_as_pattern=\u00a0\u00bbwithout_pattern\u00a0\u00bb background_color=\u00a0\u00bb#ffffff\u00a0\u00bb border_color=\u00a0\u00bb#eeeeee\u00a0\u00bb padding_top=\u00a0\u00bb40&Prime; padding_bottom=\u00a0\u00bb0&Prime; css_animation=\u00a0\u00bb\u00a0\u00bb][vc_column][vc_column_text]La Comptabilit\u00e9 et la Planification Fiscale sont essentielles \u00e0 la stabilit\u00e9 financi\u00e8re de toute organisation. Que ce soit pour une grande entreprise, une PME, un travailleur ind\u00e9pendant (profession lib\u00e9rale), une micro-entreprise, un organisme...","og_url":"https:\/\/24sete.pt\/fr\/services\/","og_site_name":"24sete","article_modified_time":"2016-05-19T14:02:47+00:00","twitter_card":"summary_large_image","twitter_misc":{"Dur\u00e9e de lecture estim\u00e9e":"4 minutes"},"schema":{"@context":"https:\/\/schema.org","@graph":[{"@type":"WebPage","@id":"https:\/\/24sete.pt\/fr\/services\/","url":"https:\/\/24sete.pt\/fr\/services\/","name":"Services - 24sete","isPartOf":{"@id":"https:\/\/24sete.pt\/#website"},"datePublished":"2015-07-06T15:40:31+00:00","dateModified":"2016-05-19T14:02:47+00:00","breadcrumb":{"@id":"https:\/\/24sete.pt\/fr\/services\/#breadcrumb"},"inLanguage":"fr-FR","potentialAction":[{"@type":"ReadAction","target":["https:\/\/24sete.pt\/fr\/services\/"]}]},{"@type":"BreadcrumbList","@id":"https:\/\/24sete.pt\/fr\/services\/#breadcrumb","itemListElement":[{"@type":"ListItem","position":1,"name":"In\u00edcio","item":"https:\/\/24sete.pt\/fr\/"},{"@type":"ListItem","position":2,"name":"Services"}]},{"@type":"WebSite","@id":"https:\/\/24sete.pt\/#website","url":"https:\/\/24sete.pt\/","name":"24sete","description":"Accounting, Advisory, strategy","potentialAction":[{"@type":"SearchAction","target":{"@type":"EntryPoint","urlTemplate":"https:\/\/24sete.pt\/?s={search_term_string}"},"query-input":{"@type":"PropertyValueSpecification","valueRequired":true,"valueName":"search_term_string"}}],"inLanguage":"fr-FR"}]}},"_links":{"self":[{"href":"https:\/\/24sete.pt\/fr\/wp-json\/wp\/v2\/pages\/19066","targetHints":{"allow":["GET"]}}],"collection":[{"href":"https:\/\/24sete.pt\/fr\/wp-json\/wp\/v2\/pages"}],"about":[{"href":"https:\/\/24sete.pt\/fr\/wp-json\/wp\/v2\/types\/page"}],"author":[{"embeddable":true,"href":"https:\/\/24sete.pt\/fr\/wp-json\/wp\/v2\/users\/8"}],"replies":[{"embeddable":true,"href":"https:\/\/24sete.pt\/fr\/wp-json\/wp\/v2\/comments?post=19066"}],"version-history":[{"count":0,"href":"https:\/\/24sete.pt\/fr\/wp-json\/wp\/v2\/pages\/19066\/revisions"}],"wp:attachment":[{"href":"https:\/\/24sete.pt\/fr\/wp-json\/wp\/v2\/media?parent=19066"}],"curies":[{"name":"wp","href":"https:\/\/api.w.org\/{rel}","templated":true}]}}