{"id":19076,"date":"2015-08-25T09:52:25","date_gmt":"2015-08-25T08:52:25","guid":{"rendered":"http:\/\/www.24sete.pt\/fr\/?page_id=19076"},"modified":"2015-09-14T12:55:40","modified_gmt":"2015-09-14T11:55:40","slug":"comptabilite","status":"publish","type":"page","link":"https:\/\/24sete.pt\/fr\/services\/comptabilite\/","title":{"rendered":"Comptabilit\u00e9"},"content":{"rendered":"<p>[vc_row row_type=\u00a0\u00bbrow\u00a0\u00bb type=\u00a0\u00bbgrid\u00a0\u00bb text_align=\u00a0\u00bbleft\u00a0\u00bb padding_top=\u00a0\u00bb40&Prime; padding_bottom=\u00a0\u00bb0&Prime; anchor=\u00a0\u00bbportfolio\u00a0\u00bb content_menu_title=\u00a0\u00bbPortfolio List\u00a0\u00bb content_menu_icon=\u00a0\u00bbfa-list\u00a0\u00bb background_color=\u00a0\u00bb#ffffff\u00a0\u00bb border_color=\u00a0\u00bb#eeeeee\u00a0\u00bb use_row_as_full_screen_section=\u00a0\u00bbno\u00a0\u00bb parallax_content_width=\u00a0\u00bbin_grid\u00a0\u00bb angled_section=\u00a0\u00bbno\u00a0\u00bb angled_section_position=\u00a0\u00bbboth\u00a0\u00bb angled_section_direction=\u00a0\u00bbfrom_left_to_right\u00a0\u00bb background_image_as_pattern=\u00a0\u00bbwithout_pattern\u00a0\u00bb row_negative_margin=\u00a0\u00bb\u00a0\u00bb][vc_column width=\u00a0\u00bb5\/6&Prime;][vc_column_text]<\/p>\n<h3 style=\"text-align: left;\">La Comptabilit\u00e9 est obligatoire.<\/h3>\n<h3 style=\"text-align: left;\">24|7 transforme cette obligation en un outil essentiel \u00e0 la gestion.<\/h3>\n<p>[\/vc_column_text][vc_column_text css=\u00a0\u00bb.vc_custom_1442229440061{padding-top: 20px !important;}\u00a0\u00bb]Au niveau mondial, nos mod\u00e8les de gestion exigent de nos jours, une information financi\u00e8re pr\u00e9cise et \u00e0 jour \u00e0 chaque instant.<\/p>\n<p>Chez 24|7, chaque Client aura un interlocuteur privil\u00e9gi\u00e9, ainsi que son \u00e9quipe sp\u00e9cialis\u00e9e.<\/p>\n<p>&nbsp;<\/p>\n<p>Afin que le client soit\u00a0constamment mis \u00e0 jour sur l&rsquo;\u00e9volution de l&rsquo;activit\u00e9 et les r\u00e9sultats de l&rsquo;entreprise, 24 | 7 produit un rapport mensuel ou trimestriel sur\u00a0l&rsquo;analyse \u00e9conomique et financi\u00e8re de la soci\u00e9t\u00e9.<\/p>\n<p>&nbsp;<\/p>\n<p>Apr\u00e8s l&rsquo;analyse de ces \u00e9l\u00e9ments nous programmons des r\u00e9unions avec le Client\u00a0pour r\u00e9soudre toute question ou probl\u00e8me.[\/vc_column_text][vc_row_inner row_type=\u00a0\u00bbrow\u00a0\u00bb use_as_box=\u00a0\u00bb\u00a0\u00bb type=\u00a0\u00bbfull_width\u00a0\u00bb text_align=\u00a0\u00bbleft\u00a0\u00bb row_negative_margin=\u00a0\u00bb\u00a0\u00bb padding_bottom=\u00a0\u00bb0&Prime; padding_top=\u00a0\u00bb40&Prime;][vc_column_inner width=\u00a0\u00bb1\/1&Prime; css=\u00a0\u00bb.vc_custom_1438178113166{padding-top: 20px !important;}\u00a0\u00bb][vc_column_text]<\/p>\n<h3 style=\"text-align: center;\">24|7 fournit des services comptables dans le cadre de tout R\u00e9gime fiscal<\/h3>\n<p>[\/vc_column_text][\/vc_column_inner][\/vc_row_inner][vc_row_inner row_type=\u00a0\u00bbrow\u00a0\u00bb use_as_box=\u00a0\u00bb\u00a0\u00bb type=\u00a0\u00bbfull_width\u00a0\u00bb text_align=\u00a0\u00bbleft\u00a0\u00bb row_negative_margin=\u00a0\u00bb\u00a0\u00bb padding_bottom=\u00a0\u00bb40&Prime; padding_top=\u00a0\u00bb20&Prime;][vc_column_inner el_class=\u00a0\u00bb\u00a0\u00bb width=\u00a0\u00bb1\/4&Prime; css=\u00a0\u00bb.vc_custom_1438178113166{padding-top: 20px !important;}\u00a0\u00bb]<div class='q_icon_with_title medium circle center'><div class=\"icon_holder \" style=\" \"><span data-icon-type=\"circle\" data-icon-hover-color=\"#c0c0c0\" data-icon-hover-bg-color=\"#eeeeee\" class=\"qode_iwt_icon_holder fa-stack fa-3x \" style=\"background-color: #009ad7;\"><i class=\"qode_icon_font_awesome fa fa-cog qode_iwt_icon_element\" style=\"color: #ffffff;\" ><\/i><\/span><\/div><div class=\"icon_text_holder\" style=\"\"><div class=\"icon_text_inner\" style=\"\"><h5 class=\"icon_title\" style=\"\">Simplifi\u00e9<\/h5><p style=''><\/p><\/div><\/div><\/div>[\/vc_column_inner][vc_column_inner width=\u00a0\u00bb1\/4&Prime; css=\u00a0\u00bb.vc_custom_1438178918509{padding-top: 20px !important;}\u00a0\u00bb]<div class='q_icon_with_title medium circle center'><div class=\"icon_holder \" style=\" \"><span data-icon-type=\"circle\" data-icon-hover-color=\"#c0c0c0\" data-icon-hover-bg-color=\"#eeeeee\" class=\"qode_iwt_icon_holder fa-stack fa-3x \" style=\"background-color: #009ad7;\"><i class=\"qode_icon_font_awesome fa fa-cogs qode_iwt_icon_element\" style=\"color: #ffffff;\" ><\/i><\/span><\/div><div class=\"icon_text_holder\" style=\"\"><div class=\"icon_text_inner\" style=\"\"><h5 class=\"icon_title\" style=\"\">Micro-entreprises<\/h5><p style=''><\/p><\/div><\/div><\/div>[\/vc_column_inner][vc_column_inner width=\u00a0\u00bb1\/4&Prime; css=\u00a0\u00bb.vc_custom_1438178928052{padding-top: 20px !important;}\u00a0\u00bb]<div class='q_icon_with_title medium circle center'><div class=\"icon_holder \" style=\" \"><span data-icon-type=\"circle\" data-icon-hover-color=\"#c0c0c0\" data-icon-hover-bg-color=\"#eeeeee\" class=\"qode_iwt_icon_holder fa-stack fa-3x \" style=\"background-color: #009ad7;\"><i class=\"qode_icon_font_awesome fa fa-building qode_iwt_icon_element\" style=\"color: #ffffff;\" ><\/i><\/span><\/div><div class=\"icon_text_holder\" style=\"\"><div class=\"icon_text_inner\" style=\"\"><h5 class=\"icon_title\" style=\"\">PME's<\/h5><p style=''><\/p><\/div><\/div><\/div>[\/vc_column_inner][vc_column_inner width=\u00a0\u00bb1\/4&Prime; css=\u00a0\u00bb.vc_custom_1438178937029{padding-top: 20px !important;}\u00a0\u00bb]<div class='q_icon_with_title medium circle center'><div class=\"icon_holder \" style=\" \"><span data-icon-type=\"circle\" data-icon-hover-color=\"#c0c0c0\" data-icon-hover-bg-color=\"#eeeeee\" class=\"qode_iwt_icon_holder fa-stack fa-3x \" style=\"background-color: #009ad7;\"><i class=\"qode_icon_font_awesome fa fa-exchange qode_iwt_icon_element\" style=\"color: #ffffff;\" ><\/i><\/span><\/div><div class=\"icon_text_holder\" style=\"\"><div class=\"icon_text_inner\" style=\"\"><h5 class=\"icon_title\" style=\"\">R\u00e9gime g\u00e9n\u00e9ral<\/h5><p style=''><\/p><\/div><\/div><\/div>[\/vc_column_inner][\/vc_row_inner][vc_tabs style=\u00a0\u00bbvertical_left\u00a0\u00bb][vc_tab title=\u00a0\u00bbServices Comptables\u00a0\u00bb tab_id=\u00a0\u00bb1f8d4e62-82ca-5&Prime;]<div class='q_list circle circle_number normal animate_list'>Nos services techniques comptables incluent les points suivants:<\/p>\n<ul>\n<li>Prise en charge de la responsabilit\u00e9 l\u00e9gale en tant qu\u2019Expert-comptable, relativement \u00e0 la conformit\u00e9 technique des domaines comptables et fiscaux<\/li>\n<li>Planification, organisation et coordination de la r\u00e9alisation de la comptabilit\u00e9 selon le syst\u00e8me de normalisation comptable, tout en respectant les normes l\u00e9gales et les principes comptables en vigueur<\/li>\n<li>Organisation du planning du travail annuel en mati\u00e8re comptable et relatif aux obligations d\u00e9claratives fiscales, \u00e0 travers le respect rigoureux d\u2019un Calendrier Fiscal<\/li>\n<\/ul>\n<p><\/div>[\/vc_tab][vc_tab title=\u00a0\u00bbTravaux comptables au cours de l\u2019exercice\u00a0\u00bb tab_id=\u00a0\u00bb1438013718994-2-3&Prime;]<div class='q_list circle circle_number normal animate_list'><\/p>\n<ul>\n<li>Ouverture du Plan Comptable<\/li>\n<li>Plan des Comptes de Tiers<\/li>\n<li>Planification, organisation, conf\u00e9rence, analyse, classification et lancement des documents de support \u00e0 la comptabilit\u00e9 au moyen de journaux des op\u00e9rations<\/li>\n<li>Conciliations des comptes de la balance<\/li>\n<li>Balance G\u00e9n\u00e9rale et Grand livre<\/li>\n<li>Rapprochement bancaire<\/li>\n<li>Contr\u00f4le des immobilisations \/ immobilisations corporelles<\/li>\n<li>Listes de journaux des op\u00e9rations et leurs bilans<\/li>\n<li>Plans d\u2019Exploitation \u2013 Information fournie au client relativement \u00e0 son entreprise<\/li>\n<\/ul>\n<p><\/div>[\/vc_tab][vc_tab title=\u00a0\u00bbTravaux comptables de cl\u00f4ture d\u2019exercice \u00a0\u00bb tab_id=\u00a0\u00bb1438177762878-2-2&Prime;]<div class='q_list circle circle_number normal animate_list'><\/p>\n<ul>\n<li>Conciliation g\u00e9n\u00e9rale des comptes et v\u00e9rification de la consistance de la nature des soldes<\/li>\n<li>R\u00e9vision des immobilisations et \u00e9laboration des plans de d\u00e9pr\u00e9ciations, de plus-values et de moins-values fiscales, r\u00e9\u00e9valuations, etc<\/li>\n<li>Balances de v\u00e9rification<\/li>\n<li>Comptabilisation des corrections d\u2019erreurs \/ r\u00e9gularisation \/ reddition de comptes<\/li>\n<li>Bilan de cl\u00f4ture<\/li>\n<li>Comptabilisations de l\u2019\u00e9laboration des R\u00e9sultats comptables<\/li>\n<li>Constitution du Dossier Fiscal &#8211; DF : \u00c9laboration et signature des documents de comptes, notamment la balance, le compte de r\u00e9sultat par nature, le compte de r\u00e9sultat par fonction, le tableau de variation des capitaux propres, le tableau de flux de tr\u00e9sorerie et l\u2019annexe aux \u00e9tats financiers, conform\u00e9ment au NCRF 1<\/li>\n<li>Envoi de la D\u00e9claration de Revenus IRC \u2013 Mod. 22<\/li>\n<li>Envoi de la D\u00e9claration Annuelle IES et les annexes<\/li>\n<li>D\u00e9terminer les imp\u00f4ts dus, remplir, valider, signer et soumettre des d\u00e9clarations l\u00e9galement dues \u00e0 l\u2019Administration fiscale portugaise (Autoridade Tribut\u00e1ria e Aduaneira), en mati\u00e8re de Taxe sur la Valeur Ajout\u00e9e, d\u2019Imp\u00f4t sur les Soci\u00e9t\u00e9s, d\u2019Imp\u00f4t sur le Revenu et Droit de Timbre<\/li>\n<li>Remplir, organiser, signer et soumettre d\u2019autres obligations d\u00e9claratives issues de l\u2019activit\u00e9 du Client, \u00e0 l\u2019Administration fiscale portugaise, le cas \u00e9ch\u00e9ant<\/li>\n<\/ul>\n<p><\/div>[\/vc_tab][\/vc_tabs][vc_column_text css=\u00a0\u00bb.vc_custom_1441710680916{padding-top: 20px !important;padding-bottom: 20px !important;}\u00a0\u00bb]<\/p>\n<p>La Comptabilit\u00e9 est effectu\u00e9e selon le Syst\u00e8me de normalisation comptable, pr\u00e9vue au D\u00e9cret-loi (portugais) n. \u00ba 158\/2009 du 13 juillet, sauf si un autre r\u00e9gime est l\u00e9galement obligatoire.<\/p>\n<p>[\/vc_column_text][\/vc_column][vc_column width=\u00a0\u00bb1\/6&Prime; css=\u00a0\u00bb.vc_custom_1438094416051{border-top-width: 0px !important;border-right-width: 0px !important;border-bottom-width: 0px !important;border-left-width: 1px !important;padding-top: 5px !important;padding-right: 5px !important;padding-bottom: 5px !important;padding-left: 5px !important;border-left-color: #c0c0c0 !important;border-left-style: solid !important;border-right-color: #c0c0c0 !important;border-right-style: solid !important;border-top-color: #c0c0c0 !important;border-top-style: solid !important;border-bottom-color: #c0c0c0 !important;border-bottom-style: solid !important;}\u00a0\u00bb][vc_column_text css=\u00a0\u00bb.vc_custom_1441710732164{padding-bottom: 5px !important;padding-left: 10px !important;}\u00a0\u00bb]<\/p>\n<h5 style=\"text-align: left;\">NOUVELLES<\/h5>\n<p>[\/vc_column_text][vc_column_text]<\/p>\n\n<div id=\"Contabilidaderss\" class=\"amr-widget-area\"><\/div>\n\n<p>[\/vc_column_text][vc_column_text css=\u00a0\u00bb.vc_custom_1441710751539{padding-top: 10px !important;padding-bottom: 5px !important;padding-left: 10px !important;}\u00a0\u00bb]<\/p>\n<h5 style=\"text-align: left;\">POUR CONSULTER:<\/h5>\n<p>[\/vc_column_text][vc_column_text css=\u00a0\u00bb.vc_custom_1441710768051{padding-left: 10px !important;}\u00a0\u00bb]<span   class=\"qode_icon_shortcode  q_font_awsome_icon   \" style=\" \"><i class=\"qode_icon_font_awesome fa fa-link qode_icon_element\" style=\"\" ><\/i><\/span>\u00a0<a href=\"http:\/\/www.diplomatie.gouv.fr\/fr\/dossiers-pays\/portugal\/presentation-du-portugal\/\" target=\"_blank\" class=\"broken_link\"><span class=\"tooltips \" style=\"\" title=\"Presentation du Portugal\">Presentation Portugal<\/span><\/a><\/p>\n<p><span   class=\"qode_icon_shortcode  q_font_awsome_icon   \" style=\" \"><i class=\"qode_icon_font_awesome fa fa-link qode_icon_element\" style=\"\" ><\/i><\/span> <a href=\"http:\/\/donnees.banquemondiale.org\/pays\/portugal\" target=\"_blank\"><span class=\"tooltips \" style=\"\" title=\"Banque Mondiale\">Banque Mondiale<\/span><\/a><\/p>\n<p><span   class=\"qode_icon_shortcode  q_font_awsome_icon   \" style=\" \"><i class=\"qode_icon_font_awesome fa fa-link qode_icon_element\" style=\"\" ><\/i><\/span> <a href=\"http:\/\/www.touteleurope.eu\/les-pays-de-l-union-europeenne\/portugal.html\" target=\"_blank\"><span class=\"tooltips \" style=\"\" title=\"\">Portugal<\/span><\/a><\/p>\n<p><span   class=\"qode_icon_shortcode  q_font_awsome_icon   \" style=\" \"><i class=\"qode_icon_font_awesome fa fa-link qode_icon_element\" style=\"\" ><\/i><\/span> <a href=\"http:\/\/www.fee.be\/\" target=\"_blank\"><span class=\"tooltips \" style=\"\" title=\"F\u00e9d\u00e9ration des Experts Comptables Europ\u00e9ens\">FEE<\/span><\/a><\/p>\n<p><span   class=\"qode_icon_shortcode  q_font_awsome_icon   \" style=\" \"><i class=\"qode_icon_font_awesome fa fa-link qode_icon_element\" style=\"\" ><\/i><\/span> <a href=\"http:\/\/www.fonction-publique.gouv.fr\/files\/files\/IMG\/Portugal_.pdf\" target=\"_blank\" class=\"broken_link\"><span class=\"tooltips \" style=\"\" title=\"Fonction Publique\">Fonction Publique<\/span><\/a><\/p>\n<p><span   class=\"qode_icon_shortcode  q_font_awsome_icon   \" style=\" \"><i class=\"qode_icon_font_awesome fa fa-link qode_icon_element\" style=\"\" ><\/i><\/span> <a href=\"https:\/\/data.oecd.org\/fr\/portugal.htm\" target=\"_blank\" class=\"broken_link\"><span class=\"tooltips \" style=\"\" title=\"Indicateurs Portugal\">Indicateurs Portugal<\/span><\/a>[\/vc_column_text][\/vc_column][\/vc_row][vc_row row_type=\u00a0\u00bbrow\u00a0\u00bb use_row_as_full_screen_section=\u00a0\u00bbno\u00a0\u00bb type=\u00a0\u00bbgrid\u00a0\u00bb parallax_content_width=\u00a0\u00bbin_grid\u00a0\u00bb angled_section=\u00a0\u00bbno\u00a0\u00bb angled_section_position=\u00a0\u00bbboth\u00a0\u00bb angled_section_direction=\u00a0\u00bbfrom_left_to_right\u00a0\u00bb text_align=\u00a0\u00bbleft\u00a0\u00bb background_image_as_pattern=\u00a0\u00bbwith_pattern\u00a0\u00bb row_negative_margin=\u00a0\u00bb\u00a0\u00bb padding_top=\u00a0\u00bb40&Prime; padding_bottom=\u00a0\u00bb40&Prime; background_image=\u00a0\u00bb15182&Prime;][vc_column width=\u00a0\u00bb1\/1&Prime;][vc_column_text]<\/p>\n<h3 style=\"text-align: center; color: #ffffff;\">Na 24|7 a contabilidade \u00e9 um instrumento ao servi\u00e7o da gest\u00e3o 24\/7.<br \/>\n<a style=\"color: #ffffff; line-height: 2;\" href=\"http:\/\/www.24sete.pt\/contactos\/\"><u>Saiba como, fale connosco.<\/u><\/a><\/h3>\n<h4 style=\"text-align: center; color: #ffffff;\">N\u00e3o deixe a contabilidade ser um pesadelo,\u00a0somos o seu parceiro de neg\u00f3cios 24\/7<\/h4>\n<p>[\/vc_column_text][\/vc_column][\/vc_row]<\/p>\n","protected":false},"excerpt":{"rendered":"<p>[vc_row row_type=\u00a0\u00bbrow\u00a0\u00bb type=\u00a0\u00bbgrid\u00a0\u00bb text_align=\u00a0\u00bbleft\u00a0\u00bb padding_top=\u00a0\u00bb40&Prime; padding_bottom=\u00a0\u00bb0&Prime; anchor=\u00a0\u00bbportfolio\u00a0\u00bb content_menu_title=\u00a0\u00bbPortfolio List\u00a0\u00bb content_menu_icon=\u00a0\u00bbfa-list\u00a0\u00bb background_color=\u00a0\u00bb#ffffff\u00a0\u00bb border_color=\u00a0\u00bb#eeeeee\u00a0\u00bb use_row_as_full_screen_section=\u00a0\u00bbno\u00a0\u00bb parallax_content_width=\u00a0\u00bbin_grid\u00a0\u00bb angled_section=\u00a0\u00bbno\u00a0\u00bb angled_section_position=\u00a0\u00bbboth\u00a0\u00bb angled_section_direction=\u00a0\u00bbfrom_left_to_right\u00a0\u00bb background_image_as_pattern=\u00a0\u00bbwithout_pattern\u00a0\u00bb row_negative_margin=\u00a0\u00bb\u00a0\u00bb][vc_column width=\u00a0\u00bb5\/6&Prime;][vc_column_text] La Comptabilit\u00e9 est obligatoire. 24|7 transforme cette obligation en un outil essentiel \u00e0 la gestion. [\/vc_column_text][vc_column_text css=\u00a0\u00bb.vc_custom_1442229440061{padding-top: 20px !important;}\u00a0\u00bb]Au niveau mondial, nos mod\u00e8les de gestion&#8230;<\/p>\n","protected":false},"author":8,"featured_media":0,"parent":19066,"menu_order":0,"comment_status":"open","ping_status":"open","template":"full_width.php","meta":{"footnotes":""},"class_list":["post-19076","page","type-page","status-publish","hentry"],"yoast_head":"<!-- This site is optimized with the Yoast SEO plugin v25.6 - https:\/\/yoast.com\/wordpress\/plugins\/seo\/ -->\n<title>Comptabilit\u00e9 - 24sete<\/title>\n<meta name=\"robots\" content=\"index, follow, max-snippet:-1, max-image-preview:large, max-video-preview:-1\" \/>\n<link rel=\"canonical\" href=\"https:\/\/24sete.pt\/servicos\/contabilidade\/\" \/>\n<meta property=\"og:locale\" content=\"fr_FR\" \/>\n<meta property=\"og:type\" content=\"article\" \/>\n<meta property=\"og:title\" content=\"Comptabilit\u00e9 - 24sete\" \/>\n<meta property=\"og:description\" content=\"[vc_row row_type=\u00a0\u00bbrow\u00a0\u00bb type=\u00a0\u00bbgrid\u00a0\u00bb text_align=\u00a0\u00bbleft\u00a0\u00bb padding_top=\u00a0\u00bb40&Prime; padding_bottom=\u00a0\u00bb0&Prime; anchor=\u00a0\u00bbportfolio\u00a0\u00bb content_menu_title=\u00a0\u00bbPortfolio List\u00a0\u00bb content_menu_icon=\u00a0\u00bbfa-list\u00a0\u00bb background_color=\u00a0\u00bb#ffffff\u00a0\u00bb border_color=\u00a0\u00bb#eeeeee\u00a0\u00bb use_row_as_full_screen_section=\u00a0\u00bbno\u00a0\u00bb parallax_content_width=\u00a0\u00bbin_grid\u00a0\u00bb angled_section=\u00a0\u00bbno\u00a0\u00bb angled_section_position=\u00a0\u00bbboth\u00a0\u00bb angled_section_direction=\u00a0\u00bbfrom_left_to_right\u00a0\u00bb background_image_as_pattern=\u00a0\u00bbwithout_pattern\u00a0\u00bb row_negative_margin=\u00a0\u00bb\u00a0\u00bb][vc_column width=\u00a0\u00bb5\/6&Prime;][vc_column_text] La Comptabilit\u00e9 est obligatoire. 24|7 transforme cette obligation en un outil essentiel \u00e0 la gestion. [\/vc_column_text][vc_column_text css=\u00a0\u00bb.vc_custom_1442229440061{padding-top: 20px !important;}\u00a0\u00bb]Au niveau mondial, nos mod\u00e8les de gestion...\" \/>\n<meta property=\"og:url\" content=\"https:\/\/24sete.pt\/servicos\/contabilidade\/\" \/>\n<meta property=\"og:site_name\" content=\"24sete\" \/>\n<meta property=\"article:modified_time\" content=\"2015-09-14T11:55:40+00:00\" \/>\n<meta name=\"twitter:card\" content=\"summary_large_image\" \/>\n<meta name=\"twitter:label1\" content=\"Dur\u00e9e de lecture estim\u00e9e\" \/>\n\t<meta name=\"twitter:data1\" content=\"7 minutes\" \/>\n<script type=\"application\/ld+json\" class=\"yoast-schema-graph\">{\"@context\":\"https:\/\/schema.org\",\"@graph\":[{\"@type\":\"WebPage\",\"@id\":\"https:\/\/24sete.pt\/servicos\/contabilidade\/\",\"url\":\"https:\/\/24sete.pt\/servicos\/contabilidade\/\",\"name\":\"Comptabilit\u00e9 - 24sete\",\"isPartOf\":{\"@id\":\"https:\/\/24sete.pt\/#website\"},\"datePublished\":\"2015-08-25T08:52:25+00:00\",\"dateModified\":\"2015-09-14T11:55:40+00:00\",\"breadcrumb\":{\"@id\":\"https:\/\/24sete.pt\/servicos\/contabilidade\/#breadcrumb\"},\"inLanguage\":\"fr-FR\",\"potentialAction\":[{\"@type\":\"ReadAction\",\"target\":[\"https:\/\/24sete.pt\/servicos\/contabilidade\/\"]}]},{\"@type\":\"BreadcrumbList\",\"@id\":\"https:\/\/24sete.pt\/servicos\/contabilidade\/#breadcrumb\",\"itemListElement\":[{\"@type\":\"ListItem\",\"position\":1,\"name\":\"In\u00edcio\",\"item\":\"https:\/\/24sete.pt\/fr\/\"},{\"@type\":\"ListItem\",\"position\":2,\"name\":\"Services\",\"item\":\"https:\/\/24sete.pt\/fr\/services\/\"},{\"@type\":\"ListItem\",\"position\":3,\"name\":\"Comptabilit\u00e9\"}]},{\"@type\":\"WebSite\",\"@id\":\"https:\/\/24sete.pt\/#website\",\"url\":\"https:\/\/24sete.pt\/\",\"name\":\"24sete\",\"description\":\"Accounting, Advisory, strategy\",\"potentialAction\":[{\"@type\":\"SearchAction\",\"target\":{\"@type\":\"EntryPoint\",\"urlTemplate\":\"https:\/\/24sete.pt\/?s={search_term_string}\"},\"query-input\":{\"@type\":\"PropertyValueSpecification\",\"valueRequired\":true,\"valueName\":\"search_term_string\"}}],\"inLanguage\":\"fr-FR\"}]}<\/script>\n<!-- \/ Yoast SEO plugin. -->","yoast_head_json":{"title":"Comptabilit\u00e9 - 24sete","robots":{"index":"index","follow":"follow","max-snippet":"max-snippet:-1","max-image-preview":"max-image-preview:large","max-video-preview":"max-video-preview:-1"},"canonical":"https:\/\/24sete.pt\/servicos\/contabilidade\/","og_locale":"fr_FR","og_type":"article","og_title":"Comptabilit\u00e9 - 24sete","og_description":"[vc_row row_type=\u00a0\u00bbrow\u00a0\u00bb type=\u00a0\u00bbgrid\u00a0\u00bb text_align=\u00a0\u00bbleft\u00a0\u00bb padding_top=\u00a0\u00bb40&Prime; padding_bottom=\u00a0\u00bb0&Prime; anchor=\u00a0\u00bbportfolio\u00a0\u00bb content_menu_title=\u00a0\u00bbPortfolio List\u00a0\u00bb content_menu_icon=\u00a0\u00bbfa-list\u00a0\u00bb background_color=\u00a0\u00bb#ffffff\u00a0\u00bb border_color=\u00a0\u00bb#eeeeee\u00a0\u00bb use_row_as_full_screen_section=\u00a0\u00bbno\u00a0\u00bb parallax_content_width=\u00a0\u00bbin_grid\u00a0\u00bb angled_section=\u00a0\u00bbno\u00a0\u00bb angled_section_position=\u00a0\u00bbboth\u00a0\u00bb angled_section_direction=\u00a0\u00bbfrom_left_to_right\u00a0\u00bb background_image_as_pattern=\u00a0\u00bbwithout_pattern\u00a0\u00bb row_negative_margin=\u00a0\u00bb\u00a0\u00bb][vc_column width=\u00a0\u00bb5\/6&Prime;][vc_column_text] La Comptabilit\u00e9 est obligatoire. 24|7 transforme cette obligation en un outil essentiel \u00e0 la gestion. [\/vc_column_text][vc_column_text css=\u00a0\u00bb.vc_custom_1442229440061{padding-top: 20px !important;}\u00a0\u00bb]Au niveau mondial, nos mod\u00e8les de gestion...","og_url":"https:\/\/24sete.pt\/servicos\/contabilidade\/","og_site_name":"24sete","article_modified_time":"2015-09-14T11:55:40+00:00","twitter_card":"summary_large_image","twitter_misc":{"Dur\u00e9e de lecture estim\u00e9e":"7 minutes"},"schema":{"@context":"https:\/\/schema.org","@graph":[{"@type":"WebPage","@id":"https:\/\/24sete.pt\/servicos\/contabilidade\/","url":"https:\/\/24sete.pt\/servicos\/contabilidade\/","name":"Comptabilit\u00e9 - 24sete","isPartOf":{"@id":"https:\/\/24sete.pt\/#website"},"datePublished":"2015-08-25T08:52:25+00:00","dateModified":"2015-09-14T11:55:40+00:00","breadcrumb":{"@id":"https:\/\/24sete.pt\/servicos\/contabilidade\/#breadcrumb"},"inLanguage":"fr-FR","potentialAction":[{"@type":"ReadAction","target":["https:\/\/24sete.pt\/servicos\/contabilidade\/"]}]},{"@type":"BreadcrumbList","@id":"https:\/\/24sete.pt\/servicos\/contabilidade\/#breadcrumb","itemListElement":[{"@type":"ListItem","position":1,"name":"In\u00edcio","item":"https:\/\/24sete.pt\/fr\/"},{"@type":"ListItem","position":2,"name":"Services","item":"https:\/\/24sete.pt\/fr\/services\/"},{"@type":"ListItem","position":3,"name":"Comptabilit\u00e9"}]},{"@type":"WebSite","@id":"https:\/\/24sete.pt\/#website","url":"https:\/\/24sete.pt\/","name":"24sete","description":"Accounting, Advisory, strategy","potentialAction":[{"@type":"SearchAction","target":{"@type":"EntryPoint","urlTemplate":"https:\/\/24sete.pt\/?s={search_term_string}"},"query-input":{"@type":"PropertyValueSpecification","valueRequired":true,"valueName":"search_term_string"}}],"inLanguage":"fr-FR"}]}},"_links":{"self":[{"href":"https:\/\/24sete.pt\/fr\/wp-json\/wp\/v2\/pages\/19076","targetHints":{"allow":["GET"]}}],"collection":[{"href":"https:\/\/24sete.pt\/fr\/wp-json\/wp\/v2\/pages"}],"about":[{"href":"https:\/\/24sete.pt\/fr\/wp-json\/wp\/v2\/types\/page"}],"author":[{"embeddable":true,"href":"https:\/\/24sete.pt\/fr\/wp-json\/wp\/v2\/users\/8"}],"replies":[{"embeddable":true,"href":"https:\/\/24sete.pt\/fr\/wp-json\/wp\/v2\/comments?post=19076"}],"version-history":[{"count":0,"href":"https:\/\/24sete.pt\/fr\/wp-json\/wp\/v2\/pages\/19076\/revisions"}],"up":[{"embeddable":true,"href":"https:\/\/24sete.pt\/fr\/wp-json\/wp\/v2\/pages\/19066"}],"wp:attachment":[{"href":"https:\/\/24sete.pt\/fr\/wp-json\/wp\/v2\/media?parent=19076"}],"curies":[{"name":"wp","href":"https:\/\/api.w.org\/{rel}","templated":true}]}}