{"id":19082,"date":"2015-08-25T09:52:58","date_gmt":"2015-08-25T08:52:58","guid":{"rendered":"http:\/\/www.24sete.pt\/fr\/?page_id=19082"},"modified":"2015-09-11T18:21:59","modified_gmt":"2015-09-11T17:21:59","slug":"strategie","status":"publish","type":"page","link":"https:\/\/24sete.pt\/fr\/services\/strategie\/","title":{"rendered":"Strat\u00e9gie"},"content":{"rendered":"<p>[vc_row row_type=\u00a0\u00bbrow\u00a0\u00bb type=\u00a0\u00bbgrid\u00a0\u00bb text_align=\u00a0\u00bbleft\u00a0\u00bb padding_top=\u00a0\u00bb40&Prime; padding_bottom=\u00a0\u00bb0&Prime; anchor=\u00a0\u00bbportfolio\u00a0\u00bb content_menu_title=\u00a0\u00bbPortfolio List\u00a0\u00bb content_menu_icon=\u00a0\u00bbfa-list\u00a0\u00bb background_color=\u00a0\u00bb#ffffff\u00a0\u00bb border_color=\u00a0\u00bb#eeeeee\u00a0\u00bb use_row_as_full_screen_section=\u00a0\u00bbno\u00a0\u00bb parallax_content_width=\u00a0\u00bbin_grid\u00a0\u00bb angled_section=\u00a0\u00bbno\u00a0\u00bb angled_section_position=\u00a0\u00bbboth\u00a0\u00bb angled_section_direction=\u00a0\u00bbfrom_left_to_right\u00a0\u00bb background_image_as_pattern=\u00a0\u00bbwithout_pattern\u00a0\u00bb row_negative_margin=\u00a0\u00bb\u00a0\u00bb][vc_column width=\u00a0\u00bb5\/6&Prime; css=\u00a0\u00bb.vc_custom_1438014822638{padding-bottom: 40px !important;}\u00a0\u00bb][vc_column_text css=\u00a0\u00bb.vc_custom_1441711470776{padding-top: 20px !important;}\u00a0\u00bb]De nos jours, l\u2019intensit\u00e9 et la vitesse du monde des affaires renvoient fr\u00e9quemment et plus qu\u2019il ne le faudrait, au second plan, la planification strat\u00e9gique.<\/p>\n<p>Cependant, pour avoir du succ\u00e8s dans les affaires et de l\u2019avenir dans une entreprise, il est primordial d\u2019avoir un bon plan strat\u00e9gique des affaires.<\/p>\n<p>&nbsp;<\/p>\n<p>En accord avec le Client, 24|7 aide \u00e0 \u00e9laborer un plan strat\u00e9gique de 3 \u00e0 5 ans, en \u00e9tablissant des buts et des objectifs, tout en d\u00e9crivant la mani\u00e8re dont le Client et son \u00e9quipe pourront les atteindre.<\/p>\n<p>&nbsp;<\/p>\n<p>Votre plan strat\u00e9gique:<\/p>\n<p>&nbsp;<\/p>\n<ul>\n<li>D\u00e9finira les caract\u00e9ristiques de votre entreprise pour une p\u00e9riode de trois \u00e0 cinq ans<\/li>\n<li>D\u00e9finira les objectifs et les buts financiers<\/li>\n<li>Appliquera un plan de mise en \u0153uvre efficace<\/li>\n<\/ul>\n<p>[\/vc_column_text][vc_single_image image=\u00a0\u00bb19184&Prime; border_color=\u00a0\u00bbgrey\u00a0\u00bb img_link_large=\u00a0\u00bb\u00a0\u00bb img_link_target=\u00a0\u00bb_self\u00a0\u00bb img_size=\u00a0\u00bbfull\u00a0\u00bb css=\u00a0\u00bb.vc_custom_1441795988450{padding-top: 30px !important;}\u00a0\u00bb alignment=\u00a0\u00bbcenter\u00a0\u00bb][\/vc_column][vc_column width=\u00a0\u00bb1\/6&Prime; css=\u00a0\u00bb.vc_custom_1438254524951{border-top-width: 0px !important;border-right-width: 0px !important;border-bottom-width: 0px !important;border-left-width: 1px !important;padding-top: 5px !important;padding-right: 5px !important;padding-bottom: 20px !important;padding-left: 5px !important;border-left-color: #c0c0c0 !important;border-left-style: solid !important;border-right-color: #c0c0c0 !important;border-right-style: solid !important;border-top-color: #c0c0c0 !important;border-top-style: solid !important;border-bottom-color: #c0c0c0 !important;border-bottom-style: solid !important;}\u00a0\u00bb][vc_column_text css=\u00a0\u00bb.vc_custom_1441711485471{padding-bottom: 5px !important;padding-left: 10px !important;}\u00a0\u00bb]<\/p>\n<h5 style=\"text-align: left;\">NOUVELLES<\/h5>\n<p>[\/vc_column_text][vc_column_text]<\/p>\n\n<div id=\"strategyrss\" class=\"amr-widget-area\"><\/div>\n\n<p>[\/vc_column_text][vc_column_text css=\u00a0\u00bb.vc_custom_1441711502384{padding-top: 5px !important;padding-bottom: 5px !important;padding-left: 10px !important;}\u00a0\u00bb]<\/p>\n<h5 style=\"text-align: left;\">POUR CONSULTER:<\/h5>\n<p>[\/vc_column_text][vc_column_text css=\u00a0\u00bb.vc_custom_1441711518255{padding-left: 10px !important;}\u00a0\u00bb]<span   class=\"qode_icon_shortcode  q_font_awsome_icon   \" style=\" \"><i class=\"qode_icon_font_awesome fa fa-link qode_icon_element\" style=\"\" ><\/i><\/span>\u00a0<a href=\"http:\/\/www.diplomatie.gouv.fr\/fr\/dossiers-pays\/portugal\/presentation-du-portugal\/\" target=\"_blank\" class=\"broken_link\"><span class=\"tooltips \" style=\"\" title=\"Presentation du Portugal\">Presentation Portugal<\/span><\/a><\/p>\n<p><span   class=\"qode_icon_shortcode  q_font_awsome_icon   \" style=\" \"><i class=\"qode_icon_font_awesome fa fa-link qode_icon_element\" style=\"\" ><\/i><\/span> <a href=\"http:\/\/donnees.banquemondiale.org\/pays\/portugal\" target=\"_blank\"><span class=\"tooltips \" style=\"\" title=\"Banque Mondiale\">Banque Mondiale<\/span><\/a><\/p>\n<p><span   class=\"qode_icon_shortcode  q_font_awsome_icon   \" style=\" \"><i class=\"qode_icon_font_awesome fa fa-link qode_icon_element\" style=\"\" ><\/i><\/span> <a href=\"http:\/\/www.touteleurope.eu\/les-pays-de-l-union-europeenne\/portugal.html\" target=\"_blank\"><span class=\"tooltips \" style=\"\" title=\"\">Portugal<\/span><\/a><\/p>\n<p><span   class=\"qode_icon_shortcode  q_font_awsome_icon   \" style=\" \"><i class=\"qode_icon_font_awesome fa fa-link qode_icon_element\" style=\"\" ><\/i><\/span> <a href=\"http:\/\/www.fee.be\/\" target=\"_blank\"><span class=\"tooltips \" style=\"\" title=\"F\u00e9d\u00e9ration des Experts Comptables Europ\u00e9ens\">FEE<\/span><\/a><\/p>\n<p><span   class=\"qode_icon_shortcode  q_font_awsome_icon   \" style=\" \"><i class=\"qode_icon_font_awesome fa fa-link qode_icon_element\" style=\"\" ><\/i><\/span> <a href=\"http:\/\/www.fonction-publique.gouv.fr\/files\/files\/IMG\/Portugal_.pdf\" target=\"_blank\" class=\"broken_link\"><span class=\"tooltips \" style=\"\" title=\"Fonction Publique\">Fonction Publique<\/span><\/a><\/p>\n<p><span   class=\"qode_icon_shortcode  q_font_awsome_icon   \" style=\" \"><i class=\"qode_icon_font_awesome fa fa-link qode_icon_element\" style=\"\" ><\/i><\/span> <a href=\"https:\/\/data.oecd.org\/fr\/portugal.htm\" target=\"_blank\" class=\"broken_link\"><span class=\"tooltips \" style=\"\" title=\"Indicateurs Portugal\">Indicateurs Portugal<\/span><\/a>[\/vc_column_text][\/vc_column][\/vc_row][vc_row row_type=\u00a0\u00bbrow\u00a0\u00bb use_row_as_full_screen_section=\u00a0\u00bbno\u00a0\u00bb type=\u00a0\u00bbgrid\u00a0\u00bb parallax_content_width=\u00a0\u00bbin_grid\u00a0\u00bb angled_section=\u00a0\u00bbno\u00a0\u00bb angled_section_position=\u00a0\u00bbboth\u00a0\u00bb angled_section_direction=\u00a0\u00bbfrom_left_to_right\u00a0\u00bb text_align=\u00a0\u00bbleft\u00a0\u00bb background_image_as_pattern=\u00a0\u00bbwithout_pattern\u00a0\u00bb row_negative_margin=\u00a0\u00bb\u00a0\u00bb padding_top=\u00a0\u00bb40&Prime; padding_bottom=\u00a0\u00bb40&Prime; background_image=\u00a0\u00bb15182&Prime;][vc_column width=\u00a0\u00bb1\/1&Prime;][vc_column_text]<\/p>\n<h3 style=\"text-align: center; color: #ffffff;\">Comment imaginez-vous votre entreprise d\u2019ici 3 ou 5 ans ?<\/h3>\n<h3 style=\"text-align: center; color: #ffffff; line-height: 2;\">24|7 vous aide \u00e0 y arriver, en \u00e9tablissant des objectifs et en indiquant le chemin \u00e0 suivre.<\/h3>\n<h3 style=\"text-align: center; color: #ffffff; line-height: 2;\"><a style=\"color: #ffffff;\" href=\"http:\/\/www.24sete.pt\/fr\/contacts\/\"><u>Contactez-nous!<\/u><\/a><\/h3>\n<p>[\/vc_column_text][\/vc_column][\/vc_row]<\/p>\n","protected":false},"excerpt":{"rendered":"<p>[vc_row row_type=\u00a0\u00bbrow\u00a0\u00bb type=\u00a0\u00bbgrid\u00a0\u00bb text_align=\u00a0\u00bbleft\u00a0\u00bb padding_top=\u00a0\u00bb40&Prime; padding_bottom=\u00a0\u00bb0&Prime; anchor=\u00a0\u00bbportfolio\u00a0\u00bb content_menu_title=\u00a0\u00bbPortfolio List\u00a0\u00bb content_menu_icon=\u00a0\u00bbfa-list\u00a0\u00bb background_color=\u00a0\u00bb#ffffff\u00a0\u00bb border_color=\u00a0\u00bb#eeeeee\u00a0\u00bb use_row_as_full_screen_section=\u00a0\u00bbno\u00a0\u00bb parallax_content_width=\u00a0\u00bbin_grid\u00a0\u00bb angled_section=\u00a0\u00bbno\u00a0\u00bb angled_section_position=\u00a0\u00bbboth\u00a0\u00bb angled_section_direction=\u00a0\u00bbfrom_left_to_right\u00a0\u00bb background_image_as_pattern=\u00a0\u00bbwithout_pattern\u00a0\u00bb row_negative_margin=\u00a0\u00bb\u00a0\u00bb][vc_column width=\u00a0\u00bb5\/6&Prime; css=\u00a0\u00bb.vc_custom_1438014822638{padding-bottom: 40px !important;}\u00a0\u00bb][vc_column_text css=\u00a0\u00bb.vc_custom_1441711470776{padding-top: 20px !important;}\u00a0\u00bb]De nos jours, l\u2019intensit\u00e9 et la vitesse du monde des affaires renvoient fr\u00e9quemment et plus qu\u2019il ne le faudrait, au&#8230;<\/p>\n","protected":false},"author":8,"featured_media":0,"parent":19066,"menu_order":0,"comment_status":"open","ping_status":"open","template":"full_width.php","meta":{"footnotes":""},"class_list":["post-19082","page","type-page","status-publish","hentry"],"yoast_head":"<!-- This site is optimized with the Yoast SEO plugin v25.6 - https:\/\/yoast.com\/wordpress\/plugins\/seo\/ -->\n<title>Strat\u00e9gie - 24sete<\/title>\n<meta name=\"robots\" content=\"index, follow, max-snippet:-1, max-image-preview:large, max-video-preview:-1\" \/>\n<link rel=\"canonical\" href=\"https:\/\/24sete.pt\/servicos\/estrategia\/\" \/>\n<meta property=\"og:locale\" content=\"fr_FR\" \/>\n<meta property=\"og:type\" content=\"article\" \/>\n<meta property=\"og:title\" content=\"Strat\u00e9gie - 24sete\" \/>\n<meta property=\"og:description\" content=\"[vc_row row_type=\u00a0\u00bbrow\u00a0\u00bb type=\u00a0\u00bbgrid\u00a0\u00bb text_align=\u00a0\u00bbleft\u00a0\u00bb padding_top=\u00a0\u00bb40&Prime; padding_bottom=\u00a0\u00bb0&Prime; anchor=\u00a0\u00bbportfolio\u00a0\u00bb content_menu_title=\u00a0\u00bbPortfolio List\u00a0\u00bb content_menu_icon=\u00a0\u00bbfa-list\u00a0\u00bb background_color=\u00a0\u00bb#ffffff\u00a0\u00bb border_color=\u00a0\u00bb#eeeeee\u00a0\u00bb use_row_as_full_screen_section=\u00a0\u00bbno\u00a0\u00bb parallax_content_width=\u00a0\u00bbin_grid\u00a0\u00bb angled_section=\u00a0\u00bbno\u00a0\u00bb angled_section_position=\u00a0\u00bbboth\u00a0\u00bb angled_section_direction=\u00a0\u00bbfrom_left_to_right\u00a0\u00bb background_image_as_pattern=\u00a0\u00bbwithout_pattern\u00a0\u00bb row_negative_margin=\u00a0\u00bb\u00a0\u00bb][vc_column width=\u00a0\u00bb5\/6&Prime; css=\u00a0\u00bb.vc_custom_1438014822638{padding-bottom: 40px !important;}\u00a0\u00bb][vc_column_text css=\u00a0\u00bb.vc_custom_1441711470776{padding-top: 20px !important;}\u00a0\u00bb]De nos jours, l\u2019intensit\u00e9 et la vitesse du monde des affaires renvoient fr\u00e9quemment et plus qu\u2019il ne le faudrait, au...\" \/>\n<meta property=\"og:url\" content=\"https:\/\/24sete.pt\/servicos\/estrategia\/\" \/>\n<meta property=\"og:site_name\" content=\"24sete\" \/>\n<meta property=\"article:modified_time\" content=\"2015-09-11T17:21:59+00:00\" \/>\n<meta name=\"twitter:card\" content=\"summary_large_image\" \/>\n<meta name=\"twitter:label1\" content=\"Dur\u00e9e de lecture estim\u00e9e\" \/>\n\t<meta name=\"twitter:data1\" content=\"3 minutes\" \/>\n<script type=\"application\/ld+json\" class=\"yoast-schema-graph\">{\"@context\":\"https:\/\/schema.org\",\"@graph\":[{\"@type\":\"WebPage\",\"@id\":\"https:\/\/24sete.pt\/servicos\/estrategia\/\",\"url\":\"https:\/\/24sete.pt\/servicos\/estrategia\/\",\"name\":\"Strat\u00e9gie - 24sete\",\"isPartOf\":{\"@id\":\"https:\/\/24sete.pt\/#website\"},\"datePublished\":\"2015-08-25T08:52:58+00:00\",\"dateModified\":\"2015-09-11T17:21:59+00:00\",\"breadcrumb\":{\"@id\":\"https:\/\/24sete.pt\/servicos\/estrategia\/#breadcrumb\"},\"inLanguage\":\"fr-FR\",\"potentialAction\":[{\"@type\":\"ReadAction\",\"target\":[\"https:\/\/24sete.pt\/servicos\/estrategia\/\"]}]},{\"@type\":\"BreadcrumbList\",\"@id\":\"https:\/\/24sete.pt\/servicos\/estrategia\/#breadcrumb\",\"itemListElement\":[{\"@type\":\"ListItem\",\"position\":1,\"name\":\"In\u00edcio\",\"item\":\"https:\/\/24sete.pt\/fr\/\"},{\"@type\":\"ListItem\",\"position\":2,\"name\":\"Services\",\"item\":\"https:\/\/24sete.pt\/fr\/services\/\"},{\"@type\":\"ListItem\",\"position\":3,\"name\":\"Strat\u00e9gie\"}]},{\"@type\":\"WebSite\",\"@id\":\"https:\/\/24sete.pt\/#website\",\"url\":\"https:\/\/24sete.pt\/\",\"name\":\"24sete\",\"description\":\"Accounting, Advisory, strategy\",\"potentialAction\":[{\"@type\":\"SearchAction\",\"target\":{\"@type\":\"EntryPoint\",\"urlTemplate\":\"https:\/\/24sete.pt\/?s={search_term_string}\"},\"query-input\":{\"@type\":\"PropertyValueSpecification\",\"valueRequired\":true,\"valueName\":\"search_term_string\"}}],\"inLanguage\":\"fr-FR\"}]}<\/script>\n<!-- \/ Yoast SEO plugin. -->","yoast_head_json":{"title":"Strat\u00e9gie - 24sete","robots":{"index":"index","follow":"follow","max-snippet":"max-snippet:-1","max-image-preview":"max-image-preview:large","max-video-preview":"max-video-preview:-1"},"canonical":"https:\/\/24sete.pt\/servicos\/estrategia\/","og_locale":"fr_FR","og_type":"article","og_title":"Strat\u00e9gie - 24sete","og_description":"[vc_row row_type=\u00a0\u00bbrow\u00a0\u00bb type=\u00a0\u00bbgrid\u00a0\u00bb text_align=\u00a0\u00bbleft\u00a0\u00bb padding_top=\u00a0\u00bb40&Prime; padding_bottom=\u00a0\u00bb0&Prime; anchor=\u00a0\u00bbportfolio\u00a0\u00bb content_menu_title=\u00a0\u00bbPortfolio List\u00a0\u00bb content_menu_icon=\u00a0\u00bbfa-list\u00a0\u00bb background_color=\u00a0\u00bb#ffffff\u00a0\u00bb border_color=\u00a0\u00bb#eeeeee\u00a0\u00bb use_row_as_full_screen_section=\u00a0\u00bbno\u00a0\u00bb parallax_content_width=\u00a0\u00bbin_grid\u00a0\u00bb angled_section=\u00a0\u00bbno\u00a0\u00bb angled_section_position=\u00a0\u00bbboth\u00a0\u00bb angled_section_direction=\u00a0\u00bbfrom_left_to_right\u00a0\u00bb background_image_as_pattern=\u00a0\u00bbwithout_pattern\u00a0\u00bb row_negative_margin=\u00a0\u00bb\u00a0\u00bb][vc_column width=\u00a0\u00bb5\/6&Prime; css=\u00a0\u00bb.vc_custom_1438014822638{padding-bottom: 40px !important;}\u00a0\u00bb][vc_column_text css=\u00a0\u00bb.vc_custom_1441711470776{padding-top: 20px !important;}\u00a0\u00bb]De nos jours, l\u2019intensit\u00e9 et la vitesse du monde des affaires renvoient fr\u00e9quemment et plus qu\u2019il ne le faudrait, au...","og_url":"https:\/\/24sete.pt\/servicos\/estrategia\/","og_site_name":"24sete","article_modified_time":"2015-09-11T17:21:59+00:00","twitter_card":"summary_large_image","twitter_misc":{"Dur\u00e9e de lecture estim\u00e9e":"3 minutes"},"schema":{"@context":"https:\/\/schema.org","@graph":[{"@type":"WebPage","@id":"https:\/\/24sete.pt\/servicos\/estrategia\/","url":"https:\/\/24sete.pt\/servicos\/estrategia\/","name":"Strat\u00e9gie - 24sete","isPartOf":{"@id":"https:\/\/24sete.pt\/#website"},"datePublished":"2015-08-25T08:52:58+00:00","dateModified":"2015-09-11T17:21:59+00:00","breadcrumb":{"@id":"https:\/\/24sete.pt\/servicos\/estrategia\/#breadcrumb"},"inLanguage":"fr-FR","potentialAction":[{"@type":"ReadAction","target":["https:\/\/24sete.pt\/servicos\/estrategia\/"]}]},{"@type":"BreadcrumbList","@id":"https:\/\/24sete.pt\/servicos\/estrategia\/#breadcrumb","itemListElement":[{"@type":"ListItem","position":1,"name":"In\u00edcio","item":"https:\/\/24sete.pt\/fr\/"},{"@type":"ListItem","position":2,"name":"Services","item":"https:\/\/24sete.pt\/fr\/services\/"},{"@type":"ListItem","position":3,"name":"Strat\u00e9gie"}]},{"@type":"WebSite","@id":"https:\/\/24sete.pt\/#website","url":"https:\/\/24sete.pt\/","name":"24sete","description":"Accounting, Advisory, strategy","potentialAction":[{"@type":"SearchAction","target":{"@type":"EntryPoint","urlTemplate":"https:\/\/24sete.pt\/?s={search_term_string}"},"query-input":{"@type":"PropertyValueSpecification","valueRequired":true,"valueName":"search_term_string"}}],"inLanguage":"fr-FR"}]}},"_links":{"self":[{"href":"https:\/\/24sete.pt\/fr\/wp-json\/wp\/v2\/pages\/19082","targetHints":{"allow":["GET"]}}],"collection":[{"href":"https:\/\/24sete.pt\/fr\/wp-json\/wp\/v2\/pages"}],"about":[{"href":"https:\/\/24sete.pt\/fr\/wp-json\/wp\/v2\/types\/page"}],"author":[{"embeddable":true,"href":"https:\/\/24sete.pt\/fr\/wp-json\/wp\/v2\/users\/8"}],"replies":[{"embeddable":true,"href":"https:\/\/24sete.pt\/fr\/wp-json\/wp\/v2\/comments?post=19082"}],"version-history":[{"count":0,"href":"https:\/\/24sete.pt\/fr\/wp-json\/wp\/v2\/pages\/19082\/revisions"}],"up":[{"embeddable":true,"href":"https:\/\/24sete.pt\/fr\/wp-json\/wp\/v2\/pages\/19066"}],"wp:attachment":[{"href":"https:\/\/24sete.pt\/fr\/wp-json\/wp\/v2\/media?parent=19082"}],"curies":[{"name":"wp","href":"https:\/\/api.w.org\/{rel}","templated":true}]}}