{"id":19092,"date":"2015-08-17T10:44:51","date_gmt":"2015-08-17T09:44:51","guid":{"rendered":"http:\/\/www.24sete.pt\/fr\/?page_id=19092"},"modified":"2015-09-11T17:50:30","modified_gmt":"2015-09-11T16:50:30","slug":"gestion-financiere","status":"publish","type":"page","link":"https:\/\/24sete.pt\/fr\/services\/gestion-financiere\/","title":{"rendered":"Gestion Financi\u00e8re"},"content":{"rendered":"<p>[vc_row row_type=\u00a0\u00bbrow\u00a0\u00bb type=\u00a0\u00bbgrid\u00a0\u00bb text_align=\u00a0\u00bbleft\u00a0\u00bb padding_top=\u00a0\u00bb40&Prime; padding_bottom=\u00a0\u00bb0&Prime; anchor=\u00a0\u00bbportfolio\u00a0\u00bb content_menu_title=\u00a0\u00bbPortfolio List\u00a0\u00bb content_menu_icon=\u00a0\u00bbfa-list\u00a0\u00bb background_color=\u00a0\u00bb#ffffff\u00a0\u00bb border_color=\u00a0\u00bb#eeeeee\u00a0\u00bb use_row_as_full_screen_section=\u00a0\u00bbno\u00a0\u00bb parallax_content_width=\u00a0\u00bbin_grid\u00a0\u00bb angled_section=\u00a0\u00bbno\u00a0\u00bb angled_section_position=\u00a0\u00bbboth\u00a0\u00bb angled_section_direction=\u00a0\u00bbfrom_left_to_right\u00a0\u00bb background_image_as_pattern=\u00a0\u00bbwithout_pattern\u00a0\u00bb row_negative_margin=\u00a0\u00bb\u00a0\u00bb][vc_column width=\u00a0\u00bb5\/6&Prime; css=\u00a0\u00bb.vc_custom_1438014822638{padding-bottom: 40px !important;}\u00a0\u00bb][vc_column_text css=\u00a0\u00bb.vc_custom_1441712714123{padding-top: 20px !important;}\u00a0\u00bb]La gestion financi\u00e8re est l\u2019un des domaines traditionnels et fonctionnels de la gestion, pr\u00e9sente dans toute organisation et \u00e9tant responsable des analyses, d\u00e9cisions et agissements relatifs aux moyens financiers n\u00e9cessaires \u00e0 l\u2019activit\u00e9 de l\u2019organisation. De cette forme, la fonction financi\u00e8re int\u00e8gre toutes les t\u00e2ches li\u00e9es \u00e0 l\u2019obtention, utilisation et contr\u00f4le de ressources financi\u00e8res de mani\u00e8re \u00e0 garantir d\u2019une part, la stabilit\u00e9 des op\u00e9rations de l\u2019organisation et d\u2019autre part la rentabilit\u00e9 des recours appliqu\u00e9s.<br \/>\nLes grands objectifs des actions et des d\u00e9cisions de la gestion financi\u00e8re peuvent se r\u00e9sumer de la mani\u00e8re suivante:<\/p>\n<p>&nbsp;<\/p>\n<ul>\n<li>Assurer \u00e0 l\u2019entreprise une structure financi\u00e8re \u00e9quilibr\u00e9e, sans mettre en danger financier l\u2019organisation, ni \u00e0 court terme ni \u00e0 long terme. Cet \u00e9quilibre peut \u00eatre mesur\u00e9 en comparant les applications de capital effectu\u00e9es et l\u2019origine de ces m\u00eames capitaux.<\/li>\n<\/ul>\n<p>&nbsp;<\/p>\n<ul>\n<li>Assurer la rentabilit\u00e9 des capitaux investis (tant des capitaux propres que des capitaux \u00e9trangers). Cette rentabilit\u00e9 peut se v\u00e9rifier en comparant le montant des r\u00e9sultats obtenus avec le montant des propres capitaux investis.<\/li>\n<\/ul>\n<p>&nbsp;<\/p>\n<ul>\n<li>Garantir la stabilit\u00e9 des op\u00e9rations de l\u2019organisation en assurant l\u2019existence des capitaux financiers n\u00e9cessaires tant \u00e0 l\u2019activit\u00e9 courante, qu\u2019\u00e0 la r\u00e9alisation d\u2019investissements en capital fixe.<\/li>\n<\/ul>\n<p>[\/vc_column_text][vc_single_image image=\u00a0\u00bb19186&Prime; alignment=\u00a0\u00bbcenter\u00a0\u00bb border_color=\u00a0\u00bbgrey\u00a0\u00bb img_link_large=\u00a0\u00bb\u00a0\u00bb img_link_target=\u00a0\u00bb_self\u00a0\u00bb img_size=\u00a0\u00bbfull\u00a0\u00bb css=\u00a0\u00bb.vc_custom_1441796049378{padding-top: 30px !important;}\u00a0\u00bb][vc_column_text css=\u00a0\u00bb.vc_custom_1441712808714{padding-top: 20px !important;}\u00a0\u00bb]Dans la Gestion financi\u00e8re, 24|7 propose la prestation des services suivants:<\/p>\n<p>&nbsp;<\/p>\n<ul>\n<li><strong>Gestion de Tr\u00e9sorerie:<\/strong>\n<ul>\n<li>D\u00e9termination des besoins de recours financiers (planification des besoins de recours financiers, inventaire des recours disponibles, pr\u00e9vision des recours lib\u00e9r\u00e9s et calcul des besoins de financement externe)<\/li>\n<\/ul>\n<\/li>\n<\/ul>\n<p>&nbsp;<\/p>\n<ul>\n<li><strong>Analyse des Sources de Financement:\u00a0<\/strong>\n<ul>\n<li>L\u2019obtention de financement (en vue de financer l\u2019activit\u00e9 courante ou des investissements) de la mani\u00e8re la plus favorable, consid\u00e9rant les fins du financement, les co\u00fbts, les d\u00e9lais et autres conditions contractuelles, les conditions fiscales, l\u2019impact dans la structures financi\u00e8re de l\u2019entreprise, entre autres.<\/li>\n<li>L\u2019application pr\u00e9cise des recours financiers, y compris les exc\u00e9dents de tr\u00e9sorerie, de mani\u00e8re \u00e0 obtenir une structure financi\u00e8re \u00e9quilibr\u00e9e et des niveaux appropri\u00e9s d\u2019efficacit\u00e9 et de rentabilit\u00e9. Les principales variables \u00e0 consid\u00e9rer dans l\u2019application des recours financiers doivent \u00eatre l\u2019\u00e9ventuel retour de cette application, son degr\u00e9 de liquidit\u00e9 et le risque qui lui est associ\u00e9.<\/li>\n<li>L\u2019analyse \u00e9conomique et financi\u00e8re, y compris la collecte d\u2019information et leur \u00e9tude de mani\u00e8re \u00e0 obtenir des r\u00e9ponses s\u00fbres relatives \u00e0 la situation \u00e9conomique et financi\u00e8re de l\u2019entreprise.<\/li>\n<li>L\u2019analyse de la viabilit\u00e9 \u00e9conomique et financi\u00e8re des investissements de mani\u00e8re \u00e0 fournir un support aux d\u00e9cisions relatives \u00e0 son ex\u00e9cution ou non ex\u00e9cution.<\/li>\n<\/ul>\n<\/li>\n<\/ul>\n<p>&nbsp;<\/p>\n<p>Outre les activit\u00e9s ici d\u00e9crites, la gestion de comptes courants de Clients, de fournisseurs et autres d\u00e9biteurs et cr\u00e9anciers, ainsi que la gestion de la facturation entre autres peuvent \u00e9galement \u00eatre consid\u00e9r\u00e9s comme faisant partie de la fonction financi\u00e8re des activit\u00e9s plus administratives.[\/vc_column_text][\/vc_column][vc_column width=\u00a0\u00bb1\/6&Prime; css=\u00a0\u00bb.vc_custom_1438094416051{border-top-width: 0px !important;border-right-width: 0px !important;border-bottom-width: 0px !important;border-left-width: 1px !important;padding-top: 5px !important;padding-right: 5px !important;padding-bottom: 5px !important;padding-left: 5px !important;border-left-color: #c0c0c0 !important;border-left-style: solid !important;border-right-color: #c0c0c0 !important;border-right-style: solid !important;border-top-color: #c0c0c0 !important;border-top-style: solid !important;border-bottom-color: #c0c0c0 !important;border-bottom-style: solid !important;}\u00a0\u00bb][vc_column_text css=\u00a0\u00bb.vc_custom_1441712824427{padding-bottom: 5px !important;padding-left: 10px !important;}\u00a0\u00bb]<\/p>\n<h5 style=\"text-align: left;\">NOUVELLES<\/h5>\n<p>[\/vc_column_text][vc_column_text]<\/p>\n\n<div id=\"Fiscalrss\" class=\"amr-widget-area\"><\/div>\n\n<p>[\/vc_column_text][vc_column_text css=\u00a0\u00bb.vc_custom_1441712839129{padding-top: 5px !important;padding-bottom: 5px !important;padding-left: 10px !important;}\u00a0\u00bb]<\/p>\n<h5 style=\"text-align: left;\">POUR CONSULTER:<\/h5>\n<p>[\/vc_column_text][vc_column_text css=\u00a0\u00bb.vc_custom_1441712851625{padding-left: 10px !important;}\u00a0\u00bb]<span   class=\"qode_icon_shortcode  q_font_awsome_icon   \" style=\" \"><i class=\"qode_icon_font_awesome fa fa-link qode_icon_element\" style=\"\" ><\/i><\/span>\u00a0<a href=\"http:\/\/www.diplomatie.gouv.fr\/fr\/dossiers-pays\/portugal\/presentation-du-portugal\/\" target=\"_blank\" class=\"broken_link\"><span class=\"tooltips \" style=\"\" title=\"Presentation du Portugal\">Presentation Portugal<\/span><\/a><\/p>\n<p><span   class=\"qode_icon_shortcode  q_font_awsome_icon   \" style=\" \"><i class=\"qode_icon_font_awesome fa fa-link qode_icon_element\" style=\"\" ><\/i><\/span> <a href=\"http:\/\/donnees.banquemondiale.org\/pays\/portugal\" target=\"_blank\"><span class=\"tooltips \" style=\"\" title=\"Banque Mondiale\">Banque Mondiale<\/span><\/a><\/p>\n<p><span   class=\"qode_icon_shortcode  q_font_awsome_icon   \" style=\" \"><i class=\"qode_icon_font_awesome fa fa-link qode_icon_element\" style=\"\" ><\/i><\/span> <a href=\"http:\/\/www.touteleurope.eu\/les-pays-de-l-union-europeenne\/portugal.html\" target=\"_blank\"><span class=\"tooltips \" style=\"\" title=\"\">Portugal<\/span><\/a><\/p>\n<p><span   class=\"qode_icon_shortcode  q_font_awsome_icon   \" style=\" \"><i class=\"qode_icon_font_awesome fa fa-link qode_icon_element\" style=\"\" ><\/i><\/span> <a href=\"http:\/\/www.fee.be\/\" target=\"_blank\"><span class=\"tooltips \" style=\"\" title=\"F\u00e9d\u00e9ration des Experts Comptables Europ\u00e9ens\">FEE<\/span><\/a><\/p>\n<p><span   class=\"qode_icon_shortcode  q_font_awsome_icon   \" style=\" \"><i class=\"qode_icon_font_awesome fa fa-link qode_icon_element\" style=\"\" ><\/i><\/span> <a href=\"http:\/\/www.fonction-publique.gouv.fr\/files\/files\/IMG\/Portugal_.pdf\" target=\"_blank\" class=\"broken_link\"><span class=\"tooltips \" style=\"\" title=\"Fonction Publique\">Fonction Publique<\/span><\/a><\/p>\n<p><span   class=\"qode_icon_shortcode  q_font_awsome_icon   \" style=\" \"><i class=\"qode_icon_font_awesome fa fa-link qode_icon_element\" style=\"\" ><\/i><\/span> <a href=\"https:\/\/data.oecd.org\/fr\/portugal.htm\" target=\"_blank\" class=\"broken_link\"><span class=\"tooltips \" style=\"\" title=\"Indicateurs Portugal\">Indicateurs Portugal<\/span><\/a>[\/vc_column_text][\/vc_column][\/vc_row][vc_row row_type=\u00a0\u00bbrow\u00a0\u00bb use_row_as_full_screen_section=\u00a0\u00bbno\u00a0\u00bb type=\u00a0\u00bbgrid\u00a0\u00bb parallax_content_width=\u00a0\u00bbin_grid\u00a0\u00bb angled_section=\u00a0\u00bbno\u00a0\u00bb angled_section_position=\u00a0\u00bbboth\u00a0\u00bb angled_section_direction=\u00a0\u00bbfrom_left_to_right\u00a0\u00bb text_align=\u00a0\u00bbleft\u00a0\u00bb background_image_as_pattern=\u00a0\u00bbwithout_pattern\u00a0\u00bb row_negative_margin=\u00a0\u00bb\u00a0\u00bb padding_top=\u00a0\u00bb40&Prime; padding_bottom=\u00a0\u00bb40&Prime; background_image=\u00a0\u00bb15182&Prime;][vc_column width=\u00a0\u00bb1\/1&Prime;][vc_column_text]<\/p>\n<h3 style=\"text-align: center; color: #ffffff;\">Gestion financi\u00e8re professionnelle<\/h3>\n<h3 style=\"text-align: center; color: #ffffff;\">24|7 au service des entrepreneurs dans la gestion courante des entreprises<\/h3>\n<h3 style=\"text-align: center; color: #ffffff; line-height: 2;\">D\u00e9couvrez comment, <a style=\"color: #ffffff;\" href=\"http:\/\/www.24sete.pt\/fr\/contacts\/\"><u>Contactez-nous !<\/u><\/a><\/h3>\n<p>[\/vc_column_text][\/vc_column][\/vc_row]<\/p>\n","protected":false},"excerpt":{"rendered":"<p>[vc_row row_type=\u00a0\u00bbrow\u00a0\u00bb type=\u00a0\u00bbgrid\u00a0\u00bb text_align=\u00a0\u00bbleft\u00a0\u00bb padding_top=\u00a0\u00bb40&Prime; padding_bottom=\u00a0\u00bb0&Prime; anchor=\u00a0\u00bbportfolio\u00a0\u00bb content_menu_title=\u00a0\u00bbPortfolio List\u00a0\u00bb content_menu_icon=\u00a0\u00bbfa-list\u00a0\u00bb background_color=\u00a0\u00bb#ffffff\u00a0\u00bb border_color=\u00a0\u00bb#eeeeee\u00a0\u00bb use_row_as_full_screen_section=\u00a0\u00bbno\u00a0\u00bb parallax_content_width=\u00a0\u00bbin_grid\u00a0\u00bb angled_section=\u00a0\u00bbno\u00a0\u00bb angled_section_position=\u00a0\u00bbboth\u00a0\u00bb angled_section_direction=\u00a0\u00bbfrom_left_to_right\u00a0\u00bb background_image_as_pattern=\u00a0\u00bbwithout_pattern\u00a0\u00bb row_negative_margin=\u00a0\u00bb\u00a0\u00bb][vc_column width=\u00a0\u00bb5\/6&Prime; css=\u00a0\u00bb.vc_custom_1438014822638{padding-bottom: 40px !important;}\u00a0\u00bb][vc_column_text css=\u00a0\u00bb.vc_custom_1441712714123{padding-top: 20px !important;}\u00a0\u00bb]La gestion financi\u00e8re est l\u2019un des domaines traditionnels et fonctionnels de la gestion, pr\u00e9sente dans toute organisation et \u00e9tant responsable&#8230;<\/p>\n","protected":false},"author":8,"featured_media":0,"parent":19066,"menu_order":0,"comment_status":"open","ping_status":"open","template":"full_width.php","meta":{"footnotes":""},"class_list":["post-19092","page","type-page","status-publish","hentry"],"yoast_head":"<!-- This site is optimized with the Yoast SEO plugin v25.6 - https:\/\/yoast.com\/wordpress\/plugins\/seo\/ -->\n<title>Gestion Financi\u00e8re - 24sete<\/title>\n<meta name=\"robots\" content=\"index, follow, max-snippet:-1, max-image-preview:large, max-video-preview:-1\" \/>\n<link rel=\"canonical\" href=\"https:\/\/24sete.pt\/servicos\/gestao-financeira\/\" \/>\n<meta property=\"og:locale\" content=\"fr_FR\" \/>\n<meta property=\"og:type\" content=\"article\" \/>\n<meta property=\"og:title\" content=\"Gestion Financi\u00e8re - 24sete\" \/>\n<meta property=\"og:description\" content=\"[vc_row row_type=\u00a0\u00bbrow\u00a0\u00bb type=\u00a0\u00bbgrid\u00a0\u00bb text_align=\u00a0\u00bbleft\u00a0\u00bb padding_top=\u00a0\u00bb40&Prime; padding_bottom=\u00a0\u00bb0&Prime; anchor=\u00a0\u00bbportfolio\u00a0\u00bb content_menu_title=\u00a0\u00bbPortfolio List\u00a0\u00bb content_menu_icon=\u00a0\u00bbfa-list\u00a0\u00bb background_color=\u00a0\u00bb#ffffff\u00a0\u00bb border_color=\u00a0\u00bb#eeeeee\u00a0\u00bb use_row_as_full_screen_section=\u00a0\u00bbno\u00a0\u00bb parallax_content_width=\u00a0\u00bbin_grid\u00a0\u00bb angled_section=\u00a0\u00bbno\u00a0\u00bb angled_section_position=\u00a0\u00bbboth\u00a0\u00bb angled_section_direction=\u00a0\u00bbfrom_left_to_right\u00a0\u00bb background_image_as_pattern=\u00a0\u00bbwithout_pattern\u00a0\u00bb row_negative_margin=\u00a0\u00bb\u00a0\u00bb][vc_column width=\u00a0\u00bb5\/6&Prime; css=\u00a0\u00bb.vc_custom_1438014822638{padding-bottom: 40px !important;}\u00a0\u00bb][vc_column_text css=\u00a0\u00bb.vc_custom_1441712714123{padding-top: 20px !important;}\u00a0\u00bb]La gestion financi\u00e8re est l\u2019un des domaines traditionnels et fonctionnels de la gestion, pr\u00e9sente dans toute organisation et \u00e9tant responsable...\" \/>\n<meta property=\"og:url\" content=\"https:\/\/24sete.pt\/servicos\/gestao-financeira\/\" \/>\n<meta property=\"og:site_name\" content=\"24sete\" \/>\n<meta property=\"article:modified_time\" content=\"2015-09-11T16:50:30+00:00\" \/>\n<meta name=\"twitter:card\" content=\"summary_large_image\" \/>\n<meta name=\"twitter:label1\" content=\"Dur\u00e9e de lecture estim\u00e9e\" \/>\n\t<meta name=\"twitter:data1\" content=\"5 minutes\" \/>\n<script type=\"application\/ld+json\" class=\"yoast-schema-graph\">{\"@context\":\"https:\/\/schema.org\",\"@graph\":[{\"@type\":\"WebPage\",\"@id\":\"https:\/\/24sete.pt\/servicos\/gestao-financeira\/\",\"url\":\"https:\/\/24sete.pt\/servicos\/gestao-financeira\/\",\"name\":\"Gestion Financi\u00e8re - 24sete\",\"isPartOf\":{\"@id\":\"https:\/\/24sete.pt\/#website\"},\"datePublished\":\"2015-08-17T09:44:51+00:00\",\"dateModified\":\"2015-09-11T16:50:30+00:00\",\"breadcrumb\":{\"@id\":\"https:\/\/24sete.pt\/servicos\/gestao-financeira\/#breadcrumb\"},\"inLanguage\":\"fr-FR\",\"potentialAction\":[{\"@type\":\"ReadAction\",\"target\":[\"https:\/\/24sete.pt\/servicos\/gestao-financeira\/\"]}]},{\"@type\":\"BreadcrumbList\",\"@id\":\"https:\/\/24sete.pt\/servicos\/gestao-financeira\/#breadcrumb\",\"itemListElement\":[{\"@type\":\"ListItem\",\"position\":1,\"name\":\"In\u00edcio\",\"item\":\"https:\/\/24sete.pt\/fr\/\"},{\"@type\":\"ListItem\",\"position\":2,\"name\":\"Services\",\"item\":\"https:\/\/24sete.pt\/fr\/services\/\"},{\"@type\":\"ListItem\",\"position\":3,\"name\":\"Gestion Financi\u00e8re\"}]},{\"@type\":\"WebSite\",\"@id\":\"https:\/\/24sete.pt\/#website\",\"url\":\"https:\/\/24sete.pt\/\",\"name\":\"24sete\",\"description\":\"Accounting, Advisory, strategy\",\"potentialAction\":[{\"@type\":\"SearchAction\",\"target\":{\"@type\":\"EntryPoint\",\"urlTemplate\":\"https:\/\/24sete.pt\/?s={search_term_string}\"},\"query-input\":{\"@type\":\"PropertyValueSpecification\",\"valueRequired\":true,\"valueName\":\"search_term_string\"}}],\"inLanguage\":\"fr-FR\"}]}<\/script>\n<!-- \/ Yoast SEO plugin. -->","yoast_head_json":{"title":"Gestion Financi\u00e8re - 24sete","robots":{"index":"index","follow":"follow","max-snippet":"max-snippet:-1","max-image-preview":"max-image-preview:large","max-video-preview":"max-video-preview:-1"},"canonical":"https:\/\/24sete.pt\/servicos\/gestao-financeira\/","og_locale":"fr_FR","og_type":"article","og_title":"Gestion Financi\u00e8re - 24sete","og_description":"[vc_row row_type=\u00a0\u00bbrow\u00a0\u00bb type=\u00a0\u00bbgrid\u00a0\u00bb text_align=\u00a0\u00bbleft\u00a0\u00bb padding_top=\u00a0\u00bb40&Prime; padding_bottom=\u00a0\u00bb0&Prime; anchor=\u00a0\u00bbportfolio\u00a0\u00bb content_menu_title=\u00a0\u00bbPortfolio List\u00a0\u00bb content_menu_icon=\u00a0\u00bbfa-list\u00a0\u00bb background_color=\u00a0\u00bb#ffffff\u00a0\u00bb border_color=\u00a0\u00bb#eeeeee\u00a0\u00bb use_row_as_full_screen_section=\u00a0\u00bbno\u00a0\u00bb parallax_content_width=\u00a0\u00bbin_grid\u00a0\u00bb angled_section=\u00a0\u00bbno\u00a0\u00bb angled_section_position=\u00a0\u00bbboth\u00a0\u00bb angled_section_direction=\u00a0\u00bbfrom_left_to_right\u00a0\u00bb background_image_as_pattern=\u00a0\u00bbwithout_pattern\u00a0\u00bb row_negative_margin=\u00a0\u00bb\u00a0\u00bb][vc_column width=\u00a0\u00bb5\/6&Prime; css=\u00a0\u00bb.vc_custom_1438014822638{padding-bottom: 40px !important;}\u00a0\u00bb][vc_column_text css=\u00a0\u00bb.vc_custom_1441712714123{padding-top: 20px !important;}\u00a0\u00bb]La gestion financi\u00e8re est l\u2019un des domaines traditionnels et fonctionnels de la gestion, pr\u00e9sente dans toute organisation et \u00e9tant responsable...","og_url":"https:\/\/24sete.pt\/servicos\/gestao-financeira\/","og_site_name":"24sete","article_modified_time":"2015-09-11T16:50:30+00:00","twitter_card":"summary_large_image","twitter_misc":{"Dur\u00e9e de lecture estim\u00e9e":"5 minutes"},"schema":{"@context":"https:\/\/schema.org","@graph":[{"@type":"WebPage","@id":"https:\/\/24sete.pt\/servicos\/gestao-financeira\/","url":"https:\/\/24sete.pt\/servicos\/gestao-financeira\/","name":"Gestion Financi\u00e8re - 24sete","isPartOf":{"@id":"https:\/\/24sete.pt\/#website"},"datePublished":"2015-08-17T09:44:51+00:00","dateModified":"2015-09-11T16:50:30+00:00","breadcrumb":{"@id":"https:\/\/24sete.pt\/servicos\/gestao-financeira\/#breadcrumb"},"inLanguage":"fr-FR","potentialAction":[{"@type":"ReadAction","target":["https:\/\/24sete.pt\/servicos\/gestao-financeira\/"]}]},{"@type":"BreadcrumbList","@id":"https:\/\/24sete.pt\/servicos\/gestao-financeira\/#breadcrumb","itemListElement":[{"@type":"ListItem","position":1,"name":"In\u00edcio","item":"https:\/\/24sete.pt\/fr\/"},{"@type":"ListItem","position":2,"name":"Services","item":"https:\/\/24sete.pt\/fr\/services\/"},{"@type":"ListItem","position":3,"name":"Gestion Financi\u00e8re"}]},{"@type":"WebSite","@id":"https:\/\/24sete.pt\/#website","url":"https:\/\/24sete.pt\/","name":"24sete","description":"Accounting, Advisory, strategy","potentialAction":[{"@type":"SearchAction","target":{"@type":"EntryPoint","urlTemplate":"https:\/\/24sete.pt\/?s={search_term_string}"},"query-input":{"@type":"PropertyValueSpecification","valueRequired":true,"valueName":"search_term_string"}}],"inLanguage":"fr-FR"}]}},"_links":{"self":[{"href":"https:\/\/24sete.pt\/fr\/wp-json\/wp\/v2\/pages\/19092","targetHints":{"allow":["GET"]}}],"collection":[{"href":"https:\/\/24sete.pt\/fr\/wp-json\/wp\/v2\/pages"}],"about":[{"href":"https:\/\/24sete.pt\/fr\/wp-json\/wp\/v2\/types\/page"}],"author":[{"embeddable":true,"href":"https:\/\/24sete.pt\/fr\/wp-json\/wp\/v2\/users\/8"}],"replies":[{"embeddable":true,"href":"https:\/\/24sete.pt\/fr\/wp-json\/wp\/v2\/comments?post=19092"}],"version-history":[{"count":0,"href":"https:\/\/24sete.pt\/fr\/wp-json\/wp\/v2\/pages\/19092\/revisions"}],"up":[{"embeddable":true,"href":"https:\/\/24sete.pt\/fr\/wp-json\/wp\/v2\/pages\/19066"}],"wp:attachment":[{"href":"https:\/\/24sete.pt\/fr\/wp-json\/wp\/v2\/media?parent=19092"}],"curies":[{"name":"wp","href":"https:\/\/api.w.org\/{rel}","templated":true}]}}